{"id":154058,"date":"2021-01-15T14:22:15","date_gmt":"2021-01-15T14:22:15","guid":{"rendered":"https:\/\/codengine3.ch\/?product=import-placeholder-for-203346"},"modified":"2024-03-25T14:49:39","modified_gmt":"2024-03-25T13:49:39","slug":"el-pirineo-oriental-entre-el-4-y-el-6b","status":"publish","type":"product","link":"https:\/\/pizbube.ch\/en\/shop\/el-pirineo-oriental-entre-el-4-y-el-6b\/","title":{"rendered":"El Pirineo oriental entre el 4 y el 6b"},"content":{"rendered":"<p>45 escaladas entre el 4 y el 6b: En este volumen encontrar\u00e1s una selecci\u00f3n con<br \/>\nlas 45 mejores v\u00edas de escalada del Pirineo oriental; itinerarios muy<br \/>\ndiferentes entre s\u00ed, pero que tienen como nexo de uni\u00f3n una dificultad<br \/>\nmoderada (hasta 6b). En cada v\u00eda propuesta encontrar\u00e1s toda la informaci\u00f3n<br \/>\npr\u00e1ctica necesaria para planificar tus escaladas.<\/p>\n<p>Zonas de escalada: Macizo de Ari\u00e8ge, La Dent d&#8217;Orlu, Cinglera dels Esplovins,<br \/>\nAndorra, Serra d&#8217;Od\u00e8n, Roca Gran d&#8217;en Ferr\u00fas, Macizo de Pedraforca, Serra del<br \/>\nCad\u00ed, Ripoll\u00e8s, Macizo de Canig\u00f3<\/p>","protected":false},"excerpt":{"rendered":"<p>45 escaladas entre el 4 y el 6b: En este volumen encontrar\u00e1s una selecci\u00f3n con las 45 mejores v\u00edas de escalada del Pirineo oriental; itinerarios muy diferentes entre s\u00ed, pero que tienen como nexo de uni\u00f3n una dificultad moderada (hasta 6b). En cada v\u00eda propuesta encontrar\u00e1s toda la informaci\u00f3n pr\u00e1ctica necesaria para planificar tus escaladas. [&#8230;]\n","protected":false},"featured_media":30933,"template":"","meta":[],"product_brand":[],"product_cat":[21539],"product_tag":[],"class_list":{"0":"post-154058","1":"product","2":"type-product","3":"status-publish","4":"has-post-thumbnail","6":"product_cat-fuehrerliteratur-sportklettern-bouldern","7":"pa_autor-uriz","8":"pa_erscheinungsjahr-21920","9":"pa_region-spanien","10":"pa_sprache-sp","12":"first","13":"outofstock","14":"taxable","15":"shipping-taxable","16":"purchasable","17":"product-type-simple"},"_links":{"self":[{"href":"https:\/\/pizbube.ch\/en\/wp-json\/wp\/v2\/product\/154058","targetHints":{"allow":["GET"]}}],"collection":[{"href":"https:\/\/pizbube.ch\/en\/wp-json\/wp\/v2\/product"}],"about":[{"href":"https:\/\/pizbube.ch\/en\/wp-json\/wp\/v2\/types\/product"}],"wp:featuredmedia":[{"embeddable":true,"href":"https:\/\/pizbube.ch\/en\/wp-json\/wp\/v2\/media\/30933"}],"wp:attachment":[{"href":"https:\/\/pizbube.ch\/en\/wp-json\/wp\/v2\/media?parent=154058"}],"wp:term":[{"taxonomy":"product_brand","embeddable":true,"href":"https:\/\/pizbube.ch\/en\/wp-json\/wp\/v2\/product_brand?post=154058"},{"taxonomy":"product_cat","embeddable":true,"href":"https:\/\/pizbube.ch\/en\/wp-json\/wp\/v2\/product_cat?post=154058"},{"taxonomy":"product_tag","embeddable":true,"href":"https:\/\/pizbube.ch\/en\/wp-json\/wp\/v2\/product_tag?post=154058"}],"curies":[{"name":"wp","href":"https:\/\/api.w.org\/{rel}","templated":true}]}}