{"id":154062,"date":"2021-01-15T14:22:22","date_gmt":"2021-01-15T14:22:22","guid":{"rendered":"https:\/\/codengine3.ch\/?product=import-placeholder-for-203356"},"modified":"2021-01-15T14:22:27","modified_gmt":"2021-01-15T14:22:27","slug":"albarracin-boulderfuehrer-bouldering-guide","status":"publish","type":"product","link":"https:\/\/pizbube.ch\/en\/shop\/albarracin-boulderfuehrer-bouldering-guide\/","title":{"rendered":"ALBARRACIN Boulderf\u00fchrer &#8211; Bouldering guide"},"content":{"rendered":"<p>Der F\u00fchrer beschreibt alle bisher bekannten Gebiete, darunter auch viele neue<br \/>\n(Tierra media, La Fuente, Valle de la madera&#8230;). Viele farbig gestaltete<br \/>\nLagepl\u00e4ne vereinfachen das Auffinden der Bl\u00f6cke. Eine Gesamt\u00fcbersicht am<br \/>\nAnfang des F\u00fchrers mit H\u00f6henlinien sollte die derzeit beste Landkarte der<br \/>\nGegend um Albarracin sein. Nat\u00fcrlich wurde die komplizierte<br \/>\nNaturschutzproblematik ber\u00fccksichtigt. Eine extra Karte mit der Zonierung und<br \/>\nunz\u00e4hlige Hinweise zu den Sperrungen sind im F\u00fchrer enthalten. Jeder Weg<br \/>\nerhielt nun einen Namen. Ca. 100 Farbfotos runden das Gesamterscheinungsbild<br \/>\nab. Einige Geschichten \u00fcber das Gebiet sowie eine Vorstellung der Stadt und<br \/>\nihrer Geschichte bringen dem Leser die Gegend nahe.<br \/>\n1300 Boulder, viele Lagepl\u00e4ne, Fotos von jedem Boulder, 100 Farbfotos,<br \/>\n3-sprachig (deutsch, englisch, spanisch); 376 Seiten  <\/p>\n<p>The guide describes all known areas, as well as many new ones (Tierra media,<br \/>\nLa fuente, Valle de la madera&#8230;). Many colored designed maps simplify the<br \/>\nlocating of the blocks. An overall view with high lines at the beginning of<br \/>\nthe guide should be the currently best map of the area around Albarracin. Of<br \/>\ncourse, the complicated nature protection issues were bear in mind. An extra<br \/>\nmap with the zonation and countless references to the blockings are included<br \/>\nin the guide. Each route was given a name. About 100 colored photographs round<br \/>\nout the general view. Some stories about the area and a presentation of the<br \/>\ncity and its history, give the reader an understanding of the area.  <\/p>","protected":false},"excerpt":{"rendered":"<p>Der F\u00fchrer beschreibt alle bisher bekannten Gebiete, darunter auch viele neue (Tierra media, La Fuente, Valle de la madera&#8230;). Viele farbig gestaltete Lagepl\u00e4ne vereinfachen das Auffinden der Bl\u00f6cke. Eine Gesamt\u00fcbersicht am Anfang des F\u00fchrers mit H\u00f6henlinien sollte die derzeit beste Landkarte der Gegend um Albarracin sein. Nat\u00fcrlich wurde die komplizierte Naturschutzproblematik ber\u00fccksichtigt. Eine extra Karte [&#8230;]\n","protected":false},"featured_media":30945,"template":"","meta":[],"product_brand":[],"product_cat":[21539],"product_tag":[],"class_list":{"0":"post-154062","1":"product","2":"type-product","3":"status-publish","4":"has-post-thumbnail","6":"product_cat-fuehrerliteratur-sportklettern-bouldern","7":"pa_autor-schmeisser","8":"pa_erscheinungsjahr-21610","9":"pa_region-spanien","10":"pa_sprache-d","11":"pa_sprache-e","12":"pa_sprache-sp","14":"first","15":"outofstock","16":"taxable","17":"shipping-taxable","18":"purchasable","19":"product-type-simple"},"_links":{"self":[{"href":"https:\/\/pizbube.ch\/en\/wp-json\/wp\/v2\/product\/154062","targetHints":{"allow":["GET"]}}],"collection":[{"href":"https:\/\/pizbube.ch\/en\/wp-json\/wp\/v2\/product"}],"about":[{"href":"https:\/\/pizbube.ch\/en\/wp-json\/wp\/v2\/types\/product"}],"wp:featuredmedia":[{"embeddable":true,"href":"https:\/\/pizbube.ch\/en\/wp-json\/wp\/v2\/media\/30945"}],"wp:attachment":[{"href":"https:\/\/pizbube.ch\/en\/wp-json\/wp\/v2\/media?parent=154062"}],"wp:term":[{"taxonomy":"product_brand","embeddable":true,"href":"https:\/\/pizbube.ch\/en\/wp-json\/wp\/v2\/product_brand?post=154062"},{"taxonomy":"product_cat","embeddable":true,"href":"https:\/\/pizbube.ch\/en\/wp-json\/wp\/v2\/product_cat?post=154062"},{"taxonomy":"product_tag","embeddable":true,"href":"https:\/\/pizbube.ch\/en\/wp-json\/wp\/v2\/product_tag?post=154062"}],"curies":[{"name":"wp","href":"https:\/\/api.w.org\/{rel}","templated":true}]}}