{"id":154066,"date":"2021-01-15T14:22:22","date_gmt":"2021-01-15T14:22:22","guid":{"rendered":"https:\/\/codengine3.ch\/?product=import-placeholder-for-205379"},"modified":"2021-01-15T14:40:47","modified_gmt":"2021-01-15T14:40:47","slug":"steinreich-kletter-und-boulderfuehrer-thueringen","status":"publish","type":"product","link":"https:\/\/pizbube.ch\/en\/shop\/steinreich-kletter-und-boulderfuehrer-thueringen\/","title":{"rendered":"SteinReich &#8211; Kletter- und Boulderf\u00fchrer Th\u00fcringen"},"content":{"rendered":"<p>Kletterf\u00fchrer Th\u00fcringen &#8211; ein fettes Teil mit Boulderf\u00fchrer, Eiskletterf\u00fchrer<br \/>\nund vielen neuen Routen aus dem ganzen Freistaat. Voll farbig und ganz sch\u00f6n<br \/>\ndick kommt er daher. Mit dabei: das neue Th\u00fcringer Prunkst\u00fcck H\u00fclloch!  <\/p>\n<p>Wenn Th\u00fcringen in der Vergangenheit besonders durch seinen leicht &#8218;knusprigen&#8216;<br \/>\nPorphyr bekannt war, so hat sich dieses Bild inzwischen erheblich gewandelt:<br \/>\nangefangen von den familienfreundlichen Genussklettergebieten wie Lauchagrund<br \/>\noder Ratssteinbruch bei Ilmenau \u00fcber Breitbandklettergebiete wie den<br \/>\nKanzlersgrund bei Oberhof bis hin zum niegelnagelneuen Hardcoreziel H\u00fclloch<br \/>\nmit seinen athletischen Dachklettereien an Riesenhenkeln gibt es jetzt perfekt<br \/>\nabgesicherte Routen f\u00fcr jedes Level.  <\/p>\n<p>Egal ob Granit, Porphyr, Kalkstein, Schiefer oder Sandstein &#8211; im Land der<br \/>\nSteine ist f\u00fcr Kletterer und Boulderer alles vorhanden. Der integrierte<br \/>\nBoulderf\u00fchrer listet auf 90 Seiten alle neuen Gebiete auf &#8211; ein Muss f\u00fcr<br \/>\nMattentr\u00e4ger. Als special zeigt der Eiskletterf\u00fchrer, was auch in der kalten<br \/>\nJahreszeit so alles geht.  <\/p>","protected":false},"excerpt":{"rendered":"<p>Kletterf\u00fchrer Th\u00fcringen &#8211; ein fettes Teil mit Boulderf\u00fchrer, Eiskletterf\u00fchrer und vielen neuen Routen aus dem ganzen Freistaat. Voll farbig und ganz sch\u00f6n dick kommt er daher. Mit dabei: das neue Th\u00fcringer Prunkst\u00fcck H\u00fclloch! Wenn Th\u00fcringen in der Vergangenheit besonders durch seinen leicht &#8218;knusprigen&#8216; Porphyr bekannt war, so hat sich dieses Bild inzwischen erheblich gewandelt: angefangen [&#8230;]\n","protected":false},"featured_media":34065,"template":"","meta":[],"product_brand":[],"product_cat":[21539],"product_tag":[],"class_list":{"0":"post-154066","1":"product","2":"type-product","3":"status-publish","4":"has-post-thumbnail","6":"product_cat-fuehrerliteratur-sportklettern-bouldern","7":"pa_autor-hocke-uhlig","8":"pa_erscheinungsjahr-21591","9":"pa_region-deutschland","10":"pa_sprache-de","12":"first","13":"instock","14":"taxable","15":"shipping-taxable","16":"purchasable","17":"product-type-simple"},"_links":{"self":[{"href":"https:\/\/pizbube.ch\/en\/wp-json\/wp\/v2\/product\/154066","targetHints":{"allow":["GET"]}}],"collection":[{"href":"https:\/\/pizbube.ch\/en\/wp-json\/wp\/v2\/product"}],"about":[{"href":"https:\/\/pizbube.ch\/en\/wp-json\/wp\/v2\/types\/product"}],"wp:featuredmedia":[{"embeddable":true,"href":"https:\/\/pizbube.ch\/en\/wp-json\/wp\/v2\/media\/34065"}],"wp:attachment":[{"href":"https:\/\/pizbube.ch\/en\/wp-json\/wp\/v2\/media?parent=154066"}],"wp:term":[{"taxonomy":"product_brand","embeddable":true,"href":"https:\/\/pizbube.ch\/en\/wp-json\/wp\/v2\/product_brand?post=154066"},{"taxonomy":"product_cat","embeddable":true,"href":"https:\/\/pizbube.ch\/en\/wp-json\/wp\/v2\/product_cat?post=154066"},{"taxonomy":"product_tag","embeddable":true,"href":"https:\/\/pizbube.ch\/en\/wp-json\/wp\/v2\/product_tag?post=154066"}],"curies":[{"name":"wp","href":"https:\/\/api.w.org\/{rel}","templated":true}]}}