{"id":154067,"date":"2021-01-15T14:22:23","date_gmt":"2021-01-15T14:22:23","guid":{"rendered":"https:\/\/codengine3.ch\/?product=import-placeholder-for-207602"},"modified":"2021-06-15T12:53:53","modified_gmt":"2021-06-15T10:53:53","slug":"blocreich-boulderfuehrer-thueringen","status":"publish","type":"product","link":"https:\/\/pizbube.ch\/en\/shop\/blocreich-boulderfuehrer-thueringen\/","title":{"rendered":"BlocReich &#8211; Boulderf\u00fchrer Th\u00fcringen"},"content":{"rendered":"<p>Th\u00fcringen ist das Land der Gesteinsvielfalt! Von den H\u00f6hen des Th\u00fcringer<br \/>\nWaldes, der von Granit und Porphyr gekr\u00f6nt ist, geht es in die T\u00e4ler hinab, in<br \/>\ndenen wir Konglomeratklettereien finden, die in dieser Form und Steilheit<br \/>\nnirgendwo sonst in Deutschland zu finden sind. Doch das ist noch l\u00e4ngst nicht<br \/>\nalles, denn auch erstklassiger Lochkalk bietet sich den Fingerstrom-J\u00fcngern<br \/>\nan, sowohl im Westen des Freistaats (Bad Liebenstein), als auch im Osten um<br \/>\nSaalfeld und P\u00f6\u00dfneck.<\/p>\n<p>Doch auch der Norden muss sich nicht verstecken und verf\u00fcgt \u00fcber Sandstein<br \/>\nsatt. Das Eichsfeld, von dem bisher gar keine Kletterspots bekannt waren, ist<br \/>\nmit einem Paukenschlag auf die vertikale Landkarte Deutschlands ger\u00fcckt.<br \/>\nSchaut&#8217;s euch an, bringt die Matten mit und viel Spa\u00df beim Klettern in der<br \/>\nNatur!<\/p>\n<p>Beschriebene Gebiete:<\/p>\n<p>1. Eichsfeld<br \/>\n2 Eisenach<br \/>\n3 Bad Liebenstein<br \/>\n4 Ruhla<br \/>\n5 Hainfels \/ Finsterbergen<br \/>\n6 Trusetal<br \/>\n7 Tabarz mit Lauchagrund<br \/>\n8 Kanzlersgrund<br \/>\n9 Zella-Mehlis \/ Suhl<br \/>\n10 Tambach-Dietharz<br \/>\n11 Elgersburg<br \/>\n12 Rabensch\u00fcssel bei Jena<br \/>\n13 Saalfeld<br \/>\n14 Gangolfsberg (Rh\u00f6n)<\/p>\n<p>Ein zus\u00e4tzliches Indoorkapitel beschreibt alle Boulder- und Kletterhallen des<br \/>\nFreistaats (mit Bildern).<\/p>\n<p>Ein umfangreicher Anhang enth\u00e4lt die Top-22-Liste der Highend-Probleme bis<br \/>\nFb8b+. Ein glossar erkl\u00e4rt augenzwinkernd die wichtigsten Boulderfachbegriffe<br \/>\nund die Regenliste zeigt wettersichere Spots.<\/p>","protected":false},"excerpt":{"rendered":"<p>Th\u00fcringen ist das Land der Gesteinsvielfalt! Von den H\u00f6hen des Th\u00fcringer Waldes, der von Granit und Porphyr gekr\u00f6nt ist, geht es in die T\u00e4ler hinab, in denen wir Konglomeratklettereien finden, die in dieser Form und Steilheit nirgendwo sonst in Deutschland zu finden sind. Doch das ist noch l\u00e4ngst nicht alles, denn auch erstklassiger Lochkalk bietet [&#8230;]\n","protected":false},"featured_media":39600,"template":"","meta":[],"product_brand":[],"product_cat":[21539],"product_tag":[],"class_list":{"0":"post-154067","1":"product","2":"type-product","3":"status-publish","4":"has-post-thumbnail","6":"product_cat-fuehrerliteratur-sportklettern-bouldern","7":"pa_autor-hocke","8":"pa_erscheinungsjahr-21597","9":"pa_region-deutschland","10":"pa_sprache-de","12":"first","13":"onbackorder","14":"taxable","15":"shipping-taxable","16":"purchasable","17":"product-type-simple"},"_links":{"self":[{"href":"https:\/\/pizbube.ch\/en\/wp-json\/wp\/v2\/product\/154067","targetHints":{"allow":["GET"]}}],"collection":[{"href":"https:\/\/pizbube.ch\/en\/wp-json\/wp\/v2\/product"}],"about":[{"href":"https:\/\/pizbube.ch\/en\/wp-json\/wp\/v2\/types\/product"}],"wp:featuredmedia":[{"embeddable":true,"href":"https:\/\/pizbube.ch\/en\/wp-json\/wp\/v2\/media\/39600"}],"wp:attachment":[{"href":"https:\/\/pizbube.ch\/en\/wp-json\/wp\/v2\/media?parent=154067"}],"wp:term":[{"taxonomy":"product_brand","embeddable":true,"href":"https:\/\/pizbube.ch\/en\/wp-json\/wp\/v2\/product_brand?post=154067"},{"taxonomy":"product_cat","embeddable":true,"href":"https:\/\/pizbube.ch\/en\/wp-json\/wp\/v2\/product_cat?post=154067"},{"taxonomy":"product_tag","embeddable":true,"href":"https:\/\/pizbube.ch\/en\/wp-json\/wp\/v2\/product_tag?post=154067"}],"curies":[{"name":"wp","href":"https:\/\/api.w.org\/{rel}","templated":true}]}}