{"id":154068,"date":"2021-01-15T14:22:23","date_gmt":"2021-01-15T14:22:23","guid":{"rendered":"https:\/\/codengine3.ch\/?product=import-placeholder-for-204638"},"modified":"2021-07-20T10:02:12","modified_gmt":"2021-07-20T08:02:12","slug":"clemont-escalade-sur-le-massif-de-lomont","status":"publish","type":"product","link":"https:\/\/pizbube.ch\/en\/shop\/clemont-escalade-sur-le-massif-de-lomont\/","title":{"rendered":"Cl\u00e9mont &#8211; Escalade sur le massif de Lomont"},"content":{"rendered":"<p>Apr\u00e8s l&#8217;\u00e9quipement du site de Rurey dans le sud du d\u00e9partement et l&#8217;\u00e9dition de<br \/>\nson topo en 2014, c&#8217;est cette fois ci plus au nord que le Comit\u00e9 d\u00e9partemental<br \/>\nvous d\u00e9voile son dernier bijou calcaire : le site de Cl\u00e9mont, et bien sur, son<br \/>\ntopo qui vous permettra d&#8217;y grimper en toute s\u00e9r\u00e9nit\u00e9 &#8230; Plus de 70 voies<br \/>\nvous y attendent du 4c au 8 et des brouettes de grattons dans 6 secteurs<br \/>\ndiff\u00e9rents.<\/p>\n<p>Situ\u00e9 sur le plateau paisible et verdoyant de la commune de Mont\u00e9cheroux, le<br \/>\nsite d&#8217;escalade de Cl\u00e9mont offre une vue imprenable sur la vall\u00e9e du Doubs et<br \/>\nses contreforts ainsi que les \u00e9oliennes du Lomont. Il fait partie des nouveaux<br \/>\nsites qui ont \u00e9t\u00e9 \u00e9quip\u00e9s dans le cadre du plan de d\u00e9veloppement des sites<br \/>\nnaturels d&#8217;escalade mis en place n 2008 par le Comit\u00e9 d\u00e9partemental.<\/p>\n<p>En effet, apr\u00e8s de nombreuses ann\u00e9es d&#8217;oubli, il retrouve une seconde jeunesse<br \/>\nsuite au r\u00e9\u00e9quipement d&#8217;une dizaine de voies anciennes et \u00e0 l&#8217;\u00e9quipement de<br \/>\nnouvelles lignes. Les 70 voies du 4c au projet non r\u00e9alis\u00e9 avec une majorit\u00e9<br \/>\nde voies dans le 6 et 7\u00e8me degr\u00e9 parcourent un calcaire compact aux<br \/>\npr\u00e9hensions vari\u00e9es o\u00f9 les r\u00e9glettes, de part la pr\u00e9sence de nombreuses<br \/>\nstrates, sont l\u00e9gions.<\/p>\n<p>Ce site vient diversifier et augmenter le potentiel<br \/>\ngrimpe du d\u00e9partement qui avec plus de 2300 voies attire d\u00e9j\u00e0 bon nombre de<br \/>\ngrimpeurs des d\u00e9partements et pays voisins.<\/p>","protected":false},"excerpt":{"rendered":"<p>Apr\u00e8s l&#8217;\u00e9quipement du site de Rurey dans le sud du d\u00e9partement et l&#8217;\u00e9dition de son topo en 2014, c&#8217;est cette fois ci plus au nord que le Comit\u00e9 d\u00e9partemental vous d\u00e9voile son dernier bijou calcaire : le site de Cl\u00e9mont, et bien sur, son topo qui vous permettra d&#8217;y grimper en toute s\u00e9r\u00e9nit\u00e9 &#8230; Plus [&#8230;]\n","protected":false},"featured_media":32863,"template":"","meta":[],"product_brand":[],"product_cat":[21539],"product_tag":[],"class_list":{"0":"post-154068","1":"product","2":"type-product","3":"status-publish","4":"has-post-thumbnail","6":"product_cat-fuehrerliteratur-sportklettern-bouldern","7":"pa_autor-blanchon-paillard","8":"pa_erscheinungsjahr-21597","9":"pa_region-frankreich","10":"pa_sprache-fr","12":"first","13":"onbackorder","14":"taxable","15":"shipping-taxable","16":"purchasable","17":"product-type-simple"},"_links":{"self":[{"href":"https:\/\/pizbube.ch\/en\/wp-json\/wp\/v2\/product\/154068","targetHints":{"allow":["GET"]}}],"collection":[{"href":"https:\/\/pizbube.ch\/en\/wp-json\/wp\/v2\/product"}],"about":[{"href":"https:\/\/pizbube.ch\/en\/wp-json\/wp\/v2\/types\/product"}],"wp:featuredmedia":[{"embeddable":true,"href":"https:\/\/pizbube.ch\/en\/wp-json\/wp\/v2\/media\/32863"}],"wp:attachment":[{"href":"https:\/\/pizbube.ch\/en\/wp-json\/wp\/v2\/media?parent=154068"}],"wp:term":[{"taxonomy":"product_brand","embeddable":true,"href":"https:\/\/pizbube.ch\/en\/wp-json\/wp\/v2\/product_brand?post=154068"},{"taxonomy":"product_cat","embeddable":true,"href":"https:\/\/pizbube.ch\/en\/wp-json\/wp\/v2\/product_cat?post=154068"},{"taxonomy":"product_tag","embeddable":true,"href":"https:\/\/pizbube.ch\/en\/wp-json\/wp\/v2\/product_tag?post=154068"}],"curies":[{"name":"wp","href":"https:\/\/api.w.org\/{rel}","templated":true}]}}