{"id":154069,"date":"2021-01-15T14:22:23","date_gmt":"2021-01-15T14:22:23","guid":{"rendered":"https:\/\/codengine3.ch\/?product=import-placeholder-for-203363"},"modified":"2022-05-07T12:16:10","modified_gmt":"2022-05-07T10:16:10","slug":"escalade-dans-le-puy-de-dome","status":"publish","type":"product","link":"https:\/\/pizbube.ch\/en\/shop\/escalade-dans-le-puy-de-dome\/","title":{"rendered":"Escalade dans le Puy-de-D\u00f4me"},"content":{"rendered":"<p>L&#8217;escalade dans le Puy-de-D\u00f4me (Auvergne) vous offre de nombreuses voies<br \/>\n\u00e9quip\u00e9es.<\/p>\n<p>Que ce soit sur les roches volcaniques des sites naturels pr\u00e9serv\u00e9s du massif<br \/>\ndu Sancy, sur les sites proches des cr\u00eates du Forez ou dans les Combrailles,<br \/>\nelles offriront aux d\u00e9butants comme aux grimpeurs confirm\u00e9s de belles<br \/>\nsensations et cette harmonie recherch\u00e9e avec la nature.<\/p>\n<p>206 P.<\/p>","protected":false},"excerpt":{"rendered":"<p>L&#8217;escalade dans le Puy-de-D\u00f4me (Auvergne) vous offre de nombreuses voies \u00e9quip\u00e9es. Que ce soit sur les roches volcaniques des sites naturels pr\u00e9serv\u00e9s du massif du Sancy, sur les sites proches des cr\u00eates du Forez ou dans les Combrailles, elles offriront aux d\u00e9butants comme aux grimpeurs confirm\u00e9s de belles sensations et cette harmonie recherch\u00e9e avec la [&#8230;]\n","protected":false},"featured_media":30952,"template":"","meta":[],"product_brand":[],"product_cat":[21539],"product_tag":[],"class_list":{"0":"post-154069","1":"product","2":"type-product","3":"status-publish","4":"has-post-thumbnail","6":"product_cat-fuehrerliteratur-sportklettern-bouldern","7":"pa_autor-ffme","8":"pa_erscheinungsjahr-22292","9":"pa_region-frankreich","10":"pa_sprache-fr","12":"first","13":"outofstock","14":"taxable","15":"shipping-taxable","16":"purchasable","17":"product-type-simple"},"_links":{"self":[{"href":"https:\/\/pizbube.ch\/en\/wp-json\/wp\/v2\/product\/154069","targetHints":{"allow":["GET"]}}],"collection":[{"href":"https:\/\/pizbube.ch\/en\/wp-json\/wp\/v2\/product"}],"about":[{"href":"https:\/\/pizbube.ch\/en\/wp-json\/wp\/v2\/types\/product"}],"wp:featuredmedia":[{"embeddable":true,"href":"https:\/\/pizbube.ch\/en\/wp-json\/wp\/v2\/media\/30952"}],"wp:attachment":[{"href":"https:\/\/pizbube.ch\/en\/wp-json\/wp\/v2\/media?parent=154069"}],"wp:term":[{"taxonomy":"product_brand","embeddable":true,"href":"https:\/\/pizbube.ch\/en\/wp-json\/wp\/v2\/product_brand?post=154069"},{"taxonomy":"product_cat","embeddable":true,"href":"https:\/\/pizbube.ch\/en\/wp-json\/wp\/v2\/product_cat?post=154069"},{"taxonomy":"product_tag","embeddable":true,"href":"https:\/\/pizbube.ch\/en\/wp-json\/wp\/v2\/product_tag?post=154069"}],"curies":[{"name":"wp","href":"https:\/\/api.w.org\/{rel}","templated":true}]}}