{"id":154070,"date":"2021-01-15T14:22:23","date_gmt":"2021-01-15T14:22:23","guid":{"rendered":"https:\/\/codengine3.ch\/?product=import-placeholder-for-204525"},"modified":"2023-04-18T10:44:07","modified_gmt":"2023-04-18T08:44:07","slug":"topo-escalade-63","status":"publish","type":"product","link":"https:\/\/pizbube.ch\/en\/shop\/topo-escalade-63\/","title":{"rendered":"Topo Escalade 63"},"content":{"rendered":"<p>La parution de cette troisi\u00e8me \u00e9dition du topo guide est une excellente<br \/>\nnouvelle pour tous les amateurs d&#8217;escalade. Cet outil pr\u00e9cieux regroupe<br \/>\nl&#8217;ensemble des informations actualis\u00e9es relatives aux nombreux sites de<br \/>\npratique dans le d\u00e9partement du Puy-de-D\u00f4me.<\/p>\n<p>En rassemblant les informations et conseils notamment sur la s\u00e9curit\u00e9, les<br \/>\nacc\u00e8s aux lieux de pratique, les r\u00e9glementations en vigueur, les cotations, le<br \/>\ntopo guide appara\u00eet comme un outil essentiel qui permet aussi de d\u00e9couvrir les<br \/>\nmultiples richesses du territoire.<\/p>\n<p>221 pages; \u00e9dition 2016<\/p>","protected":false},"excerpt":{"rendered":"<p>La parution de cette troisi\u00e8me \u00e9dition du topo guide est une excellente nouvelle pour tous les amateurs d&#8217;escalade. Cet outil pr\u00e9cieux regroupe l&#8217;ensemble des informations actualis\u00e9es relatives aux nombreux sites de pratique dans le d\u00e9partement du Puy-de-D\u00f4me. En rassemblant les informations et conseils notamment sur la s\u00e9curit\u00e9, les acc\u00e8s aux lieux de pratique, les r\u00e9glementations [&#8230;]\n","protected":false},"featured_media":32565,"template":"","meta":[],"product_brand":[],"product_cat":[21539],"product_tag":[],"class_list":{"0":"post-154070","1":"product","2":"type-product","3":"status-publish","4":"has-post-thumbnail","6":"product_cat-fuehrerliteratur-sportklettern-bouldern","7":"pa_autor-ffme","8":"pa_erscheinungsjahr-21571","9":"pa_sprache-fr","11":"first","12":"outofstock","13":"taxable","14":"shipping-taxable","15":"purchasable","16":"product-type-simple"},"_links":{"self":[{"href":"https:\/\/pizbube.ch\/en\/wp-json\/wp\/v2\/product\/154070","targetHints":{"allow":["GET"]}}],"collection":[{"href":"https:\/\/pizbube.ch\/en\/wp-json\/wp\/v2\/product"}],"about":[{"href":"https:\/\/pizbube.ch\/en\/wp-json\/wp\/v2\/types\/product"}],"wp:featuredmedia":[{"embeddable":true,"href":"https:\/\/pizbube.ch\/en\/wp-json\/wp\/v2\/media\/32565"}],"wp:attachment":[{"href":"https:\/\/pizbube.ch\/en\/wp-json\/wp\/v2\/media?parent=154070"}],"wp:term":[{"taxonomy":"product_brand","embeddable":true,"href":"https:\/\/pizbube.ch\/en\/wp-json\/wp\/v2\/product_brand?post=154070"},{"taxonomy":"product_cat","embeddable":true,"href":"https:\/\/pizbube.ch\/en\/wp-json\/wp\/v2\/product_cat?post=154070"},{"taxonomy":"product_tag","embeddable":true,"href":"https:\/\/pizbube.ch\/en\/wp-json\/wp\/v2\/product_tag?post=154070"}],"curies":[{"name":"wp","href":"https:\/\/api.w.org\/{rel}","templated":true}]}}