{"id":154071,"date":"2021-01-15T14:22:23","date_gmt":"2021-01-15T14:22:23","guid":{"rendered":"https:\/\/codengine3.ch\/?product=import-placeholder-for-208382"},"modified":"2021-01-15T17:53:22","modified_gmt":"2021-01-15T17:53:22","slug":"escalade-haute-loire","status":"publish","type":"product","link":"https:\/\/pizbube.ch\/en\/shop\/escalade-haute-loire\/","title":{"rendered":"Escalade Haute Loire"},"content":{"rendered":"<p>\nCe document reste une photographie des diff\u00e9rents sites d&#8217;escalade de la<br \/>\nHaute-Loire (370 voies).<\/p>\n<p>Une photographie parce que r\u00e9guli\u00e8rement de nouvelles voies sont trac\u00e9es.<br \/>\nEt de nouveaux sites voient le jour comme le sites des cabarets, Serre de<br \/>\nLafarre de Monistrol d&#8217;Allier&#8230;  <\/p>\n<p>61 pages<\/p>","protected":false},"excerpt":{"rendered":"<p>Ce document reste une photographie des diff\u00e9rents sites d&#8217;escalade de la Haute-Loire (370 voies). Une photographie parce que r\u00e9guli\u00e8rement de nouvelles voies sont trac\u00e9es. Et de nouveaux sites voient le jour comme le sites des cabarets, Serre de Lafarre de Monistrol d&#8217;Allier&#8230; 61 pages<\/p>","protected":false},"featured_media":40046,"template":"","meta":[],"product_brand":[],"product_cat":[21539],"product_tag":[],"class_list":{"0":"post-154071","1":"product","2":"type-product","3":"status-publish","4":"has-post-thumbnail","6":"product_cat-fuehrerliteratur-sportklettern-bouldern","7":"pa_autor-poitevin-ffme","8":"pa_erscheinungsjahr-21550","9":"pa_region-frankreich","10":"pa_sprache-fr","12":"first","13":"outofstock","14":"taxable","15":"shipping-taxable","16":"purchasable","17":"product-type-simple"},"_links":{"self":[{"href":"https:\/\/pizbube.ch\/en\/wp-json\/wp\/v2\/product\/154071","targetHints":{"allow":["GET"]}}],"collection":[{"href":"https:\/\/pizbube.ch\/en\/wp-json\/wp\/v2\/product"}],"about":[{"href":"https:\/\/pizbube.ch\/en\/wp-json\/wp\/v2\/types\/product"}],"wp:featuredmedia":[{"embeddable":true,"href":"https:\/\/pizbube.ch\/en\/wp-json\/wp\/v2\/media\/40046"}],"wp:attachment":[{"href":"https:\/\/pizbube.ch\/en\/wp-json\/wp\/v2\/media?parent=154071"}],"wp:term":[{"taxonomy":"product_brand","embeddable":true,"href":"https:\/\/pizbube.ch\/en\/wp-json\/wp\/v2\/product_brand?post=154071"},{"taxonomy":"product_cat","embeddable":true,"href":"https:\/\/pizbube.ch\/en\/wp-json\/wp\/v2\/product_cat?post=154071"},{"taxonomy":"product_tag","embeddable":true,"href":"https:\/\/pizbube.ch\/en\/wp-json\/wp\/v2\/product_tag?post=154071"}],"curies":[{"name":"wp","href":"https:\/\/api.w.org\/{rel}","templated":true}]}}