{"id":154072,"date":"2021-01-15T14:22:24","date_gmt":"2021-01-15T14:22:24","guid":{"rendered":"https:\/\/codengine3.ch\/?product=import-placeholder-for-203742"},"modified":"2022-09-06T11:37:13","modified_gmt":"2022-09-06T09:37:13","slug":"auvergne","status":"publish","type":"product","link":"https:\/\/pizbube.ch\/en\/shop\/auvergne\/","title":{"rendered":"Auvergne \u2013 Massif Central,"},"content":{"rendered":"<p><span class=\"value\">Die Auvergne mit dem Massif Central ist das wilde, gr\u00fcne Herz Frankreichs. Erloschene Vulkankegel, \u00fcppige Weiden und der liebliche Flusslauf des Lot bieten Wanderern eine vielseitige Tourenregion. Der Rother Wanderf\u00fchrer \u00bbAuvergne mit Massif Central und Vall\u00e9e du Lot\u00ab stellt 58 abwechslungsreiche Wanderungen im Land der Vulkane vor.<\/span><\/p>\n<p>Abseits der Touristenstr\u00f6me konnte sich die Region mit ihren drei gro\u00dffl\u00e4chigen Naturparks ihren urspr\u00fcnglichen Charakter bewahren. Wanderwege leiten auf die Krater der erloschenen Vulkankegel der Monts D\u00f4me und der Monts Dore sowie in das Massiv des Cantal-Vulkans. Entlang des Jakobswegs f\u00fchren reizvolle Touren durch das Massif Central, wo Schl\u00f6sser, Kl\u00f6ster, romanische Kirchen und mittelalterliche St\u00e4dtchen die Wege s\u00e4umen. Zahlreiche Wanderungen lassen sich in den malerischen T\u00e4lern des Flusses Lot unternehmen, ebenso in den Hochebenen der Margeride und in den h\u00f6heren Gipfellagen des Aubrac-Massivs.<\/p>\n<p>Die Autorin Bettina Forst, seit vielen Jahren als Tourenbegleiterin f\u00fcr Wanderreisen im Massif Central unterwegs, hat f\u00fcr diesen Rother Wanderf\u00fchrer eine abwechslungsreiche Mischung von einfachen Spazierg\u00e4ngen, Panoramawanderungen und eindrucksvollen Gipfeltouren zusammengestellt. Jeder Tourenvorschlag verf\u00fcgt \u00fcber eine Kurzinfo mit allen wichtigen Angaben, eine genaue Wegbeschreibung, einen Kartenausschnitt mit eingezeichnetem Routenverlauf und ein aussagekr\u00e4ftiges H\u00f6henprofil. GPS-Tracks stehen auf der Internetseite des Verlags zum Download bereit.<br \/>\nDie vierte Auflage des Rother Wanderf\u00fchrers \u00bbAuvergne\u00ab wurde sorgf\u00e4ltig aktualisiert.<\/p>\n<p>184 Seiten; 58 H\u00f6henprofile, 58 Wanderk\u00e4rtchen im Ma\u00dfstab 1:50.000 und 1:75.000, zwei \u00dcbersichtskarten<br \/>\n4., vollst\u00e4ndig \u00fcberarbeitete Auflage 2022<\/p>","protected":false},"excerpt":{"rendered":"<ul>\n<li><a href=\"https:\/\/pizbube.ch\/wp-content\/uploads\/attachments\/a_030\/E65BFAC1A27A6FB802490124854DF707.pdf\" target=\"_blank\" rel=\"noopener\">PDF: Auvergne Inhalt<\/a><\/li>\n<\/ul>","protected":false},"featured_media":163450,"template":"","meta":[],"product_brand":[],"product_cat":[21605],"product_tag":[],"class_list":{"0":"post-154072","1":"product","2":"type-product","3":"status-publish","4":"has-post-thumbnail","6":"product_cat-wanderfuehrer-trekking","7":"pa_autor-forst","8":"pa_erscheinungsjahr-27013","9":"pa_region-frankreich","10":"pa_sprache-de","12":"first","13":"instock","14":"taxable","15":"shipping-taxable","16":"purchasable","17":"product-type-simple"},"_links":{"self":[{"href":"https:\/\/pizbube.ch\/en\/wp-json\/wp\/v2\/product\/154072","targetHints":{"allow":["GET"]}}],"collection":[{"href":"https:\/\/pizbube.ch\/en\/wp-json\/wp\/v2\/product"}],"about":[{"href":"https:\/\/pizbube.ch\/en\/wp-json\/wp\/v2\/types\/product"}],"wp:featuredmedia":[{"embeddable":true,"href":"https:\/\/pizbube.ch\/en\/wp-json\/wp\/v2\/media\/163450"}],"wp:attachment":[{"href":"https:\/\/pizbube.ch\/en\/wp-json\/wp\/v2\/media?parent=154072"}],"wp:term":[{"taxonomy":"product_brand","embeddable":true,"href":"https:\/\/pizbube.ch\/en\/wp-json\/wp\/v2\/product_brand?post=154072"},{"taxonomy":"product_cat","embeddable":true,"href":"https:\/\/pizbube.ch\/en\/wp-json\/wp\/v2\/product_cat?post=154072"},{"taxonomy":"product_tag","embeddable":true,"href":"https:\/\/pizbube.ch\/en\/wp-json\/wp\/v2\/product_tag?post=154072"}],"curies":[{"name":"wp","href":"https:\/\/api.w.org\/{rel}","templated":true}]}}