{"id":154073,"date":"2021-01-15T14:22:30","date_gmt":"2021-01-15T14:22:30","guid":{"rendered":"https:\/\/codengine3.ch\/?product=import-placeholder-for-204111"},"modified":"2021-08-27T12:50:22","modified_gmt":"2021-08-27T10:50:22","slug":"escalade-a-sainte-baume","status":"publish","type":"product","link":"https:\/\/pizbube.ch\/en\/shop\/escalade-a-sainte-baume\/","title":{"rendered":"Escalade \u00e0 Sainte-Baume"},"content":{"rendered":"<p>Ce site qui comprend, entre autre, le Pic de Bartagne (le plus haut sommet du<br \/>\nd\u00e9partement!), est l\u00e0 aussi assez sensible.<\/p>\n<p>La grimpe est autoris\u00e9 dans la<br \/>\nplupart des falaises, et seules quelques-unes, bien signal\u00e9es par des<br \/>\npanneaux, sont dans la zone de pr\u00e9servation des esp\u00e8ces sensibles et donc, \u00e0<br \/>\nce titre, interdites \u00e0 la grimpe.<\/p>","protected":false},"excerpt":{"rendered":"<p>Ce site qui comprend, entre autre, le Pic de Bartagne (le plus haut sommet du d\u00e9partement!), est l\u00e0 aussi assez sensible. La grimpe est autoris\u00e9 dans la plupart des falaises, et seules quelques-unes, bien signal\u00e9es par des panneaux, sont dans la zone de pr\u00e9servation des esp\u00e8ces sensibles et donc, \u00e0 ce titre, interdites \u00e0 la [&#8230;]\n","protected":false},"featured_media":31865,"template":"","meta":[],"product_brand":[],"product_cat":[21539],"product_tag":[],"class_list":{"0":"post-154073","1":"product","2":"type-product","3":"status-publish","4":"has-post-thumbnail","6":"product_cat-fuehrerliteratur-sportklettern-bouldern","7":"pa_autor-giffon","8":"pa_erscheinungsjahr-21920","9":"pa_region-frankreich","10":"pa_sprache-fr","12":"first","13":"outofstock","14":"taxable","15":"shipping-taxable","16":"purchasable","17":"product-type-simple"},"_links":{"self":[{"href":"https:\/\/pizbube.ch\/en\/wp-json\/wp\/v2\/product\/154073","targetHints":{"allow":["GET"]}}],"collection":[{"href":"https:\/\/pizbube.ch\/en\/wp-json\/wp\/v2\/product"}],"about":[{"href":"https:\/\/pizbube.ch\/en\/wp-json\/wp\/v2\/types\/product"}],"wp:featuredmedia":[{"embeddable":true,"href":"https:\/\/pizbube.ch\/en\/wp-json\/wp\/v2\/media\/31865"}],"wp:attachment":[{"href":"https:\/\/pizbube.ch\/en\/wp-json\/wp\/v2\/media?parent=154073"}],"wp:term":[{"taxonomy":"product_brand","embeddable":true,"href":"https:\/\/pizbube.ch\/en\/wp-json\/wp\/v2\/product_brand?post=154073"},{"taxonomy":"product_cat","embeddable":true,"href":"https:\/\/pizbube.ch\/en\/wp-json\/wp\/v2\/product_cat?post=154073"},{"taxonomy":"product_tag","embeddable":true,"href":"https:\/\/pizbube.ch\/en\/wp-json\/wp\/v2\/product_tag?post=154073"}],"curies":[{"name":"wp","href":"https:\/\/api.w.org\/{rel}","templated":true}]}}