{"id":154074,"date":"2021-01-15T14:22:30","date_gmt":"2021-01-15T14:22:30","guid":{"rendered":"https:\/\/codengine3.ch\/?product=import-placeholder-for-206090"},"modified":"2022-08-09T17:56:35","modified_gmt":"2022-08-09T15:56:35","slug":"escalades-en-ariege-le-quie-de-sinsat","status":"publish","type":"product","link":"https:\/\/pizbube.ch\/en\/shop\/escalades-en-ariege-le-quie-de-sinsat\/","title":{"rendered":"Escalades en Ari\u00e8ge &#8211; Le Qui\u00e9 de Sinsat"},"content":{"rendered":"<p>Au coeur des Pyr\u00e9n\u00e9es, plus de 200 voies (du 3 au 8a) en 3sites: falaise de<br \/>\nSinsant du Pubis et Qui\u00e9.<\/p>\n<p>Le Qui\u00e9 de Sinsat est orient\u00e9 Sud.<br \/>\nLes p\u00e9riodes favorables sont le printemps &#8211; l&#8217;automne et l&#8217;hiver.<br \/>\nDu tr\u00e8s tr\u00e8s bon rocher calcaire, une escalade agr\u00e9able en falaise, avec une<br \/>\nbelle vue sur les Pyr\u00e9n\u00e9es ari\u00e9geoises enneig\u00e9es.<\/p>","protected":false},"excerpt":{"rendered":"<p>Au coeur des Pyr\u00e9n\u00e9es, plus de 200 voies (du 3 au 8a) en 3sites: falaise de Sinsant du Pubis et Qui\u00e9. Le Qui\u00e9 de Sinsat est orient\u00e9 Sud. Les p\u00e9riodes favorables sont le printemps &#8211; l&#8217;automne et l&#8217;hiver. Du tr\u00e8s tr\u00e8s bon rocher calcaire, une escalade agr\u00e9able en falaise, avec une belle vue sur les [&#8230;]\n","protected":false},"featured_media":35001,"template":"","meta":[],"product_brand":[],"product_cat":[21539],"product_tag":[],"class_list":{"0":"post-154074","1":"product","2":"type-product","3":"status-publish","4":"has-post-thumbnail","6":"product_cat-fuehrerliteratur-sportklettern-bouldern","7":"pa_autor-achard","8":"pa_erscheinungsjahr-22060","9":"pa_region-frankreich","10":"pa_sprache-fr","12":"first","13":"outofstock","14":"taxable","15":"shipping-taxable","16":"purchasable","17":"product-type-simple"},"_links":{"self":[{"href":"https:\/\/pizbube.ch\/en\/wp-json\/wp\/v2\/product\/154074","targetHints":{"allow":["GET"]}}],"collection":[{"href":"https:\/\/pizbube.ch\/en\/wp-json\/wp\/v2\/product"}],"about":[{"href":"https:\/\/pizbube.ch\/en\/wp-json\/wp\/v2\/types\/product"}],"wp:featuredmedia":[{"embeddable":true,"href":"https:\/\/pizbube.ch\/en\/wp-json\/wp\/v2\/media\/35001"}],"wp:attachment":[{"href":"https:\/\/pizbube.ch\/en\/wp-json\/wp\/v2\/media?parent=154074"}],"wp:term":[{"taxonomy":"product_brand","embeddable":true,"href":"https:\/\/pizbube.ch\/en\/wp-json\/wp\/v2\/product_brand?post=154074"},{"taxonomy":"product_cat","embeddable":true,"href":"https:\/\/pizbube.ch\/en\/wp-json\/wp\/v2\/product_cat?post=154074"},{"taxonomy":"product_tag","embeddable":true,"href":"https:\/\/pizbube.ch\/en\/wp-json\/wp\/v2\/product_tag?post=154074"}],"curies":[{"name":"wp","href":"https:\/\/api.w.org\/{rel}","templated":true}]}}