{"id":154075,"date":"2021-01-15T14:22:30","date_gmt":"2021-01-15T14:22:30","guid":{"rendered":"https:\/\/codengine3.ch\/?product=import-placeholder-for-203368"},"modified":"2023-05-09T17:01:15","modified_gmt":"2023-05-09T15:01:15","slug":"escalade-en-mayenne","status":"publish","type":"product","link":"https:\/\/pizbube.ch\/en\/shop\/escalade-en-mayenne\/","title":{"rendered":"Escalade en Mayenne"},"content":{"rendered":"<p>Ce topo est consacr\u00e9 aux 8 sites d&#8217;escalade du d\u00e9partement de la Mayenne :<\/p>\n<p>Saulges, Entrammes, Moulay, Saint- Berthevin, Andouill\u00e9, Argentr\u00e9, Chang\u00e9 et<br \/>\nToy\u00e8res.<\/p>\n<p>Quatre cent voies \u00e9quip\u00e9es vous attentent ainsi autour de Laval. Du calcaire<br \/>\nau granit, du gr\u00e8s au poudingue, il y en a pour tous les go\u00fbts et tous les<br \/>\nniveaux&#8230;<\/p>","protected":false},"excerpt":{"rendered":"<p>Ce topo est consacr\u00e9 aux 8 sites d&#8217;escalade du d\u00e9partement de la Mayenne : Saulges, Entrammes, Moulay, Saint- Berthevin, Andouill\u00e9, Argentr\u00e9, Chang\u00e9 et Toy\u00e8res. Quatre cent voies \u00e9quip\u00e9es vous attentent ainsi autour de Laval. Du calcaire au granit, du gr\u00e8s au poudingue, il y en a pour tous les go\u00fbts et tous les niveaux&#8230;<\/p>","protected":false},"featured_media":30957,"template":"","meta":[],"product_brand":[],"product_cat":[21539],"product_tag":[],"class_list":{"0":"post-154075","1":"product","2":"type-product","3":"status-publish","4":"has-post-thumbnail","6":"product_cat-fuehrerliteratur-sportklettern-bouldern","7":"pa_autor-ffme","8":"pa_erscheinungsjahr-22292","9":"pa_region-frankreich","10":"pa_sprache-fr","12":"first","13":"outofstock","14":"taxable","15":"shipping-taxable","16":"purchasable","17":"product-type-simple"},"_links":{"self":[{"href":"https:\/\/pizbube.ch\/en\/wp-json\/wp\/v2\/product\/154075","targetHints":{"allow":["GET"]}}],"collection":[{"href":"https:\/\/pizbube.ch\/en\/wp-json\/wp\/v2\/product"}],"about":[{"href":"https:\/\/pizbube.ch\/en\/wp-json\/wp\/v2\/types\/product"}],"wp:featuredmedia":[{"embeddable":true,"href":"https:\/\/pizbube.ch\/en\/wp-json\/wp\/v2\/media\/30957"}],"wp:attachment":[{"href":"https:\/\/pizbube.ch\/en\/wp-json\/wp\/v2\/media?parent=154075"}],"wp:term":[{"taxonomy":"product_brand","embeddable":true,"href":"https:\/\/pizbube.ch\/en\/wp-json\/wp\/v2\/product_brand?post=154075"},{"taxonomy":"product_cat","embeddable":true,"href":"https:\/\/pizbube.ch\/en\/wp-json\/wp\/v2\/product_cat?post=154075"},{"taxonomy":"product_tag","embeddable":true,"href":"https:\/\/pizbube.ch\/en\/wp-json\/wp\/v2\/product_tag?post=154075"}],"curies":[{"name":"wp","href":"https:\/\/api.w.org\/{rel}","templated":true}]}}