{"id":154076,"date":"2021-01-15T14:22:30","date_gmt":"2021-01-15T14:22:30","guid":{"rendered":"https:\/\/codengine3.ch\/?product=import-placeholder-for-206907"},"modified":"2025-08-15T16:52:06","modified_gmt":"2025-08-15T14:52:06","slug":"paklenica-anica-kuk-panoramakarte","status":"publish","type":"product","link":"https:\/\/pizbube.ch\/en\/shop\/paklenica-anica-kuk-panoramakarte\/","title":{"rendered":"PAKLENICA ANI\u0106A KUK &#8211; Panoramic map"},"content":{"rendered":"<p>Beliebteste Kletterrouten<br \/>\nPanoramakarte vom Anica Kuk mit eingezeichneten KLetterrouten, Zu- und<br \/>\nAbstiegen<\/p>\n<p>\u2022 more than 50 climbing routes with grade and lenght<br \/>\n\u2022 approach and\u00a0descent\u00a0routes<br \/>\n\u2022 the short history of the climbing in Paklenica<\/p>\n<p>Photos: Tomislav Markovi\u0107<br \/>\nRoutes revision: Boris \u010cuji\u0107<br \/>\nTranslation to English: Ma\u0161a Nobilo<br \/>\nPaklenica National Park, February 2015<br \/>\nFormat: 60 x 42 cm<br \/>\nBinding:\u00a0folded map<\/p>","protected":false},"excerpt":{"rendered":"<p>Beliebteste Kletterrouten Panoramakarte vom Anica Kuk mit eingezeichneten KLetterrouten, Zu- und Abstiegen \u2022 more than 50 climbing routes with grade and lenght \u2022 approach and\u00a0descent\u00a0routes \u2022 the short history of the climbing in Paklenica Photos: Tomislav Markovi\u0107 Routes revision: Boris \u010cuji\u0107 Translation to English: Ma\u0161a Nobilo Paklenica National Park, February 2015 Format: 60 x 42 [&#8230;]\n","protected":false},"featured_media":180949,"template":"","meta":[],"product_brand":[],"product_cat":[21543],"product_tag":[],"class_list":{"0":"post-154076","1":"product","2":"type-product","3":"status-publish","4":"has-post-thumbnail","6":"product_cat-landkarten","7":"pa_autor-nezmah-astroida","8":"pa_erscheinungsjahr-21597","9":"pa_region-osteuropa","10":"pa_sprache-en","12":"first","13":"instock","14":"taxable","15":"shipping-taxable","16":"purchasable","17":"product-type-simple"},"_links":{"self":[{"href":"https:\/\/pizbube.ch\/en\/wp-json\/wp\/v2\/product\/154076","targetHints":{"allow":["GET"]}}],"collection":[{"href":"https:\/\/pizbube.ch\/en\/wp-json\/wp\/v2\/product"}],"about":[{"href":"https:\/\/pizbube.ch\/en\/wp-json\/wp\/v2\/types\/product"}],"wp:featuredmedia":[{"embeddable":true,"href":"https:\/\/pizbube.ch\/en\/wp-json\/wp\/v2\/media\/180949"}],"wp:attachment":[{"href":"https:\/\/pizbube.ch\/en\/wp-json\/wp\/v2\/media?parent=154076"}],"wp:term":[{"taxonomy":"product_brand","embeddable":true,"href":"https:\/\/pizbube.ch\/en\/wp-json\/wp\/v2\/product_brand?post=154076"},{"taxonomy":"product_cat","embeddable":true,"href":"https:\/\/pizbube.ch\/en\/wp-json\/wp\/v2\/product_cat?post=154076"},{"taxonomy":"product_tag","embeddable":true,"href":"https:\/\/pizbube.ch\/en\/wp-json\/wp\/v2\/product_tag?post=154076"}],"curies":[{"name":"wp","href":"https:\/\/api.w.org\/{rel}","templated":true}]}}