{"id":154078,"date":"2021-01-15T14:22:32","date_gmt":"2021-01-15T14:22:32","guid":{"rendered":"https:\/\/codengine3.ch\/?product=import-placeholder-for-207196"},"modified":"2023-05-02T10:03:59","modified_gmt":"2023-05-02T08:03:59","slug":"mont-blanc-classique-plaisir","status":"publish","type":"product","link":"https:\/\/pizbube.ch\/en\/shop\/mont-blanc-classique-plaisir\/","title":{"rendered":"MONT BLANC CLASSIQUE &amp; PLAISIR"},"content":{"rendered":"<p>Mont Blanc, voies sur roche, glace et mixte<\/p>\n<p>Celui-l\u00e0 de le Mont Blanc est le groupe des grandes ascensions, o\u00f9 on a \u00e9crit<br \/>\ndes pages importantes de l&#8217;histoire de l&#8217;alpinisme.<br \/>\nMais aupr\u00e8s des grand course r\u00e9serv\u00e9es \u00e0 peu il y a des itin\u00e9raires qui<br \/>\ns&#8217;ouvrent \u00e0 une majeure fr\u00e9quentation des merci \u00e0 la beaut\u00e9 de la grimp\u00e9e mais<br \/>\nsurtout de l&#8217;ambient environnant.<br \/>\nUne guide pour go\u00fbter le Mont Blanc sans la hantise de la grande prestation.<br \/>\n67 relations de voies sur roche, glace et mixte.<\/p>","protected":false},"excerpt":{"rendered":"<ul>\n<li><a href=\"https:\/\/pizbube.ch\/wp-content\/uploads\/attachments\/a_004\/3E4995E2A5E24A9FA5FFFDEF7BC66979.pdf\" target=\"_blank\" rel=\"noopener\">PDF: Mont-Blanc-Classique-et-Plaisir-Sommaire<\/a><\/li>\n<\/ul>","protected":false},"featured_media":37568,"template":"","meta":[],"product_brand":[],"product_cat":[21544],"product_tag":[],"class_list":{"0":"post-154078","1":"product","2":"type-product","3":"status-publish","4":"has-post-thumbnail","6":"product_cat-fuehrerliteratur-alpin-sommer","7":"pa_autor-romelli","8":"pa_erscheinungsjahr-21621","9":"pa_region-frankreich","10":"pa_sprache-fr","12":"first","13":"outofstock","14":"taxable","15":"shipping-taxable","16":"purchasable","17":"product-type-simple"},"_links":{"self":[{"href":"https:\/\/pizbube.ch\/en\/wp-json\/wp\/v2\/product\/154078","targetHints":{"allow":["GET"]}}],"collection":[{"href":"https:\/\/pizbube.ch\/en\/wp-json\/wp\/v2\/product"}],"about":[{"href":"https:\/\/pizbube.ch\/en\/wp-json\/wp\/v2\/types\/product"}],"wp:featuredmedia":[{"embeddable":true,"href":"https:\/\/pizbube.ch\/en\/wp-json\/wp\/v2\/media\/37568"}],"wp:attachment":[{"href":"https:\/\/pizbube.ch\/en\/wp-json\/wp\/v2\/media?parent=154078"}],"wp:term":[{"taxonomy":"product_brand","embeddable":true,"href":"https:\/\/pizbube.ch\/en\/wp-json\/wp\/v2\/product_brand?post=154078"},{"taxonomy":"product_cat","embeddable":true,"href":"https:\/\/pizbube.ch\/en\/wp-json\/wp\/v2\/product_cat?post=154078"},{"taxonomy":"product_tag","embeddable":true,"href":"https:\/\/pizbube.ch\/en\/wp-json\/wp\/v2\/product_tag?post=154078"}],"curies":[{"name":"wp","href":"https:\/\/api.w.org\/{rel}","templated":true}]}}