{"id":154084,"date":"2021-01-15T14:22:42","date_gmt":"2021-01-15T14:22:42","guid":{"rendered":"https:\/\/codengine3.ch\/?product=import-placeholder-for-204711"},"modified":"2021-01-15T14:35:38","modified_gmt":"2021-01-15T14:35:38","slug":"trondheim-150-000-turkart","status":"publish","type":"product","link":"https:\/\/pizbube.ch\/en\/shop\/trondheim-150-000-turkart\/","title":{"rendered":"Trondheim 1:50 000 Turkart"},"content":{"rendered":"<p>Turkart Trondheim 1:50`000; Blatt 2665<\/p>\n<p>Kartenserie: Norwegen Wander- und Skikarten Orte: Ranheim, Kl\u00e6bu, Melhus,<br \/>\nHonnelvik Ma\u00dfstab 1:50.000<\/p>\n<p>Diese Karte der umfangreichen Serie f\u00fcr die wichtigsten Wandergebiete<br \/>\nNorwegens bietet auf topografischer Kartengrundlage viele Sonderinformationen<br \/>\nf\u00fcr Wanderer und Skifahrer. Das farbige Kartenbild zeigt H\u00f6henlinien, Stra\u00dfen,<br \/>\nWege, Parkpl\u00e4tze, Wanderwege, Loipen, Orte, H\u00fctten, Fl\u00fcsse und Seen,<br \/>\nCampingpl\u00e4tze, Sehensw\u00fcrdigkeiten, Namen und vieles, vieles mehr. Das UTM-<br \/>\nGitter ist aufgedruckt; die Legende ist norwegisch und englisch. World<br \/>\nGeodetic System 1984 (WGS84)<\/p>","protected":false},"excerpt":{"rendered":"<p>Turkart Trondheim 1:50`000; Blatt 2665 Kartenserie: Norwegen Wander- und Skikarten Orte: Ranheim, Kl\u00e6bu, Melhus, Honnelvik Ma\u00dfstab 1:50.000 Diese Karte der umfangreichen Serie f\u00fcr die wichtigsten Wandergebiete Norwegens bietet auf topografischer Kartengrundlage viele Sonderinformationen f\u00fcr Wanderer und Skifahrer. Das farbige Kartenbild zeigt H\u00f6henlinien, Stra\u00dfen, Wege, Parkpl\u00e4tze, Wanderwege, Loipen, Orte, H\u00fctten, Fl\u00fcsse und Seen, Campingpl\u00e4tze, Sehensw\u00fcrdigkeiten, Namen [&#8230;]\n","protected":false},"featured_media":33054,"template":"","meta":[],"product_brand":[],"product_cat":[21543],"product_tag":[],"class_list":{"0":"post-154084","1":"product","2":"type-product","3":"status-publish","4":"has-post-thumbnail","6":"product_cat-landkarten","7":"pa_autor-ugland","8":"pa_erscheinungsjahr-21830","9":"pa_region-skandinavien-norwegen-schweden-finnland","10":"pa_sprache-no-2","12":"first","13":"instock","14":"taxable","15":"shipping-taxable","16":"purchasable","17":"product-type-simple"},"_links":{"self":[{"href":"https:\/\/pizbube.ch\/en\/wp-json\/wp\/v2\/product\/154084","targetHints":{"allow":["GET"]}}],"collection":[{"href":"https:\/\/pizbube.ch\/en\/wp-json\/wp\/v2\/product"}],"about":[{"href":"https:\/\/pizbube.ch\/en\/wp-json\/wp\/v2\/types\/product"}],"wp:featuredmedia":[{"embeddable":true,"href":"https:\/\/pizbube.ch\/en\/wp-json\/wp\/v2\/media\/33054"}],"wp:attachment":[{"href":"https:\/\/pizbube.ch\/en\/wp-json\/wp\/v2\/media?parent=154084"}],"wp:term":[{"taxonomy":"product_brand","embeddable":true,"href":"https:\/\/pizbube.ch\/en\/wp-json\/wp\/v2\/product_brand?post=154084"},{"taxonomy":"product_cat","embeddable":true,"href":"https:\/\/pizbube.ch\/en\/wp-json\/wp\/v2\/product_cat?post=154084"},{"taxonomy":"product_tag","embeddable":true,"href":"https:\/\/pizbube.ch\/en\/wp-json\/wp\/v2\/product_tag?post=154084"}],"curies":[{"name":"wp","href":"https:\/\/api.w.org\/{rel}","templated":true}]}}