{"id":154085,"date":"2021-01-15T14:22:49","date_gmt":"2021-01-15T14:22:49","guid":{"rendered":"https:\/\/codengine3.ch\/?product=import-placeholder-for-203394"},"modified":"2024-07-16T09:19:44","modified_gmt":"2024-07-16T07:19:44","slug":"vallee-des-merveilles-val-vermenagna-no-4","status":"publish","type":"product","link":"https:\/\/pizbube.ch\/en\/shop\/vallee-des-merveilles-val-vermenagna-no-4\/","title":{"rendered":"Vall\u00e9e des Merveilles Val Vermenagna No. 4"},"content":{"rendered":"<p>Alpen ohne Grenzen \/ Alps without frontiers: Wanderweg vom Genfersee bis ans<br \/>\nMittelmeer, immer entlang der Italienisch\/ Franz\u00f6sichen Grenze. Kurzf\u00fchrer mit<br \/>\nallen Infos und Landkarte im Massstab 1: 25 000 (Top-IGN Qualit\u00e4t und gute<br \/>\nZusammenschnitte!)<br \/>\nBlatt\u00fcbersicht s. Abbildung; No. 4<\/p>\n<p>Les guides complets des itin\u00e9raires de randonn\u00e9es transfrontali\u00e8res du lac<br \/>\nL\u00e9man jusqu&#8217;\u00e0 la M\u00e9diterran\u00e9e. Issus de la collaboration des clubs alpins<br \/>\nfran\u00e7ais et italiens, de l&#8217;IGN, de l&#8217;IGM italien et des services<br \/>\ncartographiques r\u00e9gionaux, ces carto-guides (2 \u00e9ditions bilingues fran\u00e7ais-<br \/>\nitalien et anglais-allemand) comprennent :<br \/>\n&#8211; Une carte transfrontali\u00e8re au 1:25 000 homog\u00e8ne et d\u00e9taill\u00e9e sur la France<br \/>\net l&#8217;Italie avec carroyage GPS (WGS84\/UTM)<br \/>\n&#8211; Un guide d\u00e9taill\u00e9 avec des informations et conseils \u00e0 l&#8217;usage des<br \/>\nrandonneurs<\/p>","protected":false},"excerpt":{"rendered":"<p>Alpen ohne Grenzen \/ Alps without frontiers: Wanderweg vom Genfersee bis ans Mittelmeer, immer entlang der Italienisch\/ Franz\u00f6sichen Grenze. Kurzf\u00fchrer mit allen Infos und Landkarte im Massstab 1: 25 000 (Top-IGN Qualit\u00e4t und gute Zusammenschnitte!) Blatt\u00fcbersicht s. Abbildung; No. 4 Les guides complets des itin\u00e9raires de randonn\u00e9es transfrontali\u00e8res du lac L\u00e9man jusqu&#8217;\u00e0 la M\u00e9diterran\u00e9e. Issus [&#8230;]\n","protected":false},"featured_media":30996,"template":"","meta":[],"product_brand":[],"product_cat":[21543],"product_tag":[],"class_list":{"0":"post-154085","1":"product","2":"type-product","3":"status-publish","4":"has-post-thumbnail","6":"product_cat-landkarten","7":"pa_autor-ign","8":"pa_erscheinungsjahr-22242","9":"pa_region-frankreich","10":"pa_sprache-f","11":"pa_sprache-i","13":"first","14":"outofstock","15":"taxable","16":"shipping-taxable","17":"purchasable","18":"product-type-simple"},"_links":{"self":[{"href":"https:\/\/pizbube.ch\/en\/wp-json\/wp\/v2\/product\/154085","targetHints":{"allow":["GET"]}}],"collection":[{"href":"https:\/\/pizbube.ch\/en\/wp-json\/wp\/v2\/product"}],"about":[{"href":"https:\/\/pizbube.ch\/en\/wp-json\/wp\/v2\/types\/product"}],"wp:featuredmedia":[{"embeddable":true,"href":"https:\/\/pizbube.ch\/en\/wp-json\/wp\/v2\/media\/30996"}],"wp:attachment":[{"href":"https:\/\/pizbube.ch\/en\/wp-json\/wp\/v2\/media?parent=154085"}],"wp:term":[{"taxonomy":"product_brand","embeddable":true,"href":"https:\/\/pizbube.ch\/en\/wp-json\/wp\/v2\/product_brand?post=154085"},{"taxonomy":"product_cat","embeddable":true,"href":"https:\/\/pizbube.ch\/en\/wp-json\/wp\/v2\/product_cat?post=154085"},{"taxonomy":"product_tag","embeddable":true,"href":"https:\/\/pizbube.ch\/en\/wp-json\/wp\/v2\/product_tag?post=154085"}],"curies":[{"name":"wp","href":"https:\/\/api.w.org\/{rel}","templated":true}]}}