{"id":154086,"date":"2021-01-15T14:22:49","date_gmt":"2021-01-15T14:22:49","guid":{"rendered":"https:\/\/codengine3.ch\/?product=import-placeholder-for-204680"},"modified":"2021-01-15T14:35:23","modified_gmt":"2021-01-15T14:35:23","slug":"canyoning-in-bayern-und-tirol","status":"publish","type":"product","link":"https:\/\/pizbube.ch\/en\/shop\/canyoning-in-bayern-und-tirol\/","title":{"rendered":"Canyoning in Bayern und Tirol"},"content":{"rendered":"<p>Tirol ist sicher mit Abstand die beste Gegend in \u00d6sterreich f\u00fcrs Canyoning,<br \/>\nmit einigen Canyons von Weltrang (und ich denke dabei weniger an die Auer<br \/>\nKlamm), und im angrenzenden bayrischen Alpenraum gibt\u2019s auch ein paar<br \/>\nSchmankerl. 54 Touren sind hier beschrieben. Die Aufmachung ist gegen\u00fcber der<br \/>\nfr\u00fcheren Auflage wesentlich verbessert, es gibt viele neue Photos, neue<br \/>\nHinweise auf weitere Touren und 4 zus\u00e4tzliche, sehr n\u00fctzliche Kapitel \u00fcber die<br \/>\nGrundlagen unseres Sports.<\/p>\n<p>248 Seiten DIN A5 mit 54 Tourenbeschreibungen (mit topographischen Karten,<br \/>\nBeschreibungen von Anfahrt, Zustieg, Abstieg und Ausstieg sowie den<br \/>\nnotwendigen Daten wie Schwierigkeit, Seilbedarf, Zeitbedarf, Ein- und<br \/>\nAusstiegsh\u00f6he und Saison, auch Tips f\u00fcr weitere Canyoningtouren und<br \/>\nUnternehmungsm\u00f6glichkeiten), \u00dcbersichtskarte und -tabelle, franz\u00f6sischer und<br \/>\nenglischer \u00dcbersetzung und vielen Photos.<\/p>\n<p>Voici donc la r\u00e9\u00e9dition de ce premier topoguide sur le sud de l&#8217;Allemagne (19<br \/>\ndescentes en Bavi\u00e8re) et le tirol autrichien (35 canyons). Cet ouvrage, paru<br \/>\nen 2010 \u00e9tait \u00e9puis\u00e9 malgr\u00e9 une diffusion tr\u00e8s discr\u00e8te en France. Il nous<br \/>\nrevient donc, sous un format quasi identique, mais on notera sa bien meilleure<br \/>\nqualit\u00e9 d&#8217;impression, la pr\u00e9sence de photos plus nombreuses, et une<br \/>\nintroduction plus fournie (mais r\u00e9serv\u00e9e au germanophones). Hormis ces 30<br \/>\npremi\u00e8res pages d&#8217;intro, le reste constitue la pr\u00e9sentation des 54 descentes<br \/>\nd\u00e9crites dans cet ouvrage. Une carte topographique (\u00e9quivalent de notre IGN)<br \/>\navec le positionnement des parking et des acc\u00e8s, ainsi qu&#8217;une description<br \/>\n(traduite en fin d&#8217;ouvrage en fran\u00e7ais et en anglais) est r\u00e9alis\u00e9e pour chaque<br \/>\nparcours. Un tableau des caract\u00e9ristique accompagne chaque description.<\/p>","protected":false},"excerpt":{"rendered":"<ul>\n<li><a href=\"https:\/\/pizbube.ch\/wp-content\/uploads\/attachments\/a_015\/5BDA0424F4BC8FCBDA7E8103931E10BB.pdf\" target=\"_blank\" rel=\"noopener\">PDF: Canyoning_in_Bayern_und_Tirol-Leseprobe<\/a><\/li>\n<\/ul>","protected":false},"featured_media":32982,"template":"","meta":[],"product_brand":[],"product_cat":[21650],"product_tag":[],"class_list":{"0":"post-154086","1":"product","2":"type-product","3":"status-publish","4":"has-post-thumbnail","6":"product_cat-canyoningfuehrer","7":"pa_autor-baumgarten","8":"pa_erscheinungsjahr-21568","9":"pa_region-deutschland","10":"pa_sprache-de-en-fr","12":"first","13":"outofstock","14":"taxable","15":"shipping-taxable","16":"purchasable","17":"product-type-simple"},"_links":{"self":[{"href":"https:\/\/pizbube.ch\/en\/wp-json\/wp\/v2\/product\/154086","targetHints":{"allow":["GET"]}}],"collection":[{"href":"https:\/\/pizbube.ch\/en\/wp-json\/wp\/v2\/product"}],"about":[{"href":"https:\/\/pizbube.ch\/en\/wp-json\/wp\/v2\/types\/product"}],"wp:featuredmedia":[{"embeddable":true,"href":"https:\/\/pizbube.ch\/en\/wp-json\/wp\/v2\/media\/32982"}],"wp:attachment":[{"href":"https:\/\/pizbube.ch\/en\/wp-json\/wp\/v2\/media?parent=154086"}],"wp:term":[{"taxonomy":"product_brand","embeddable":true,"href":"https:\/\/pizbube.ch\/en\/wp-json\/wp\/v2\/product_brand?post=154086"},{"taxonomy":"product_cat","embeddable":true,"href":"https:\/\/pizbube.ch\/en\/wp-json\/wp\/v2\/product_cat?post=154086"},{"taxonomy":"product_tag","embeddable":true,"href":"https:\/\/pizbube.ch\/en\/wp-json\/wp\/v2\/product_tag?post=154086"}],"curies":[{"name":"wp","href":"https:\/\/api.w.org\/{rel}","templated":true}]}}