{"id":154088,"date":"2021-01-15T14:22:57","date_gmt":"2021-01-15T14:22:57","guid":{"rendered":"https:\/\/codengine3.ch\/?product=import-placeholder-for-207533"},"modified":"2021-01-15T16:04:19","modified_gmt":"2021-01-15T16:04:19","slug":"bregenzerwald-50-touren","status":"publish","type":"product","link":"https:\/\/pizbube.ch\/en\/shop\/bregenzerwald-50-touren\/","title":{"rendered":"Bregenzerwald 50 Touren"},"content":{"rendered":"<p>Hittisau \u2013 Bezau \u2013 Au \u2013 Dam\u00fcls<\/p>\n<p>Der Bregenzerwald von der bayerischen Grenze bei Oberstaufen bis zum Furkajoch<br \/>\nund dem Hochtannbergpass begeistert durch seine gro\u00dfe landschaftliche<br \/>\nVielfalt. Sanfte H\u00fcgel und bunt bl\u00fchende Alpmatten, tosende Wildb\u00e4che und<br \/>\nbeeindruckende Wasserf\u00e4lle, verlockende Aussichtskanzeln und Bergk\u00e4mme sowie<br \/>\nbewirtschaftete Alph\u00fctten sorgen in dieser Region f\u00fcr ausgef\u00fcllte Tage.  <\/p>\n<p>Der Rother Wanderf\u00fchrer \u00bbBregenzerwald\u00ab stellt 50 abwechslungsreiche Touren um<br \/>\nHittisau, Bezau, Au und Dam\u00fcls vor. Von leichten Ausfl\u00fcgen und gem\u00fctlichen<br \/>\nRundwanderungen \u00fcber aussichtsreiche H\u00f6henwege bis zu fordernden<br \/>\nGipfelbesteigungen \u2013 allen Wanderfreunden, egal welchen Alters und welcher<br \/>\nKondition, werden damit zahlreiche M\u00f6glichkeiten geboten, den Bregenzerwald zu<br \/>\nentdecken.  <\/p>\n<p>Alle Touren werden mit einer kurzen \u00dcbersicht, einer ausf\u00fchrlichen<br \/>\nWegbeschreibung, einem detaillierten Wanderk\u00e4rtchen mit eingetragenem<br \/>\nRoutenverlauf und einem aussagekr\u00e4ftigen H\u00f6henprofil vorgestellt. Das Buch<br \/>\nenth\u00e4lt zudem zahlreiche Tipps zu sch\u00f6nen Rast- und Einkehrm\u00f6glichkeiten.  <\/p>\n<p>F\u00fcr die neunte Auflage wurde der Wanderf\u00fchrer wieder sorgf\u00e4ltig aktualisiert.  <\/p>","protected":false},"excerpt":{"rendered":"<ul>\n<li><a href=\"https:\/\/pizbube.ch\/wp-content\/uploads\/attachments\/a_025\/92BEC19AB66B5B6CF828B265A657A64A.pdf\" target=\"_blank\" rel=\"noopener\">PDF: bregenzerwald_inhaltsverzeichnis.pdf<\/a><\/li>\n<\/ul>","protected":false},"featured_media":37738,"template":"","meta":[],"product_brand":[],"product_cat":[21605],"product_tag":[],"class_list":{"0":"post-154088","1":"product","2":"type-product","3":"status-publish","4":"has-post-thumbnail","6":"product_cat-wanderfuehrer-trekking","7":"pa_autor-mayr","8":"pa_erscheinungsjahr-21574","9":"pa_region-oesterreich","10":"pa_sprache-de","12":"first","13":"instock","14":"taxable","15":"shipping-taxable","16":"purchasable","17":"product-type-simple"},"_links":{"self":[{"href":"https:\/\/pizbube.ch\/en\/wp-json\/wp\/v2\/product\/154088","targetHints":{"allow":["GET"]}}],"collection":[{"href":"https:\/\/pizbube.ch\/en\/wp-json\/wp\/v2\/product"}],"about":[{"href":"https:\/\/pizbube.ch\/en\/wp-json\/wp\/v2\/types\/product"}],"wp:featuredmedia":[{"embeddable":true,"href":"https:\/\/pizbube.ch\/en\/wp-json\/wp\/v2\/media\/37738"}],"wp:attachment":[{"href":"https:\/\/pizbube.ch\/en\/wp-json\/wp\/v2\/media?parent=154088"}],"wp:term":[{"taxonomy":"product_brand","embeddable":true,"href":"https:\/\/pizbube.ch\/en\/wp-json\/wp\/v2\/product_brand?post=154088"},{"taxonomy":"product_cat","embeddable":true,"href":"https:\/\/pizbube.ch\/en\/wp-json\/wp\/v2\/product_cat?post=154088"},{"taxonomy":"product_tag","embeddable":true,"href":"https:\/\/pizbube.ch\/en\/wp-json\/wp\/v2\/product_tag?post=154088"}],"curies":[{"name":"wp","href":"https:\/\/api.w.org\/{rel}","templated":true}]}}