{"id":154091,"date":"2021-01-15T14:22:58","date_gmt":"2021-01-15T14:22:58","guid":{"rendered":"https:\/\/codengine3.ch\/?product=import-placeholder-for-205966"},"modified":"2021-01-15T14:45:19","modified_gmt":"2021-01-15T14:45:19","slug":"raquetes-pel-pallars-sobira","status":"publish","type":"product","link":"https:\/\/pizbube.ch\/en\/shop\/raquetes-pel-pallars-sobira\/","title":{"rendered":"Raquetes pel Pallars Sobir\u00e0"},"content":{"rendered":"<p>40 Excursions, travesses i ascensions  <\/p>\n<p>Editada en catal\u00e1n, en esta gu\u00eda se recogen un total de 40 ascensiones con<br \/>\nraquetas por los valles de la comarca leridana de Pallars Sobir\u00e0, inmersa en<br \/>\nel Pirineo oriental y con una orograf\u00eda propicia para la pr\u00e1ctica de este<br \/>\ndeporte. A las excursiones m\u00e1s conocidas &#8218;como la subida al estany de Sant<br \/>\nMaurici, al refugio d&#8217;Amitges o al de Matar\u00f3&#8216; se suman traves\u00edas por otros<br \/>\nvalles menos transitados en los que poder disfrutar de la naturaleza en un<br \/>\nentorno tranquilo.  <\/p>","protected":false},"excerpt":{"rendered":"<p>40 Excursions, travesses i ascensions Editada en catal\u00e1n, en esta gu\u00eda se recogen un total de 40 ascensiones con raquetas por los valles de la comarca leridana de Pallars Sobir\u00e0, inmersa en el Pirineo oriental y con una orograf\u00eda propicia para la pr\u00e1ctica de este deporte. A las excursiones m\u00e1s conocidas &#8218;como la subida al [&#8230;]\n","protected":false},"featured_media":34831,"template":"","meta":[],"product_brand":[],"product_cat":[21540],"product_tag":[],"class_list":{"0":"post-154091","1":"product","2":"type-product","3":"status-publish","4":"has-post-thumbnail","6":"product_cat-fuehrerliteratur-alpin-winter","7":"pa_autor-gros-capilla","8":"pa_erscheinungsjahr-21693","9":"pa_region-spanien","10":"pa_sprache-sp","12":"first","13":"instock","14":"taxable","15":"shipping-taxable","16":"purchasable","17":"product-type-simple"},"_links":{"self":[{"href":"https:\/\/pizbube.ch\/en\/wp-json\/wp\/v2\/product\/154091","targetHints":{"allow":["GET"]}}],"collection":[{"href":"https:\/\/pizbube.ch\/en\/wp-json\/wp\/v2\/product"}],"about":[{"href":"https:\/\/pizbube.ch\/en\/wp-json\/wp\/v2\/types\/product"}],"wp:featuredmedia":[{"embeddable":true,"href":"https:\/\/pizbube.ch\/en\/wp-json\/wp\/v2\/media\/34831"}],"wp:attachment":[{"href":"https:\/\/pizbube.ch\/en\/wp-json\/wp\/v2\/media?parent=154091"}],"wp:term":[{"taxonomy":"product_brand","embeddable":true,"href":"https:\/\/pizbube.ch\/en\/wp-json\/wp\/v2\/product_brand?post=154091"},{"taxonomy":"product_cat","embeddable":true,"href":"https:\/\/pizbube.ch\/en\/wp-json\/wp\/v2\/product_cat?post=154091"},{"taxonomy":"product_tag","embeddable":true,"href":"https:\/\/pizbube.ch\/en\/wp-json\/wp\/v2\/product_tag?post=154091"}],"curies":[{"name":"wp","href":"https:\/\/api.w.org\/{rel}","templated":true}]}}