{"id":154092,"date":"2021-01-15T14:22:58","date_gmt":"2021-01-15T14:22:58","guid":{"rendered":"https:\/\/codengine3.ch\/?product=import-placeholder-for-205895"},"modified":"2025-07-08T08:39:38","modified_gmt":"2025-07-08T06:39:38","slug":"crestas-pirenaicas-pirineo-central-vol-ii","status":"publish","type":"product","link":"https:\/\/pizbube.ch\/en\/shop\/crestas-pirenaicas-pirineo-central-vol-ii\/","title":{"rendered":"Crestas Pirenaicas. Pirineo Central Vol. II"},"content":{"rendered":"<p>En este segundo volumen de Crestas Pirenaicas, Pako S\u00e1nchez vuelve a la carga<br \/>\ncon nuevos recorridos m\u00e1s largos, m\u00e1s lejanos y m\u00e1s dif\u00edciles que los del<br \/>\nprimer volumen, editado hace cuatro a\u00f1os. Los 34 itinerarios escogidos surcan<br \/>\nla alta monta\u00f1a pirenaica, pasando por las cumbres m\u00e1s importantes del<br \/>\nPrepirineo, el Parque Nacional de Aig\u00fcestortes i SantMaurici, la cabecera del<br \/>\nRibagorza, el macizo de la Maladeta o el Turb\u00f3n, esa solitaria atalaya, y<br \/>\nfinaliza el periplo de crestas en el rey indiscutible, el Aneto, con la<br \/>\ninigualable cresta Margarida-Tempestats-Aneto.<\/p>","protected":false},"excerpt":{"rendered":"<p>En este segundo volumen de Crestas Pirenaicas, Pako S\u00e1nchez vuelve a la carga con nuevos recorridos m\u00e1s largos, m\u00e1s lejanos y m\u00e1s dif\u00edciles que los del primer volumen, editado hace cuatro a\u00f1os. Los 34 itinerarios escogidos surcan la alta monta\u00f1a pirenaica, pasando por las cumbres m\u00e1s importantes del Prepirineo, el Parque Nacional de Aig\u00fcestortes i [&#8230;]\n","protected":false},"featured_media":34745,"template":"","meta":[],"product_brand":[],"product_cat":[21544],"product_tag":[],"class_list":{"0":"post-154092","1":"product","2":"type-product","3":"status-publish","4":"has-post-thumbnail","6":"product_cat-fuehrerliteratur-alpin-sommer","7":"pa_autor-sanchez","8":"pa_erscheinungsjahr-21693","9":"pa_region-spanien","10":"pa_sprache-sp","12":"first","13":"onbackorder","14":"taxable","15":"shipping-taxable","16":"purchasable","17":"product-type-simple"},"_links":{"self":[{"href":"https:\/\/pizbube.ch\/en\/wp-json\/wp\/v2\/product\/154092","targetHints":{"allow":["GET"]}}],"collection":[{"href":"https:\/\/pizbube.ch\/en\/wp-json\/wp\/v2\/product"}],"about":[{"href":"https:\/\/pizbube.ch\/en\/wp-json\/wp\/v2\/types\/product"}],"wp:featuredmedia":[{"embeddable":true,"href":"https:\/\/pizbube.ch\/en\/wp-json\/wp\/v2\/media\/34745"}],"wp:attachment":[{"href":"https:\/\/pizbube.ch\/en\/wp-json\/wp\/v2\/media?parent=154092"}],"wp:term":[{"taxonomy":"product_brand","embeddable":true,"href":"https:\/\/pizbube.ch\/en\/wp-json\/wp\/v2\/product_brand?post=154092"},{"taxonomy":"product_cat","embeddable":true,"href":"https:\/\/pizbube.ch\/en\/wp-json\/wp\/v2\/product_cat?post=154092"},{"taxonomy":"product_tag","embeddable":true,"href":"https:\/\/pizbube.ch\/en\/wp-json\/wp\/v2\/product_tag?post=154092"}],"curies":[{"name":"wp","href":"https:\/\/api.w.org\/{rel}","templated":true}]}}