{"id":154093,"date":"2021-01-15T14:22:59","date_gmt":"2021-01-15T14:22:59","guid":{"rendered":"https:\/\/codengine3.ch\/?product=import-placeholder-for-204451"},"modified":"2021-01-15T14:33:18","modified_gmt":"2021-01-15T14:33:18","slug":"die-schoensten-passwanderungen-in-den-schweizer-alpen","status":"publish","type":"product","link":"https:\/\/pizbube.ch\/en\/shop\/die-schoensten-passwanderungen-in-den-schweizer-alpen\/","title":{"rendered":"Die sch\u00f6nsten Passwanderungen in den Schweizer Alpen"},"content":{"rendered":"<p>Bergwandern erlebt zur Zeit einen Boom, und Passwanderungen geh\u00f6ren dabei von<br \/>\njeher zu den Favoriten. Keine andere Art des Wanderns gibt einem dasselbe<br \/>\nGef\u00fchl der Freude und des Stolzes, ein gro\u00dfes Hindernis \u00fcberwunden zu haben.<br \/>\nUnd ganz oben, auf dem H\u00f6hepunkt, verl\u00e4sst man die eine Welt und betritt eine<br \/>\nneue mit \u00fcberraschenden Aussichten, einer andersartigen Landschaft und<br \/>\nvielleicht auch einer g\u00e4nzlich anderen Kultur.  <\/p>\n<p>Heinz Staffelbach stellt 30 der sch\u00f6nsten und lohnendsten Passwanderungen in<br \/>\nden Schweizer Alpen vor. Dabei gibt es Routen f\u00fcr jeden Geschmack &#8211; eint\u00e4gige<br \/>\nund mehrt\u00e4gige, leichtere und anstrengendere, hochalpine und auch tiefer<br \/>\ngelegene Touren. Alle Wanderungen sind f\u00fcr einigerma\u00dfen ge\u00fcbte Bergwanderer<br \/>\nproblemlos machbar und f\u00fchren durch die spannendsten Bergwelten der Schweiz.<br \/>\nAusgangspunkt und Ziel ist immer mit dem \u00f6ffentlichen Verkehr erreichbar.<br \/>\nDie Wanderungen sind alle versehen mit den notwendigen Informationen \u00fcber<br \/>\nAnfahrt, Routenverlauf, Schwierigkeit, H\u00f6henunterschiede, Unterk\u00fcnfte sowie<br \/>\ninformativen Karten, die zus\u00e4tzlich auf die interessantesten Punkte der Route<br \/>\nhinweisen &#8211; Steinbockkolonien, tausendj\u00e4hrige Arven, Murmeltiere oder alte<br \/>\nBergbausch\u00e4chte &#8211; und so jede Passwanderung zu einem unvergesslichen<br \/>\nNaturerlebnis machen.  <\/p>","protected":false},"excerpt":{"rendered":"<p>Bergwandern erlebt zur Zeit einen Boom, und Passwanderungen geh\u00f6ren dabei von jeher zu den Favoriten. Keine andere Art des Wanderns gibt einem dasselbe Gef\u00fchl der Freude und des Stolzes, ein gro\u00dfes Hindernis \u00fcberwunden zu haben. Und ganz oben, auf dem H\u00f6hepunkt, verl\u00e4sst man die eine Welt und betritt eine neue mit \u00fcberraschenden Aussichten, einer andersartigen [&#8230;]\n","protected":false},"featured_media":32323,"template":"","meta":[],"product_brand":[],"product_cat":[21542],"product_tag":[],"class_list":{"0":"post-154093","1":"product","2":"type-product","3":"status-publish","4":"has-post-thumbnail","6":"product_cat-sachbuecher-dokumentationen","7":"pa_autor-staffelbach","8":"pa_erscheinungsjahr-21591","9":"pa_region-schweiz","10":"pa_sprache-de","12":"first","13":"outofstock","14":"taxable","15":"shipping-taxable","16":"purchasable","17":"product-type-simple"},"_links":{"self":[{"href":"https:\/\/pizbube.ch\/en\/wp-json\/wp\/v2\/product\/154093","targetHints":{"allow":["GET"]}}],"collection":[{"href":"https:\/\/pizbube.ch\/en\/wp-json\/wp\/v2\/product"}],"about":[{"href":"https:\/\/pizbube.ch\/en\/wp-json\/wp\/v2\/types\/product"}],"wp:featuredmedia":[{"embeddable":true,"href":"https:\/\/pizbube.ch\/en\/wp-json\/wp\/v2\/media\/32323"}],"wp:attachment":[{"href":"https:\/\/pizbube.ch\/en\/wp-json\/wp\/v2\/media?parent=154093"}],"wp:term":[{"taxonomy":"product_brand","embeddable":true,"href":"https:\/\/pizbube.ch\/en\/wp-json\/wp\/v2\/product_brand?post=154093"},{"taxonomy":"product_cat","embeddable":true,"href":"https:\/\/pizbube.ch\/en\/wp-json\/wp\/v2\/product_cat?post=154093"},{"taxonomy":"product_tag","embeddable":true,"href":"https:\/\/pizbube.ch\/en\/wp-json\/wp\/v2\/product_tag?post=154093"}],"curies":[{"name":"wp","href":"https:\/\/api.w.org\/{rel}","templated":true}]}}