{"id":154094,"date":"2021-01-15T14:22:59","date_gmt":"2021-01-15T14:22:59","guid":{"rendered":"https:\/\/codengine3.ch\/?product=import-placeholder-for-206119"},"modified":"2021-04-20T15:58:20","modified_gmt":"2021-04-20T13:58:20","slug":"traumhafte-huettenziele-in-den-schweizer-alpen","status":"publish","type":"product","link":"https:\/\/pizbube.ch\/en\/shop\/traumhafte-huettenziele-in-den-schweizer-alpen\/","title":{"rendered":"Traumhafte H\u00fcttenziele in den Schweizer Alpen"},"content":{"rendered":"<p>Das Buch enth\u00e4lt eine Auswahl der sch\u00f6nsten H\u00fctten der Schweizer Alpen, die<br \/>\nf\u00fcr Bergwanderer und Familien mit Kindern besonders attraktiv sind.<\/p>\n<p>Darunter sind bekannte Ziele, aber auch einige Geheimtipps, neben H\u00fctten des Schweizer<br \/>\nAlpen Clubs (SAC) auch einige private Bergunterk\u00fcnfte. Der Autor vermittelt<br \/>\nAtmosph\u00e4re und Charakter der Bergh\u00fctten und ihrer Landschaft, informiert \u00fcber<br \/>\nGeografie und Besteigungsgeschichte der umliegenden Berge und vermittelt<br \/>\nWissenswertes \u00fcber Natur und Volkskunde.<\/p>\n<p>Ein umfassender Informationsteil enth\u00e4lt die wichtigsten Angaben zu den<br \/>\nBergh\u00fctten, mit Wegbeschreibung und praktischer \u00dcbersichtskarte sowie<br \/>\nVorschl\u00e4ge f\u00fcr attraktive weiterf\u00fchrende Wege. \u00dcber 100 prachtvolle Farbfotos<br \/>\nverf\u00fchren zu eigenen Ausfl\u00fcgen in den Schweizer Alpen.<\/p>","protected":false},"excerpt":{"rendered":"<p>Das Buch enth\u00e4lt eine Auswahl der sch\u00f6nsten H\u00fctten der Schweizer Alpen, die f\u00fcr Bergwanderer und Familien mit Kindern besonders attraktiv sind. Darunter sind bekannte Ziele, aber auch einige Geheimtipps, neben H\u00fctten des Schweizer Alpen Clubs (SAC) auch einige private Bergunterk\u00fcnfte. Der Autor vermittelt Atmosph\u00e4re und Charakter der Bergh\u00fctten und ihrer Landschaft, informiert \u00fcber Geografie und [&#8230;]\n","protected":false},"featured_media":35039,"template":"","meta":[],"product_brand":[],"product_cat":[21542],"product_tag":[],"class_list":{"0":"post-154094","1":"product","2":"type-product","3":"status-publish","4":"has-post-thumbnail","6":"product_cat-sachbuecher-dokumentationen","7":"pa_autor-donatsch","8":"pa_erscheinungsjahr-21830","9":"pa_region-schweiz","10":"pa_sprache-de","12":"first","13":"instock","14":"taxable","15":"shipping-taxable","16":"purchasable","17":"product-type-simple"},"_links":{"self":[{"href":"https:\/\/pizbube.ch\/en\/wp-json\/wp\/v2\/product\/154094","targetHints":{"allow":["GET"]}}],"collection":[{"href":"https:\/\/pizbube.ch\/en\/wp-json\/wp\/v2\/product"}],"about":[{"href":"https:\/\/pizbube.ch\/en\/wp-json\/wp\/v2\/types\/product"}],"wp:featuredmedia":[{"embeddable":true,"href":"https:\/\/pizbube.ch\/en\/wp-json\/wp\/v2\/media\/35039"}],"wp:attachment":[{"href":"https:\/\/pizbube.ch\/en\/wp-json\/wp\/v2\/media?parent=154094"}],"wp:term":[{"taxonomy":"product_brand","embeddable":true,"href":"https:\/\/pizbube.ch\/en\/wp-json\/wp\/v2\/product_brand?post=154094"},{"taxonomy":"product_cat","embeddable":true,"href":"https:\/\/pizbube.ch\/en\/wp-json\/wp\/v2\/product_cat?post=154094"},{"taxonomy":"product_tag","embeddable":true,"href":"https:\/\/pizbube.ch\/en\/wp-json\/wp\/v2\/product_tag?post=154094"}],"curies":[{"name":"wp","href":"https:\/\/api.w.org\/{rel}","templated":true}]}}