{"id":154095,"date":"2021-01-15T14:22:59","date_gmt":"2021-01-15T14:22:59","guid":{"rendered":"https:\/\/codengine3.ch\/?product=import-placeholder-for-207075"},"modified":"2021-01-15T14:54:54","modified_gmt":"2021-01-15T14:54:54","slug":"die-schoensten-zweitagestouren-in-den-schweizer-alpen-2","status":"publish","type":"product","link":"https:\/\/pizbube.ch\/en\/shop\/die-schoensten-zweitagestouren-in-den-schweizer-alpen-2\/","title":{"rendered":"Die sch\u00f6nsten Zweitagestouren in den Schweizer Alpen"},"content":{"rendered":"<p>50 traumhafte Bergwanderungen mit H\u00fcttenromantik  <\/p>\n<p>50 spannende Vorschl\u00e4ge f\u00fcr zweit\u00e4gige Touren in den Schweizer Alpen. 50-mal<br \/>\ndie ideale Kombination zwischen Panoramazauber, H\u00fcttenfeeling und Naturgenuss<br \/>\nm\u00f6glichst abseits der allseits bekannten Wege. 50 Etappenkombinationen, die<br \/>\nsich am besten f\u00fcr eine Zweitageswanderung mit Anreise am ersten und R\u00fcckreise<br \/>\nam zweiten Tag eignen.<\/p>\n<p>Die 50 Tourenvorschl\u00e4ge sind gleichm\u00e4\u00dfig \u00fcber den Schweizer Alpenkranz<br \/>\nverteilt und f\u00fchren durch Landschaften von ganz unterschiedlichem Charakter.<br \/>\nOft sind schon die Ausgangspunkte eine Reise wert, dies am besten mit Bahn und<br \/>\nPostauto.<\/p>\n<p>Nach bew\u00e4hrtem Rezept der gro\u00dfformatigen Bergbuchreihe aus dem AT Verlag wurde<br \/>\nauch in diesem Band viel Wissenswertes rund um die Touren in leicht lesbare<br \/>\nTexte gepackt. In einem ausf\u00fchrlichen Serviceteil werden alle notwendigen<br \/>\npraktischen Informationen mitgeliefert. Eine \u00fcbersichtliche Karte und<br \/>\nexklusive Fotos runden die Beitr\u00e4ge ab. Genaue Hinweise zu Schwierigkeit und<br \/>\nRoutencharakter helfen bei der Routenwahl. S\u00e4mtliche Wanderrouten sind ohne<br \/>\nspezielle Ausr\u00fcstung begehbar.  <\/p>\n<p>Einband: Gebunden<br \/>\nUmfang: 164 Seiten, Format: 21 cm x 28 cm  <\/p>","protected":false},"excerpt":{"rendered":"<p>50 traumhafte Bergwanderungen mit H\u00fcttenromantik 50 spannende Vorschl\u00e4ge f\u00fcr zweit\u00e4gige Touren in den Schweizer Alpen. 50-mal die ideale Kombination zwischen Panoramazauber, H\u00fcttenfeeling und Naturgenuss m\u00f6glichst abseits der allseits bekannten Wege. 50 Etappenkombinationen, die sich am besten f\u00fcr eine Zweitageswanderung mit Anreise am ersten und R\u00fcckreise am zweiten Tag eignen. Die 50 Tourenvorschl\u00e4ge sind gleichm\u00e4\u00dfig \u00fcber [&#8230;]\n","protected":false},"featured_media":37616,"template":"","meta":[],"product_brand":[],"product_cat":[21605],"product_tag":[],"class_list":{"0":"post-154095","1":"product","2":"type-product","3":"status-publish","4":"has-post-thumbnail","6":"product_cat-wanderfuehrer-trekking","7":"pa_autor-coulin","8":"pa_erscheinungsjahr-21571","9":"pa_region-schweiz","10":"pa_sprache-de","12":"first","13":"outofstock","14":"taxable","15":"shipping-taxable","16":"purchasable","17":"product-type-simple"},"_links":{"self":[{"href":"https:\/\/pizbube.ch\/en\/wp-json\/wp\/v2\/product\/154095","targetHints":{"allow":["GET"]}}],"collection":[{"href":"https:\/\/pizbube.ch\/en\/wp-json\/wp\/v2\/product"}],"about":[{"href":"https:\/\/pizbube.ch\/en\/wp-json\/wp\/v2\/types\/product"}],"wp:featuredmedia":[{"embeddable":true,"href":"https:\/\/pizbube.ch\/en\/wp-json\/wp\/v2\/media\/37616"}],"wp:attachment":[{"href":"https:\/\/pizbube.ch\/en\/wp-json\/wp\/v2\/media?parent=154095"}],"wp:term":[{"taxonomy":"product_brand","embeddable":true,"href":"https:\/\/pizbube.ch\/en\/wp-json\/wp\/v2\/product_brand?post=154095"},{"taxonomy":"product_cat","embeddable":true,"href":"https:\/\/pizbube.ch\/en\/wp-json\/wp\/v2\/product_cat?post=154095"},{"taxonomy":"product_tag","embeddable":true,"href":"https:\/\/pizbube.ch\/en\/wp-json\/wp\/v2\/product_tag?post=154095"}],"curies":[{"name":"wp","href":"https:\/\/api.w.org\/{rel}","templated":true}]}}