{"id":154096,"date":"2021-01-15T14:22:59","date_gmt":"2021-01-15T14:22:59","guid":{"rendered":"https:\/\/codengine3.ch\/?product=import-placeholder-for-206754"},"modified":"2023-04-12T11:45:23","modified_gmt":"2023-04-12T09:45:23","slug":"die-schoensten-zweitagestouren-in-den-schweizer-alpen","status":"publish","type":"product","link":"https:\/\/pizbube.ch\/en\/shop\/die-schoensten-zweitagestouren-in-den-schweizer-alpen\/","title":{"rendered":"Die sch\u00f6nsten Zweitagestouren in den Schweizer Alpen"},"content":{"rendered":"<p>&#8211; 50 traumhafte Bergwanderungen mit H\u00fcttenromantik.<br \/>\n&#8211; Panoramazauber, H\u00fcttenfeeling und Naturgenuss.<br \/>\n&#8211; Unterschiedliche L\u00e4nge und Schwierigkeitsgrade.<\/p>\n<p>50 spannende Vorschl\u00e4ge f\u00fcr zweit\u00e4gige Touren in den Schweizer Alpen. 50-mal<br \/>\ndie ideale Kombination zwischen Panoramazauber, H\u00fcttenfeeling und Naturgenuss<br \/>\nm\u00f6glichst abseits der allseits bekannten Wege. 50 Etappenkombinationen, die<br \/>\nsich am besten f\u00fcr eine Zweitageswanderung mit Anreise am ersten und R\u00fcckreise<br \/>\nam zweiten Tag eignen.<\/p>\n<p>Die Tourenvorschl\u00e4ge f\u00fchren durch Landschaften von ganz unterschiedlichem<br \/>\nCharakter, verteilt \u00fcber den ganzen Schweizer Alpenkranz. Die ausf\u00fchrliche<br \/>\nBeschreibung der Touren wird erg\u00e4nzt durch eine F\u00fclle an Fotos, alle<br \/>\nnotwendigen praktischen Informationen sowie \u00fcbersichtliche Karten. Genaue<br \/>\nHinweise zu Schwierigkeit und Charakter der Wanderung helfen bei der<br \/>\nRoutenwahl. S\u00e4mtliche Routen sind ohne spezielle Ausr\u00fcstung begehbar.<\/p>\n<p>Einband: Broschur mit Klappe<br \/>\nUmfang: 232 Seiten; Format: 14.5 cm x 22 cm<\/p>","protected":false},"excerpt":{"rendered":"<p>&#8211; 50 traumhafte Bergwanderungen mit H\u00fcttenromantik. &#8211; Panoramazauber, H\u00fcttenfeeling und Naturgenuss. &#8211; Unterschiedliche L\u00e4nge und Schwierigkeitsgrade. 50 spannende Vorschl\u00e4ge f\u00fcr zweit\u00e4gige Touren in den Schweizer Alpen. 50-mal die ideale Kombination zwischen Panoramazauber, H\u00fcttenfeeling und Naturgenuss m\u00f6glichst abseits der allseits bekannten Wege. 50 Etappenkombinationen, die sich am besten f\u00fcr eine Zweitageswanderung mit Anreise am ersten und [&#8230;]\n","protected":false},"featured_media":36041,"template":"","meta":[],"product_brand":[],"product_cat":[21605],"product_tag":[],"class_list":{"0":"post-154096","1":"product","2":"type-product","3":"status-publish","4":"has-post-thumbnail","6":"product_cat-wanderfuehrer-trekking","7":"pa_autor-coulin","8":"pa_erscheinungsjahr-21586","9":"pa_region-schweiz","10":"pa_sprache-de","12":"first","13":"instock","14":"taxable","15":"shipping-taxable","16":"purchasable","17":"product-type-simple"},"_links":{"self":[{"href":"https:\/\/pizbube.ch\/en\/wp-json\/wp\/v2\/product\/154096","targetHints":{"allow":["GET"]}}],"collection":[{"href":"https:\/\/pizbube.ch\/en\/wp-json\/wp\/v2\/product"}],"about":[{"href":"https:\/\/pizbube.ch\/en\/wp-json\/wp\/v2\/types\/product"}],"wp:featuredmedia":[{"embeddable":true,"href":"https:\/\/pizbube.ch\/en\/wp-json\/wp\/v2\/media\/36041"}],"wp:attachment":[{"href":"https:\/\/pizbube.ch\/en\/wp-json\/wp\/v2\/media?parent=154096"}],"wp:term":[{"taxonomy":"product_brand","embeddable":true,"href":"https:\/\/pizbube.ch\/en\/wp-json\/wp\/v2\/product_brand?post=154096"},{"taxonomy":"product_cat","embeddable":true,"href":"https:\/\/pizbube.ch\/en\/wp-json\/wp\/v2\/product_cat?post=154096"},{"taxonomy":"product_tag","embeddable":true,"href":"https:\/\/pizbube.ch\/en\/wp-json\/wp\/v2\/product_tag?post=154096"}],"curies":[{"name":"wp","href":"https:\/\/api.w.org\/{rel}","templated":true}]}}