{"id":154097,"date":"2021-01-15T14:22:59","date_gmt":"2021-01-15T14:22:59","guid":{"rendered":"https:\/\/codengine3.ch\/?product=import-placeholder-for-207621"},"modified":"2024-06-05T09:00:59","modified_gmt":"2024-06-05T07:00:59","slug":"bergwandern-von-huette-zu-huette-genussvolle-mehrtageswanderungen","status":"publish","type":"product","link":"https:\/\/pizbube.ch\/en\/shop\/bergwandern-von-huette-zu-huette-genussvolle-mehrtageswanderungen\/","title":{"rendered":"Bergwandern von H\u00fctte zu H\u00fctte &#8211; Genussvolle Mehrtageswanderungen"},"content":{"rendered":"<p><span class=\"value\">Von der Anreise \u00fcber den Aufstieg, das Ausspannen, die Ausblicke von der H\u00fcttenterrasse, ein w\u00e4hrschaftes Znacht bis zum gem\u00fctlichen H\u00fcttenabend &#8211; die Schweizer Bergh\u00fctten bieten Kultur und Erlebnis pur f\u00fcr ein breites Publikum. Der SAC-F\u00fchrer beschreibt 29 genussvolle, einfache und mittelschwere Bergwanderungen von H\u00fctte zu H\u00fctte in der Schweiz und sorgt so f\u00fcr ein mehrfaches H\u00fcttenerlebnis. Alle Informationen f\u00fcr die Planung sind ausf\u00fchrlich in Text, Bild und \u00dcbersichtskarten dargestellt. Stimmungsvolle H\u00fcttenportr\u00e4ts liefern den Stoff f\u00fcrs Kopfkino vor der Tour. <\/span><\/p>\n<p><span class=\"value\">Die mehrheitlich auf drei Tage ausgelegten Wanderungen finden sich im gesamten Schweizer Alpenbogen &#8211; von der Kesch-H\u00fctte SAC im B\u00fcndnerland \u00fcber die Alp Tschingelfeld im Berner Oberland bis zur Cabane de Susanfe CAS im Angesicht der Dents du Midi. Dies macht Bergwandern von H\u00fctte zu H\u00fctte zu einem unverzichtbaren Begleiter bei der Erkundung der Schweizer Bergh\u00fcttenwelt.<\/span><\/p>\n<p>248 Seiten, 30 Routenkarten, vierfarbig,<br \/>\n3. \u00fcberarbeitete Auflage 2024<\/p>","protected":false},"excerpt":{"rendered":"<ul>\n<li><a href=\"https:\/\/pizbube.ch\/wp-content\/uploads\/attachments\/a_014\/49F79CC8FB4594EA1651BBB856201603.pdf\" target=\"_blank\" rel=\"noopener\">PDF: Leseprobe_Von_H\u00fctte_zu_H\u00fctte.pdf<\/a><\/li>\n<\/ul>","protected":false},"featured_media":164977,"template":"","meta":[],"product_brand":[],"product_cat":[21605],"product_tag":[],"class_list":{"0":"post-154097","1":"product","2":"type-product","3":"status-publish","4":"has-post-thumbnail","6":"product_cat-wanderfuehrer-trekking","7":"pa_autor-coulin","8":"pa_erscheinungsjahr-27339","9":"pa_region-schweiz","10":"pa_sprache-de","12":"first","13":"instock","14":"taxable","15":"shipping-taxable","16":"purchasable","17":"product-type-simple"},"_links":{"self":[{"href":"https:\/\/pizbube.ch\/en\/wp-json\/wp\/v2\/product\/154097","targetHints":{"allow":["GET"]}}],"collection":[{"href":"https:\/\/pizbube.ch\/en\/wp-json\/wp\/v2\/product"}],"about":[{"href":"https:\/\/pizbube.ch\/en\/wp-json\/wp\/v2\/types\/product"}],"wp:featuredmedia":[{"embeddable":true,"href":"https:\/\/pizbube.ch\/en\/wp-json\/wp\/v2\/media\/164977"}],"wp:attachment":[{"href":"https:\/\/pizbube.ch\/en\/wp-json\/wp\/v2\/media?parent=154097"}],"wp:term":[{"taxonomy":"product_brand","embeddable":true,"href":"https:\/\/pizbube.ch\/en\/wp-json\/wp\/v2\/product_brand?post=154097"},{"taxonomy":"product_cat","embeddable":true,"href":"https:\/\/pizbube.ch\/en\/wp-json\/wp\/v2\/product_cat?post=154097"},{"taxonomy":"product_tag","embeddable":true,"href":"https:\/\/pizbube.ch\/en\/wp-json\/wp\/v2\/product_tag?post=154097"}],"curies":[{"name":"wp","href":"https:\/\/api.w.org\/{rel}","templated":true}]}}