{"id":154098,"date":"2021-01-15T14:22:59","date_gmt":"2021-01-15T14:22:59","guid":{"rendered":"https:\/\/codengine3.ch\/?product=import-placeholder-for-207969"},"modified":"2025-07-10T10:08:40","modified_gmt":"2025-07-10T08:08:40","slug":"alpinwandern-von-huette-zu-huette-anspruchsvolle-huettentrekkings-in-der-schweiz","status":"publish","type":"product","link":"https:\/\/pizbube.ch\/en\/shop\/alpinwandern-von-huette-zu-huette-anspruchsvolle-huettentrekkings-in-der-schweiz\/","title":{"rendered":"Alpinwandern von H\u00fctte zu H\u00fctte &#8211; Anspruchsvolle H\u00fcttentrekkings in der Schweiz"},"content":{"rendered":"<p>In diesem Band sind 27 anspruchsvolle Trekkings von H\u00fctte zu H\u00fctte in den<br \/>\nSchweizer Alpen detailliert dargestellt. Die Schwierigkeitsgrade bewegen sich<br \/>\nzwischen T3 und T6.<\/p>\n<p>Beste Alpinwanderkost f\u00fcr trittsichere und ausdauernde Bergg\u00e4ngerinnen und<br \/>\nBergg\u00e4nger. Es ist f\u00fcr jedes Zeitbudget etwas dabei &#8211; von der Dreitagestour<br \/>\nbis zum 7-Tage-Unternehmen mit Etappen zwischen vier und neun Stunden<br \/>\nWanderzeit. Bei einigen Etappen sind Abstecher zu nahen Gipfelzielen mit<br \/>\neinbezogen.<\/p>\n<p>Kartonierter Einband, 250 Seiten<br \/>\n1. Auflage 2020<\/p>","protected":false},"excerpt":{"rendered":"<ul>\n<li><strong><a href=\"https:\/\/pizbube.ch\/wp-content\/uploads\/attachments\/a_027\/B823ADE6DBA34C24C05136B239C061B4.pdf\" target=\"_blank\" rel=\"noopener\">PDF: Leseprobe_Alpinwandern_VonH\u00fcttezuH\u00fctte<\/a><\/strong><\/li>\n<\/ul>","protected":false},"featured_media":180418,"template":"","meta":[],"product_brand":[],"product_cat":[21605],"product_tag":[],"class_list":{"0":"post-154098","1":"product","2":"type-product","3":"status-publish","4":"has-post-thumbnail","6":"product_cat-wanderfuehrer-trekking","7":"pa_autor-coulin","8":"pa_erscheinungsjahr-21558","9":"pa_region-schweiz","10":"pa_sprache-de","12":"first","13":"instock","14":"taxable","15":"shipping-taxable","16":"purchasable","17":"product-type-simple"},"_links":{"self":[{"href":"https:\/\/pizbube.ch\/en\/wp-json\/wp\/v2\/product\/154098","targetHints":{"allow":["GET"]}}],"collection":[{"href":"https:\/\/pizbube.ch\/en\/wp-json\/wp\/v2\/product"}],"about":[{"href":"https:\/\/pizbube.ch\/en\/wp-json\/wp\/v2\/types\/product"}],"wp:featuredmedia":[{"embeddable":true,"href":"https:\/\/pizbube.ch\/en\/wp-json\/wp\/v2\/media\/180418"}],"wp:attachment":[{"href":"https:\/\/pizbube.ch\/en\/wp-json\/wp\/v2\/media?parent=154098"}],"wp:term":[{"taxonomy":"product_brand","embeddable":true,"href":"https:\/\/pizbube.ch\/en\/wp-json\/wp\/v2\/product_brand?post=154098"},{"taxonomy":"product_cat","embeddable":true,"href":"https:\/\/pizbube.ch\/en\/wp-json\/wp\/v2\/product_cat?post=154098"},{"taxonomy":"product_tag","embeddable":true,"href":"https:\/\/pizbube.ch\/en\/wp-json\/wp\/v2\/product_tag?post=154098"}],"curies":[{"name":"wp","href":"https:\/\/api.w.org\/{rel}","templated":true}]}}