{"id":154099,"date":"2021-01-15T14:23:00","date_gmt":"2021-01-15T14:23:00","guid":{"rendered":"https:\/\/codengine3.ch\/?product=import-placeholder-for-205911"},"modified":"2021-01-15T14:44:53","modified_gmt":"2021-01-15T14:44:53","slug":"king-of-da-caillasse-vol-1-dvd","status":"publish","type":"product","link":"https:\/\/pizbube.ch\/en\/shop\/king-of-da-caillasse-vol-1-dvd\/","title":{"rendered":"King of da caillasse Vol. 1 DVD"},"content":{"rendered":"<p>Ce DVD nous fait d\u00e9couvrir plusieurs spots mondiaux dont le c\u00e9l\u00e8bre Rockland.<br \/>\nDe magnifiques images de ces lieux mythiques, le tout dans une ambiance<br \/>\nsympathique avec des grimpeurs Internationaux (Tony Lamiche, Lisa Rands).  <\/p>\n<p>Au programme : bloc en gr\u00e8ce (Tinos), afrique du sud (Rockland), Italie<br \/>\n(Chiomonte) et \u00e0 Annot (France), voies dans le Fournel et \u00e0 Tournoux.  <\/p>\n<p>Grimpeurs : Toni Lamiche, Fran\u00e7ois Lombard, Yann Gesquiers, Ben et Mat<br \/>\nSemiond, Lisa Rands, Wills Young&#8230;<br \/>\nPAL16\/9, Zone 2, Dur\u00e9e : 62 mn  <\/p>","protected":false},"excerpt":{"rendered":"<p>Ce DVD nous fait d\u00e9couvrir plusieurs spots mondiaux dont le c\u00e9l\u00e8bre Rockland. De magnifiques images de ces lieux mythiques, le tout dans une ambiance sympathique avec des grimpeurs Internationaux (Tony Lamiche, Lisa Rands). Au programme : bloc en gr\u00e8ce (Tinos), afrique du sud (Rockland), Italie (Chiomonte) et \u00e0 Annot (France), voies dans le Fournel et [&#8230;]\n","protected":false},"featured_media":34766,"template":"","meta":[],"product_brand":[],"product_cat":[21628],"product_tag":[],"class_list":{"0":"post-154099","1":"product","2":"type-product","3":"status-publish","4":"has-post-thumbnail","6":"product_cat-video-dvd-multimedia","7":"pa_autor-team-les-collets","8":"pa_erscheinungsjahr-21591","9":"pa_region-frankreich","10":"pa_sprache-fr","12":"first","13":"instock","14":"taxable","15":"shipping-taxable","16":"purchasable","17":"product-type-simple"},"_links":{"self":[{"href":"https:\/\/pizbube.ch\/en\/wp-json\/wp\/v2\/product\/154099","targetHints":{"allow":["GET"]}}],"collection":[{"href":"https:\/\/pizbube.ch\/en\/wp-json\/wp\/v2\/product"}],"about":[{"href":"https:\/\/pizbube.ch\/en\/wp-json\/wp\/v2\/types\/product"}],"wp:featuredmedia":[{"embeddable":true,"href":"https:\/\/pizbube.ch\/en\/wp-json\/wp\/v2\/media\/34766"}],"wp:attachment":[{"href":"https:\/\/pizbube.ch\/en\/wp-json\/wp\/v2\/media?parent=154099"}],"wp:term":[{"taxonomy":"product_brand","embeddable":true,"href":"https:\/\/pizbube.ch\/en\/wp-json\/wp\/v2\/product_brand?post=154099"},{"taxonomy":"product_cat","embeddable":true,"href":"https:\/\/pizbube.ch\/en\/wp-json\/wp\/v2\/product_cat?post=154099"},{"taxonomy":"product_tag","embeddable":true,"href":"https:\/\/pizbube.ch\/en\/wp-json\/wp\/v2\/product_tag?post=154099"}],"curies":[{"name":"wp","href":"https:\/\/api.w.org\/{rel}","templated":true}]}}