{"id":154100,"date":"2021-01-15T14:23:00","date_gmt":"2021-01-15T14:23:00","guid":{"rendered":"https:\/\/codengine3.ch\/?product=import-placeholder-for-205226"},"modified":"2025-03-14T12:00:17","modified_gmt":"2025-03-14T11:00:17","slug":"tinos-bloc","status":"publish","type":"product","link":"https:\/\/pizbube.ch\/en\/shop\/tinos-bloc\/","title":{"rendered":"Tinos-Bloc"},"content":{"rendered":"<p>LIVADA &#8211; KAKIA SKALA &#8211; PETRIADOS &#8211; VOLAX<\/p>\n<p>Tinos &#8211; das neue Boulderparadies in der \u00c4g\u00e4is! Ein 20 qkm ausladendes<br \/>\nBlockfeld bietet Bet\u00e4tigungspotenzial ohne Ende. Knapp 600 Probleme in 16<br \/>\nSektoren von Fb 2 bis Fb 8b sind bereits erschlossen und farbig markiert,<br \/>\ngerade mal ein winziger Anfang und doch schon eines der gr\u00f6\u00dften Europ\u00e4ischen<br \/>\nBouldergebiete.<\/p>\n<p>Tinos ist in der kalten Jahreszeit ideal f\u00fcr ambitioniertes Bouldern. Der<br \/>\nGenussboulderer und Erholungssuchende kommt auf der Insel ebenfalls voll auf<br \/>\nseine Kosten, auch im Winter! Bootsausfl\u00fcge, Tauchen, Baden &#8211; Tinos bietet das<br \/>\nvolle Urlaubsprogramm f\u00fcr jedermann\/frau und ist auch f\u00fcr Familien ein<br \/>\ntraumhaftes Reiseziel.<\/p>\n<p>Genaue Anreiseinformationen<br \/>\nKontaktadresse f\u00fcr die Planung von Unterkunft etc.<br \/>\nDetaillierte Anfahrts- und Zustiegskarten<br \/>\nTopos der Blockfelder<br \/>\nFotos der Bl\u00f6cke mit eingezeichneten Boulderverl\u00e4ufen<br \/>\nViele Actionbilder im Innenteil<br \/>\nKontaktadresse f\u00fcr die Planung der Freizeitgestaltung<\/p>\n<p>Tinos &#8211; the new bouldering paradise in the Aegean Sea! A 20 sqkm large<br \/>\nboulderfield offers endless possiblities. About 600 problems in 16 sectors are<br \/>\ndone and marked with coloured arrows at present, just a tiny part for<br \/>\nbeginning but already one of the biggest bouldering areas in Europe. Tinos is<br \/>\nperfect for hard bouldering in the cold season. For the &#171;fun&#187;-boulderer and<br \/>\npeople who come to relax the island is perfect as well, also in winter! Boat<br \/>\nexcurions, diving, swimming &#8211; Tinos offers the whole holiday program for<br \/>\neveryone. Also for families the island is a dream-like destination.<\/p>\n<p>Contact address for the reservation of your accomodation and more<br \/>\nExact maps for access and approach<br \/>\nTopos of the boulder-fields<br \/>\nPhotos of the boulders with the course of the problems<br \/>\nMany pictures inside<br \/>\nContact address for planning free time activities<\/p>","protected":false},"excerpt":{"rendered":"<p>LIVADA &#8211; KAKIA SKALA &#8211; PETRIADOS &#8211; VOLAX Tinos &#8211; das neue Boulderparadies in der \u00c4g\u00e4is! Ein 20 qkm ausladendes Blockfeld bietet Bet\u00e4tigungspotenzial ohne Ende. Knapp 600 Probleme in 16 Sektoren von Fb 2 bis Fb 8b sind bereits erschlossen und farbig markiert, gerade mal ein winziger Anfang und doch schon eines der gr\u00f6\u00dften Europ\u00e4ischen [&#8230;]\n","protected":false},"featured_media":177336,"template":"","meta":[],"product_brand":[],"product_cat":[21539],"product_tag":[27507],"class_list":{"0":"post-154100","1":"product","2":"type-product","3":"status-publish","4":"has-post-thumbnail","6":"product_cat-fuehrerliteratur-sportklettern-bouldern","7":"product_tag-tinos-block","8":"pa_autor-oelze-roeker","9":"pa_erscheinungsjahr-21591","10":"pa_region-griechenland","11":"pa_sprache-d","12":"pa_sprache-e","14":"first","15":"instock","16":"taxable","17":"shipping-taxable","18":"purchasable","19":"product-type-simple"},"_links":{"self":[{"href":"https:\/\/pizbube.ch\/en\/wp-json\/wp\/v2\/product\/154100","targetHints":{"allow":["GET"]}}],"collection":[{"href":"https:\/\/pizbube.ch\/en\/wp-json\/wp\/v2\/product"}],"about":[{"href":"https:\/\/pizbube.ch\/en\/wp-json\/wp\/v2\/types\/product"}],"wp:featuredmedia":[{"embeddable":true,"href":"https:\/\/pizbube.ch\/en\/wp-json\/wp\/v2\/media\/177336"}],"wp:attachment":[{"href":"https:\/\/pizbube.ch\/en\/wp-json\/wp\/v2\/media?parent=154100"}],"wp:term":[{"taxonomy":"product_brand","embeddable":true,"href":"https:\/\/pizbube.ch\/en\/wp-json\/wp\/v2\/product_brand?post=154100"},{"taxonomy":"product_cat","embeddable":true,"href":"https:\/\/pizbube.ch\/en\/wp-json\/wp\/v2\/product_cat?post=154100"},{"taxonomy":"product_tag","embeddable":true,"href":"https:\/\/pizbube.ch\/en\/wp-json\/wp\/v2\/product_tag?post=154100"}],"curies":[{"name":"wp","href":"https:\/\/api.w.org\/{rel}","templated":true}]}}