{"id":154102,"date":"2021-01-15T14:23:00","date_gmt":"2021-01-15T14:23:00","guid":{"rendered":"https:\/\/codengine3.ch\/?product=import-placeholder-for-206449"},"modified":"2021-01-15T14:49:01","modified_gmt":"2021-01-15T14:49:01","slug":"mustang-im-land-der-lo-pa","status":"publish","type":"product","link":"https:\/\/pizbube.ch\/en\/shop\/mustang-im-land-der-lo-pa\/","title":{"rendered":"Mustang &#8211; Im Land der Lo-pa"},"content":{"rendered":"<p>Auf den Spuren der kulturellen Vergangenheit des nordwestlichen Nepal  <\/p>\n<p>&#8218;Ich war auf ein verh\u00e4ltnism\u00e4\u00dfig unfruchtbares Land vorbereitet gewesen; Aber<br \/>\ndies hier \u00fcbertraf meine k\u00fchnsten Vorstellungen. Wie konnten in diesem Land<br \/>\nirgendwelche Menschen leben? Diese Landschaft war viel w\u00fcsten\u00e4hnlicher als die<br \/>\nTibets, wie sie mir beschrieben worden war. Was unter mir lag, war das reine<br \/>\nChaos, und meine \u00dcberraschung war so gro\u00df, da\u00df ich den seltsamen Reiz eines<br \/>\nsolchen Landes zun\u00e4chst nicht zu erfassen vermochte. Einen Augenblick fragte<br \/>\nich mich, wie es mir je m\u00f6glich sein w\u00fcrde, dieses undankbare Gebiet, wo<br \/>\nbestenfalls Adler horsten konnten, zu erforschen.&#8216; &#8211; Michel Peissel, &#8218;Das<br \/>\nverbotene K\u00f6nigreich im Himalaya&#8216;  <\/p>\n<p>Vor zwanzig Jahren noch ein &#8218;Verbotenes Land&#8216; f\u00fcr Ausl\u00e4nder, wurde das<br \/>\neinstige K\u00f6nigreich Mustang im Norden Nepals bald das letzte erreichbare<br \/>\nTraumziel f\u00fcr Himalaya-Liebhaber zwischen Ladakh und Bhutan. Naturr\u00e4umlich,<br \/>\nethnisch und kulturgeschichtlich mehr Teil von Tibet als von Nepal, ist Lo<br \/>\n(gLo bo) oder M\u00f6nthang (sMon thang), wie es die alten Schriften nennen, durch<br \/>\nseine \u00fcberaus vielf\u00e4ltige, formenund farbenreiche Geologie und seine<br \/>\nbuddhistische Klosterwelt ein irdisches Shangrila geworden, ein Synonym f\u00fcr<br \/>\ndie &#8218;Faszination Tibet&#8216;, wo Berge G\u00f6tter sind. Und als &#8218;Wohnort der G\u00f6tter&#8216;,<br \/>\nDevalaya, wurden auch die Berge des Himalaya, der &#8218;St\u00e4tte des Schnees&#8216;, in den<br \/>\nalten indischen Schriften bezeichnet &#8230;<\/p>","protected":false},"excerpt":{"rendered":"<p>Auf den Spuren der kulturellen Vergangenheit des nordwestlichen Nepal &#8218;Ich war auf ein verh\u00e4ltnism\u00e4\u00dfig unfruchtbares Land vorbereitet gewesen; Aber dies hier \u00fcbertraf meine k\u00fchnsten Vorstellungen. Wie konnten in diesem Land irgendwelche Menschen leben? Diese Landschaft war viel w\u00fcsten\u00e4hnlicher als die Tibets, wie sie mir beschrieben worden war. Was unter mir lag, war das reine Chaos, [&#8230;]\n","protected":false},"featured_media":35494,"template":"","meta":[],"product_brand":[],"product_cat":[21542],"product_tag":[],"class_list":{"0":"post-154102","1":"product","2":"type-product","3":"status-publish","4":"has-post-thumbnail","6":"product_cat-sachbuecher-dokumentationen","7":"pa_autor-beck","8":"pa_erscheinungsjahr-21830","9":"pa_region-asien","10":"pa_sprache-de","12":"first","13":"instock","14":"taxable","15":"shipping-taxable","16":"purchasable","17":"product-type-simple"},"_links":{"self":[{"href":"https:\/\/pizbube.ch\/en\/wp-json\/wp\/v2\/product\/154102","targetHints":{"allow":["GET"]}}],"collection":[{"href":"https:\/\/pizbube.ch\/en\/wp-json\/wp\/v2\/product"}],"about":[{"href":"https:\/\/pizbube.ch\/en\/wp-json\/wp\/v2\/types\/product"}],"wp:featuredmedia":[{"embeddable":true,"href":"https:\/\/pizbube.ch\/en\/wp-json\/wp\/v2\/media\/35494"}],"wp:attachment":[{"href":"https:\/\/pizbube.ch\/en\/wp-json\/wp\/v2\/media?parent=154102"}],"wp:term":[{"taxonomy":"product_brand","embeddable":true,"href":"https:\/\/pizbube.ch\/en\/wp-json\/wp\/v2\/product_brand?post=154102"},{"taxonomy":"product_cat","embeddable":true,"href":"https:\/\/pizbube.ch\/en\/wp-json\/wp\/v2\/product_cat?post=154102"},{"taxonomy":"product_tag","embeddable":true,"href":"https:\/\/pizbube.ch\/en\/wp-json\/wp\/v2\/product_tag?post=154102"}],"curies":[{"name":"wp","href":"https:\/\/api.w.org\/{rel}","templated":true}]}}