{"id":154111,"date":"2021-01-15T14:23:07","date_gmt":"2021-01-15T14:23:07","guid":{"rendered":"https:\/\/codengine3.ch\/?product=import-placeholder-for-205529"},"modified":"2021-01-15T14:41:58","modified_gmt":"2021-01-15T14:41:58","slug":"trient-mont-blanc-a-tire-daile-flight-over","status":"publish","type":"product","link":"https:\/\/pizbube.ch\/en\/shop\/trient-mont-blanc-a-tire-daile-flight-over\/","title":{"rendered":"Trient &#8211; Mont-Blanc: \u00e0 tire-d&#8217;aile \/ flight over"},"content":{"rendered":"<p>Trient (Suisse, vall\u00e9e, VS) [photographies a\u00e9riennes]\nMont-Blanc (massif) Suisse [photographies a\u00e9riennes]  <\/p>\n<p>Dans son errance, l&#8217;homme part vers l&#8217;ouest, bifurque brutalement plein sud,<br \/>\ns&#8217;enfonce encore vers l&#8217;ouest, s&#8217;enfuit verrs le nord, puis perd ses<br \/>\ncoordonn\u00e9es dans une nouvelle terre qu&#8217;il adopte. C&#8217;est une terre difficile<br \/>\nqui vomit des grumeaux rocheux, un paysage r\u00eache. Les mondes sont rest\u00e9s fig\u00e9s<br \/>\ndans une \u00e9taped de transformation et semblent encore chercher leur \u00e9quilibre.  <\/p>\n<p>\u00e9dition bilingue fran\u00e7ais-anglais (Broch\u00e9)  <\/p>\n","protected":false},"excerpt":{"rendered":"<p>Trient (Suisse, vall\u00e9e, VS) [photographies a\u00e9riennes] Mont-Blanc (massif) Suisse [photographies a\u00e9riennes] Dans son errance, l&#8217;homme part vers l&#8217;ouest, bifurque brutalement plein sud, s&#8217;enfonce encore vers l&#8217;ouest, s&#8217;enfuit verrs le nord, puis perd ses coordonn\u00e9es dans une nouvelle terre qu&#8217;il adopte. C&#8217;est une terre difficile qui vomit des grumeaux rocheux, un paysage r\u00eache. Les mondes sont [&#8230;]\n","protected":false},"featured_media":34262,"template":"","meta":[],"product_brand":[],"product_cat":[21580],"product_tag":[],"class_list":{"0":"post-154111","1":"product","2":"type-product","3":"status-publish","4":"has-post-thumbnail","6":"product_cat-kunst-kultur","7":"pa_autor-ackermann","8":"pa_erscheinungsjahr-21842","9":"pa_region-frankreich","10":"pa_sprache-e","11":"pa_sprache-f","13":"first","14":"instock","15":"taxable","16":"shipping-taxable","17":"purchasable","18":"product-type-simple"},"_links":{"self":[{"href":"https:\/\/pizbube.ch\/en\/wp-json\/wp\/v2\/product\/154111","targetHints":{"allow":["GET"]}}],"collection":[{"href":"https:\/\/pizbube.ch\/en\/wp-json\/wp\/v2\/product"}],"about":[{"href":"https:\/\/pizbube.ch\/en\/wp-json\/wp\/v2\/types\/product"}],"wp:featuredmedia":[{"embeddable":true,"href":"https:\/\/pizbube.ch\/en\/wp-json\/wp\/v2\/media\/34262"}],"wp:attachment":[{"href":"https:\/\/pizbube.ch\/en\/wp-json\/wp\/v2\/media?parent=154111"}],"wp:term":[{"taxonomy":"product_brand","embeddable":true,"href":"https:\/\/pizbube.ch\/en\/wp-json\/wp\/v2\/product_brand?post=154111"},{"taxonomy":"product_cat","embeddable":true,"href":"https:\/\/pizbube.ch\/en\/wp-json\/wp\/v2\/product_cat?post=154111"},{"taxonomy":"product_tag","embeddable":true,"href":"https:\/\/pizbube.ch\/en\/wp-json\/wp\/v2\/product_tag?post=154111"}],"curies":[{"name":"wp","href":"https:\/\/api.w.org\/{rel}","templated":true}]}}