{"id":154121,"date":"2021-01-15T14:23:16","date_gmt":"2021-01-15T14:23:16","guid":{"rendered":"https:\/\/codengine3.ch\/?product=import-placeholder-for-205012"},"modified":"2021-01-15T14:37:59","modified_gmt":"2021-01-15T14:37:59","slug":"berge-im-kasten","status":"publish","type":"product","link":"https:\/\/pizbube.ch\/en\/shop\/berge-im-kasten\/","title":{"rendered":"Berge im Kasten"},"content":{"rendered":"<p>Fotografien aus der Sammlung des Deutschen Alpenvereins, 1870-1914  <\/p>\n<p>Gezeigt wird die Fr\u00fchgeschichte der Alpenfotografie. Originale Fotoabz\u00fcge<br \/>\ngeben einen Einblick in die Anf\u00e4nge des Alpintourismus bis zum Ersten<br \/>\nWeltkrieg und dokumentieren die Bergwelt vor hundert Jahren. Die<br \/>\nSchwarzwei\u00dffotografien damaliger Starfotografen wie Bernhard Johannes und<br \/>\nVittorio Sella, aber auch zahlreiche private Knipserfotos \u00fcben heute einen<br \/>\nbesonderen \u00e4sthetischen Reiz aus.  <\/p>\n<p>Ausstellungkatalog zur gleichnamigen Ausstellung im Haus des Alpinismus auf<br \/>\nder Praterinsel in M\u00fcnchen.<br \/>\n(160 Seiten, 150 Abbildungen)  <\/p>","protected":false},"excerpt":{"rendered":"<p>Fotografien aus der Sammlung des Deutschen Alpenvereins, 1870-1914 Gezeigt wird die Fr\u00fchgeschichte der Alpenfotografie. Originale Fotoabz\u00fcge geben einen Einblick in die Anf\u00e4nge des Alpintourismus bis zum Ersten Weltkrieg und dokumentieren die Bergwelt vor hundert Jahren. Die Schwarzwei\u00dffotografien damaliger Starfotografen wie Bernhard Johannes und Vittorio Sella, aber auch zahlreiche private Knipserfotos \u00fcben heute einen besonderen \u00e4sthetischen [&#8230;]\n","protected":false},"featured_media":33588,"template":"","meta":[],"product_brand":[],"product_cat":[21580],"product_tag":[],"class_list":{"0":"post-154121","1":"product","2":"type-product","3":"status-publish","4":"has-post-thumbnail","6":"product_cat-kunst-kultur","7":"pa_autor-dav","8":"pa_erscheinungsjahr-21763","9":"pa_region-deutschland","10":"pa_sprache-de","12":"first","13":"instock","14":"taxable","15":"shipping-taxable","16":"purchasable","17":"product-type-simple"},"_links":{"self":[{"href":"https:\/\/pizbube.ch\/en\/wp-json\/wp\/v2\/product\/154121","targetHints":{"allow":["GET"]}}],"collection":[{"href":"https:\/\/pizbube.ch\/en\/wp-json\/wp\/v2\/product"}],"about":[{"href":"https:\/\/pizbube.ch\/en\/wp-json\/wp\/v2\/types\/product"}],"wp:featuredmedia":[{"embeddable":true,"href":"https:\/\/pizbube.ch\/en\/wp-json\/wp\/v2\/media\/33588"}],"wp:attachment":[{"href":"https:\/\/pizbube.ch\/en\/wp-json\/wp\/v2\/media?parent=154121"}],"wp:term":[{"taxonomy":"product_brand","embeddable":true,"href":"https:\/\/pizbube.ch\/en\/wp-json\/wp\/v2\/product_brand?post=154121"},{"taxonomy":"product_cat","embeddable":true,"href":"https:\/\/pizbube.ch\/en\/wp-json\/wp\/v2\/product_cat?post=154121"},{"taxonomy":"product_tag","embeddable":true,"href":"https:\/\/pizbube.ch\/en\/wp-json\/wp\/v2\/product_tag?post=154121"}],"curies":[{"name":"wp","href":"https:\/\/api.w.org\/{rel}","templated":true}]}}