{"id":154123,"date":"2021-01-15T14:23:18","date_gmt":"2021-01-15T14:23:18","guid":{"rendered":"https:\/\/codengine3.ch\/?product=import-placeholder-for-205808"},"modified":"2021-01-15T14:44:03","modified_gmt":"2021-01-15T14:44:03","slug":"pirineos-20-refugios-40-cumbres","status":"publish","type":"product","link":"https:\/\/pizbube.ch\/en\/shop\/pirineos-20-refugios-40-cumbres\/","title":{"rendered":"Pirineos &#8211; 20 refugios &#8211; 40 cumbres"},"content":{"rendered":"<p>He aqu\u00ed una gu\u00eda que recoge una interesant\u00edsima idea: hacer de los refugios<br \/>\ndel Pirineo el punto de partida de nuestras ascensiones. Los itinerarios que<br \/>\nse describen en estas p\u00e1ginas recorren gran parte de los principales macizos<br \/>\ndel Pirineo por caminos y senderos que en muchas ocasiones se alejan de las<br \/>\nrutas cl\u00e1sicas. Los aficionados a la monta\u00f1a podr\u00e1n realizar, entre otras<br \/>\npropuestas, traves\u00edas de cumbres en el Pedraforca, en el Monte Perdido o en el<br \/>\nVignemale.  <\/p>\n<p>Todas las ascensiones tienen como referencia 20 refugios que por su<br \/>\nestrat\u00e9gica situaci\u00f3n nos ayudar\u00e1n a descubrir rincones del Pirineo un tanto<br \/>\nolvidados, sea por la actual masificaci\u00f3n de la monta\u00f1a o porque no siempre<br \/>\nson la v\u00eda de acceso m\u00e1s r\u00e1pida. La mayor\u00eda de itinerarios puede realizarse<br \/>\npartiendo y regresando al refugio en una o dos jornadas, aunque en algunos<br \/>\ncasos se pueden empalmar dos o tres rutas, realiz\u00e1ndolas en diversas etapas a<br \/>\nmodo de traves\u00eda. En la gu\u00eda tambi\u00e9n aparecen refugios alternativos donde<br \/>\npernoctar en caso de querer realizar alguna variante o por si se desea alargar<br \/>\nuno o dos itinerarios.  <\/p>","protected":false},"excerpt":{"rendered":"<p>He aqu\u00ed una gu\u00eda que recoge una interesant\u00edsima idea: hacer de los refugios del Pirineo el punto de partida de nuestras ascensiones. Los itinerarios que se describen en estas p\u00e1ginas recorren gran parte de los principales macizos del Pirineo por caminos y senderos que en muchas ocasiones se alejan de las rutas cl\u00e1sicas. Los aficionados [&#8230;]\n","protected":false},"featured_media":34633,"template":"","meta":[],"product_brand":[],"product_cat":[22143],"product_tag":[],"class_list":{"0":"post-154123","1":"product","2":"type-product","3":"status-publish","4":"has-post-thumbnail","6":"product_cat-huettenverzeichnisse-hotelfuehrer","7":"pa_autor-riverola-nikitina","8":"pa_erscheinungsjahr-21693","9":"pa_region-spanien","10":"pa_sprache-sp","12":"first","13":"instock","14":"taxable","15":"shipping-taxable","16":"purchasable","17":"product-type-simple"},"_links":{"self":[{"href":"https:\/\/pizbube.ch\/en\/wp-json\/wp\/v2\/product\/154123","targetHints":{"allow":["GET"]}}],"collection":[{"href":"https:\/\/pizbube.ch\/en\/wp-json\/wp\/v2\/product"}],"about":[{"href":"https:\/\/pizbube.ch\/en\/wp-json\/wp\/v2\/types\/product"}],"wp:featuredmedia":[{"embeddable":true,"href":"https:\/\/pizbube.ch\/en\/wp-json\/wp\/v2\/media\/34633"}],"wp:attachment":[{"href":"https:\/\/pizbube.ch\/en\/wp-json\/wp\/v2\/media?parent=154123"}],"wp:term":[{"taxonomy":"product_brand","embeddable":true,"href":"https:\/\/pizbube.ch\/en\/wp-json\/wp\/v2\/product_brand?post=154123"},{"taxonomy":"product_cat","embeddable":true,"href":"https:\/\/pizbube.ch\/en\/wp-json\/wp\/v2\/product_cat?post=154123"},{"taxonomy":"product_tag","embeddable":true,"href":"https:\/\/pizbube.ch\/en\/wp-json\/wp\/v2\/product_tag?post=154123"}],"curies":[{"name":"wp","href":"https:\/\/api.w.org\/{rel}","templated":true}]}}