{"id":154124,"date":"2021-01-15T14:23:18","date_gmt":"2021-01-15T14:23:18","guid":{"rendered":"https:\/\/codengine3.ch\/?product=import-placeholder-for-205803"},"modified":"2022-06-21T18:07:05","modified_gmt":"2022-06-21T16:07:05","slug":"pirineos-escaladas-faciles-cataluna-y-andorra","status":"publish","type":"product","link":"https:\/\/pizbube.ch\/en\/shop\/pirineos-escaladas-faciles-cataluna-y-andorra\/","title":{"rendered":"Pirineos. Escaladas f\u00e1ciles. Catalu\u00f1a y Andorra"},"content":{"rendered":"<p>La cordillera de los Pirineos es la m\u00e1s larga e importante de la Pen\u00ednsula, un<br \/>\ninmenso sistema monta\u00f1oso que hermana y une para siempre a diferentes tierras,<br \/>\nculturas e idiomas; cordillera de paisajes hermosos, de sorprendentes y<br \/>\ngrandes contrastes, a veces hasta radicales, especialmente entre el verano<br \/>\nsuave y estable, y el invierno riguroso y nevado.<\/p>\n<p>Como en todas las cordilleras y macizos que hay en el mundo, la cordillera<br \/>\npirenaica posee miles de itinerarios de todas las dificultades y desniveles,<br \/>\nlos cuales colmar\u00e1n de felicidad y orgullo al pirine\u00edsta mejor preparado y<br \/>\ntambi\u00e9n al excursionista ne\u00f3fito.<\/p>","protected":false},"excerpt":{"rendered":"<p>La cordillera de los Pirineos es la m\u00e1s larga e importante de la Pen\u00ednsula, un inmenso sistema monta\u00f1oso que hermana y une para siempre a diferentes tierras, culturas e idiomas; cordillera de paisajes hermosos, de sorprendentes y grandes contrastes, a veces hasta radicales, especialmente entre el verano suave y estable, y el invierno riguroso y [&#8230;]\n","protected":false},"featured_media":34628,"template":"","meta":[],"product_brand":[],"product_cat":[21544],"product_tag":[26950],"class_list":{"0":"post-154124","1":"product","2":"type-product","3":"status-publish","4":"has-post-thumbnail","6":"product_cat-fuehrerliteratur-alpin-sommer","7":"product_tag-pyrenaeen","8":"pa_autor-gel","9":"pa_erscheinungsjahr-21693","10":"pa_region-spanien","11":"pa_sprache-span","13":"first","14":"instock","15":"taxable","16":"shipping-taxable","17":"purchasable","18":"product-type-simple"},"_links":{"self":[{"href":"https:\/\/pizbube.ch\/en\/wp-json\/wp\/v2\/product\/154124","targetHints":{"allow":["GET"]}}],"collection":[{"href":"https:\/\/pizbube.ch\/en\/wp-json\/wp\/v2\/product"}],"about":[{"href":"https:\/\/pizbube.ch\/en\/wp-json\/wp\/v2\/types\/product"}],"wp:featuredmedia":[{"embeddable":true,"href":"https:\/\/pizbube.ch\/en\/wp-json\/wp\/v2\/media\/34628"}],"wp:attachment":[{"href":"https:\/\/pizbube.ch\/en\/wp-json\/wp\/v2\/media?parent=154124"}],"wp:term":[{"taxonomy":"product_brand","embeddable":true,"href":"https:\/\/pizbube.ch\/en\/wp-json\/wp\/v2\/product_brand?post=154124"},{"taxonomy":"product_cat","embeddable":true,"href":"https:\/\/pizbube.ch\/en\/wp-json\/wp\/v2\/product_cat?post=154124"},{"taxonomy":"product_tag","embeddable":true,"href":"https:\/\/pizbube.ch\/en\/wp-json\/wp\/v2\/product_tag?post=154124"}],"curies":[{"name":"wp","href":"https:\/\/api.w.org\/{rel}","templated":true}]}}