{"id":154125,"date":"2021-01-15T14:23:18","date_gmt":"2021-01-15T14:23:18","guid":{"rendered":"https:\/\/codengine3.ch\/?product=import-placeholder-for-205298"},"modified":"2021-01-15T14:40:10","modified_gmt":"2021-01-15T14:40:10","slug":"lawinenunfaelle-in-den-schweizer-alpen-winter-2005-2006","status":"publish","type":"product","link":"https:\/\/pizbube.ch\/en\/shop\/lawinenunfaelle-in-den-schweizer-alpen-winter-2005-2006\/","title":{"rendered":"Lawinenunf\u00e4lle in den Schweizer Alpen Winter 2005 \/ 2006"},"content":{"rendered":"<p>Personen- und Sachsch\u00e4den<br \/>\nEidg. Institut f\u00fcr Schnee- und Lawinenforschung SLF. 132 S.  <\/p>\n<p>In diesem Bericht sind die Unf\u00e4lle mit Unterst\u00fctzung von Kartenausschnitten,<br \/>\nBildern und tabellarischen Zusammenfassungen \u00fcber das Wettergeschehen und \u00fcber<br \/>\ndie Lawinen dargestellt.  <\/p>\n<p>28 Lawinenunf\u00e4lle aus dem Winter 2005\/06 wurden im vorliegenden Bericht<br \/>\ndetailliert beschrieben. In einer Zusammenfassung sind die wichtigsten<br \/>\nEreignisse und Besonderheiten des Winters beschrieben und auch mit fr\u00fcheren<br \/>\nWintern verglichen. Neben den ausgew\u00e4hlten Beispielen sind alle Unf\u00e4lle in<br \/>\nverschiedenen Tabellen erfasst. Auch viele interessante langj\u00e4hrige<br \/>\nStatistiken &#8211; beispielsweise \u00fcber Hangneigungen, Expositionen,<br \/>\nVersch\u00fcttungsfolgen, Auffindemittel und vieles mehr &#8211; sind im Unfallbericht<br \/>\nenthalten.  <\/p>","protected":false},"excerpt":{"rendered":"<p>Personen- und Sachsch\u00e4den Eidg. Institut f\u00fcr Schnee- und Lawinenforschung SLF. 132 S. In diesem Bericht sind die Unf\u00e4lle mit Unterst\u00fctzung von Kartenausschnitten, Bildern und tabellarischen Zusammenfassungen \u00fcber das Wettergeschehen und \u00fcber die Lawinen dargestellt. 28 Lawinenunf\u00e4lle aus dem Winter 2005\/06 wurden im vorliegenden Bericht detailliert beschrieben. In einer Zusammenfassung sind die wichtigsten Ereignisse und Besonderheiten [&#8230;]\n","protected":false},"featured_media":33965,"template":"","meta":[],"product_brand":[],"product_cat":[21542],"product_tag":[],"class_list":{"0":"post-154125","1":"product","2":"type-product","3":"status-publish","4":"has-post-thumbnail","6":"product_cat-sachbuecher-dokumentationen","7":"pa_autor-zweifel","8":"pa_erscheinungsjahr-21591","9":"pa_region-alpin-winter","10":"pa_sprache-de","12":"first","13":"instock","14":"taxable","15":"shipping-taxable","16":"purchasable","17":"product-type-simple"},"_links":{"self":[{"href":"https:\/\/pizbube.ch\/en\/wp-json\/wp\/v2\/product\/154125","targetHints":{"allow":["GET"]}}],"collection":[{"href":"https:\/\/pizbube.ch\/en\/wp-json\/wp\/v2\/product"}],"about":[{"href":"https:\/\/pizbube.ch\/en\/wp-json\/wp\/v2\/types\/product"}],"wp:featuredmedia":[{"embeddable":true,"href":"https:\/\/pizbube.ch\/en\/wp-json\/wp\/v2\/media\/33965"}],"wp:attachment":[{"href":"https:\/\/pizbube.ch\/en\/wp-json\/wp\/v2\/media?parent=154125"}],"wp:term":[{"taxonomy":"product_brand","embeddable":true,"href":"https:\/\/pizbube.ch\/en\/wp-json\/wp\/v2\/product_brand?post=154125"},{"taxonomy":"product_cat","embeddable":true,"href":"https:\/\/pizbube.ch\/en\/wp-json\/wp\/v2\/product_cat?post=154125"},{"taxonomy":"product_tag","embeddable":true,"href":"https:\/\/pizbube.ch\/en\/wp-json\/wp\/v2\/product_tag?post=154125"}],"curies":[{"name":"wp","href":"https:\/\/api.w.org\/{rel}","templated":true}]}}