{"id":154126,"date":"2021-01-15T14:23:18","date_gmt":"2021-01-15T14:23:18","guid":{"rendered":"https:\/\/codengine3.ch\/?product=import-placeholder-for-203447"},"modified":"2021-01-15T14:23:23","modified_gmt":"2021-01-15T14:23:23","slug":"escaladas-en-el-municipio-de-murcia","status":"publish","type":"product","link":"https:\/\/pizbube.ch\/en\/shop\/escaladas-en-el-municipio-de-murcia\/","title":{"rendered":"Escaladas en el municipio de Murcia"},"content":{"rendered":"<p>Gu\u00eda de escaladas en Murcia. Contiene toda la informaci\u00f3n necesaria: Con una<br \/>\nintroducci\u00f3n general sobre la zona, una descripci\u00f3n detallada de cada sector,<br \/>\nclima y dificultad de las v\u00edas. Con croquis de los sectores y v\u00edas y<br \/>\nfotograf\u00edas, y todos los datos necesarios para los escaladores.<\/p>\n<p>Contiene: Nombre de la v\u00eda, longitud, dificultad, primer escalador que la<br \/>\nencaden\u00f3, material necesario, grado, zonas claves, exposici\u00f3n, caracter\u00edsticas<br \/>\nde la roca, descripci\u00f3n detallada de cada movimiento&#8230;etc. Adem\u00e1s de<br \/>\ninformaci\u00f3n sobre aparcamiento, vertiente de la pared, masificaci\u00f3n, altitud,<br \/>\nmapas y pueblos cercanos.<\/p>","protected":false},"excerpt":{"rendered":"<p>Gu\u00eda de escaladas en Murcia. Contiene toda la informaci\u00f3n necesaria: Con una introducci\u00f3n general sobre la zona, una descripci\u00f3n detallada de cada sector, clima y dificultad de las v\u00edas. Con croquis de los sectores y v\u00edas y fotograf\u00edas, y todos los datos necesarios para los escaladores. Contiene: Nombre de la v\u00eda, longitud, dificultad, primer escalador [&#8230;]\n","protected":false},"featured_media":31058,"template":"","meta":[],"product_brand":[],"product_cat":[21539],"product_tag":[],"class_list":{"0":"post-154126","1":"product","2":"type-product","3":"status-publish","4":"has-post-thumbnail","6":"product_cat-fuehrerliteratur-sportklettern-bouldern","7":"pa_autor-martinez","8":"pa_erscheinungsjahr-21920","9":"pa_region-spanien","10":"pa_sprache-sp","12":"first","13":"instock","14":"taxable","15":"shipping-taxable","16":"purchasable","17":"product-type-simple"},"_links":{"self":[{"href":"https:\/\/pizbube.ch\/en\/wp-json\/wp\/v2\/product\/154126","targetHints":{"allow":["GET"]}}],"collection":[{"href":"https:\/\/pizbube.ch\/en\/wp-json\/wp\/v2\/product"}],"about":[{"href":"https:\/\/pizbube.ch\/en\/wp-json\/wp\/v2\/types\/product"}],"wp:featuredmedia":[{"embeddable":true,"href":"https:\/\/pizbube.ch\/en\/wp-json\/wp\/v2\/media\/31058"}],"wp:attachment":[{"href":"https:\/\/pizbube.ch\/en\/wp-json\/wp\/v2\/media?parent=154126"}],"wp:term":[{"taxonomy":"product_brand","embeddable":true,"href":"https:\/\/pizbube.ch\/en\/wp-json\/wp\/v2\/product_brand?post=154126"},{"taxonomy":"product_cat","embeddable":true,"href":"https:\/\/pizbube.ch\/en\/wp-json\/wp\/v2\/product_cat?post=154126"},{"taxonomy":"product_tag","embeddable":true,"href":"https:\/\/pizbube.ch\/en\/wp-json\/wp\/v2\/product_tag?post=154126"}],"curies":[{"name":"wp","href":"https:\/\/api.w.org\/{rel}","templated":true}]}}