{"id":154127,"date":"2021-01-15T14:23:19","date_gmt":"2021-01-15T14:23:19","guid":{"rendered":"https:\/\/codengine3.ch\/?product=import-placeholder-for-204578"},"modified":"2025-08-23T10:14:35","modified_gmt":"2025-08-23T08:14:35","slug":"mallorca-135000","status":"publish","type":"product","link":"https:\/\/pizbube.ch\/en\/shop\/mallorca-135000\/","title":{"rendered":"Mallorca 1:35&#8217;000"},"content":{"rendered":"<p>KOMPASS Wanderkarte Mallorca. 1:35&#8217;000<br \/>\nmit Radrouten;<\/p>\n<p>4 Karten; mit Download-M\u00f6glichkeit Kompass-App; Kompass Wanderkarten Blatt 2230<\/p>\n<p><span class=\"value\">Wanderkarte Mallorca: Das Kartenset f\u00fcr Wandern, Fahrradfahren und viele weitere Aktivit\u00e4ten in der NaturKompass Wanderkarten-Sets decken eine ganze Region mit mehreren Karten ab. Sie sind einfach zu lesen und beinhalten trotzdem alle Informationen, die man f\u00fcr eine perfekte Wandertour, eine Fahrradrunde oder einen Ausflug ben\u00f6tigt. Sie bilden die Natur im passenden Ma\u00dfstab ab. Unz\u00e4hlige zus\u00e4tzliche Informationen werden vom Kartografie-Team laufend gepr\u00fcft und erweitert. Die pr\u00e4zise Kartografie beinhaltet alle offiziellen Wanderwege mit Namen und Wegnummer (wie Fernwege), Fahrradwege (mit Trails), Klettersteige, Gasth\u00e4user und H\u00fctten, Parkpl\u00e4tze, Bus &amp; Bahn, Skitouren und Loipen, Quellen, Badepl\u00e4tze und vieles mehr. Das macht die Karte ideal zum Entdecken neuer Ziele, zum Planen von Touren und zum Orientieren unterwegs. Ein intuitives Kartenbild der Landschaft entsteht durch die abgebildete Vegetation, H\u00f6henlinien, Felszeichnung sowie der Schummerung (Schattenwurf) der Berge.<\/span><\/p>","protected":false},"excerpt":{"rendered":"<p>KOMPASS Wanderkarte Mallorca. 1:35&#8217;000 mit Radrouten; 4 Karten; mit Download-M\u00f6glichkeit Kompass-App; Kompass Wanderkarten Blatt 2230 Wanderkarte Mallorca: Das Kartenset f\u00fcr Wandern, Fahrradfahren und viele weitere Aktivit\u00e4ten in der NaturKompass Wanderkarten-Sets decken eine ganze Region mit mehreren Karten ab. Sie sind einfach zu lesen und beinhalten trotzdem alle Informationen, die man f\u00fcr eine perfekte Wandertour, eine [&#8230;]\n","protected":false},"featured_media":181045,"template":"","meta":[],"product_brand":[],"product_cat":[21543],"product_tag":[],"class_list":{"0":"post-154127","1":"product","2":"type-product","3":"status-publish","4":"has-post-thumbnail","6":"product_cat-landkarten","7":"pa_autor-kompass","8":"pa_erscheinungsjahr-27415","9":"pa_region-spanien","10":"pa_sprache-de","12":"first","13":"instock","14":"taxable","15":"shipping-taxable","16":"purchasable","17":"product-type-simple"},"_links":{"self":[{"href":"https:\/\/pizbube.ch\/en\/wp-json\/wp\/v2\/product\/154127","targetHints":{"allow":["GET"]}}],"collection":[{"href":"https:\/\/pizbube.ch\/en\/wp-json\/wp\/v2\/product"}],"about":[{"href":"https:\/\/pizbube.ch\/en\/wp-json\/wp\/v2\/types\/product"}],"wp:featuredmedia":[{"embeddable":true,"href":"https:\/\/pizbube.ch\/en\/wp-json\/wp\/v2\/media\/181045"}],"wp:attachment":[{"href":"https:\/\/pizbube.ch\/en\/wp-json\/wp\/v2\/media?parent=154127"}],"wp:term":[{"taxonomy":"product_brand","embeddable":true,"href":"https:\/\/pizbube.ch\/en\/wp-json\/wp\/v2\/product_brand?post=154127"},{"taxonomy":"product_cat","embeddable":true,"href":"https:\/\/pizbube.ch\/en\/wp-json\/wp\/v2\/product_cat?post=154127"},{"taxonomy":"product_tag","embeddable":true,"href":"https:\/\/pizbube.ch\/en\/wp-json\/wp\/v2\/product_tag?post=154127"}],"curies":[{"name":"wp","href":"https:\/\/api.w.org\/{rel}","templated":true}]}}