{"id":154128,"date":"2021-01-15T14:23:19","date_gmt":"2021-01-15T14:23:19","guid":{"rendered":"https:\/\/codengine3.ch\/?product=import-placeholder-for-206477"},"modified":"2021-08-02T17:32:40","modified_gmt":"2021-08-02T15:32:40","slug":"gaias-gipfel-mein-weg-vom-gantrisch-zum-mount-everest","status":"publish","type":"product","link":"https:\/\/pizbube.ch\/en\/shop\/gaias-gipfel-mein-weg-vom-gantrisch-zum-mount-everest\/","title":{"rendered":"Gaias Gipfel &#8211; Mein Weg vom Gantrisch zum Mount Everest"},"content":{"rendered":"<p>Leidenschaftlich gern besteigt Veronika Meyer Berge \u2013 hierzulande und<br \/>\nweltweit. Ebenso leidenschaftlich reflektiert sie \u00fcber Angst, Mut, Krankheit<br \/>\nund Tod. Doch warum klettert sie auf Berge, warum gar auf den Everest?<\/p>\n<p>Eiger, M\u00f6nch, Jungfrau und andere Eisriesen locken unwiderstehlich, doch<br \/>\nvorerst sind sie unerreichbar. Fr\u00fch tritt gar der Mount Everest ins Blickfeld<br \/>\nvon Veronika Meyer: der h\u00f6chste Berg auf Erden \u2013 oder auf Gaia, der<br \/>\npersonifizierten Mutter Erde der alten Griechen. Allen Hindernissen und selbst<br \/>\neiner Herzerkrankung zum Trotz zieht Veronika Meyer aus, ihn zu besteigen.<\/p>\n<p>Was in den Voralpen beginnt und seine logische Fortsetzung auf den Viertausendern<br \/>\nder Alpen findet, kulminiert nach Jahrzehnten intensiven Bergsteigens in den<br \/>\n&#8218;Seven Summits&#8216;, den h\u00f6chsten Gipfeln der sieben Kontinente: Kilimanjaro,<br \/>\nCarstensz-Pyramide, Elbrus, Aconcagua, Denali, Mount Vinson und Everest.<\/p>\n<p>Auf schmalen Graten und in Eisw\u00e4nden wird die Zerbrechlichkeit des Daseins<br \/>\ndirekt erfahrbar, eine Krankheit wird lebensbedrohlich, und selbst der Tod<br \/>\nspielt in mannigfacher Weise mit. \u2013 Die mit pers\u00f6nlichen Bildern reich<br \/>\nillustrierte Autobiographie einer aussergew\u00f6hnlichen Alpinistin.<\/p>","protected":false},"excerpt":{"rendered":"<p>Leidenschaftlich gern besteigt Veronika Meyer Berge \u2013 hierzulande und weltweit. Ebenso leidenschaftlich reflektiert sie \u00fcber Angst, Mut, Krankheit und Tod. Doch warum klettert sie auf Berge, warum gar auf den Everest? Eiger, M\u00f6nch, Jungfrau und andere Eisriesen locken unwiderstehlich, doch vorerst sind sie unerreichbar. Fr\u00fch tritt gar der Mount Everest ins Blickfeld von Veronika Meyer: [&#8230;]\n","protected":false},"featured_media":35524,"template":"","meta":[],"product_brand":[],"product_cat":[21542],"product_tag":[],"class_list":{"0":"post-154128","1":"product","2":"type-product","3":"status-publish","4":"has-post-thumbnail","6":"product_cat-sachbuecher-dokumentationen","7":"pa_autor-meyer","8":"pa_erscheinungsjahr-21610","9":"pa_region-schweiz","10":"pa_sprache-de","12":"first","13":"onbackorder","14":"taxable","15":"shipping-taxable","16":"purchasable","17":"product-type-simple"},"_links":{"self":[{"href":"https:\/\/pizbube.ch\/en\/wp-json\/wp\/v2\/product\/154128","targetHints":{"allow":["GET"]}}],"collection":[{"href":"https:\/\/pizbube.ch\/en\/wp-json\/wp\/v2\/product"}],"about":[{"href":"https:\/\/pizbube.ch\/en\/wp-json\/wp\/v2\/types\/product"}],"wp:featuredmedia":[{"embeddable":true,"href":"https:\/\/pizbube.ch\/en\/wp-json\/wp\/v2\/media\/35524"}],"wp:attachment":[{"href":"https:\/\/pizbube.ch\/en\/wp-json\/wp\/v2\/media?parent=154128"}],"wp:term":[{"taxonomy":"product_brand","embeddable":true,"href":"https:\/\/pizbube.ch\/en\/wp-json\/wp\/v2\/product_brand?post=154128"},{"taxonomy":"product_cat","embeddable":true,"href":"https:\/\/pizbube.ch\/en\/wp-json\/wp\/v2\/product_cat?post=154128"},{"taxonomy":"product_tag","embeddable":true,"href":"https:\/\/pizbube.ch\/en\/wp-json\/wp\/v2\/product_tag?post=154128"}],"curies":[{"name":"wp","href":"https:\/\/api.w.org\/{rel}","templated":true}]}}