{"id":154129,"date":"2021-01-15T14:23:19","date_gmt":"2021-01-15T14:23:19","guid":{"rendered":"https:\/\/codengine3.ch\/?product=import-placeholder-for-204810"},"modified":"2021-01-15T14:36:27","modified_gmt":"2021-01-15T14:36:27","slug":"schottland-central-highlands-cairngorms-national-park","status":"publish","type":"product","link":"https:\/\/pizbube.ch\/en\/shop\/schottland-central-highlands-cairngorms-national-park\/","title":{"rendered":"Schottland: Central Highlands &#038; Cairngorms National Park"},"content":{"rendered":"<p>Die Central Highlands im Herzen Schottlands werden gepr\u00e4gt von den<br \/>\nmajest\u00e4tischen Bergen der Grampian Mountains. Gro\u00dfbritanniens gr\u00f6\u00dfte<br \/>\nzusammenh\u00e4ngende Gebirgskette erstreckt sich vom Loch Lomond bis hinauf nach<br \/>\nInverness. Die atemberaubende Szenerie der rauen Landschaft mit ihren<br \/>\nheidebewachsenen Bergen und tiefschwarzen Seen, gepaart mit unzug\u00e4nglichen<br \/>\nMooren und gr\u00fcnen W\u00e4ldern bilden hier eine einzigartige Naturkulisse. Im<br \/>\nn\u00f6rdlichen Teil der Grampian Mountains, zwischen Aviemore und Braemar liegt<br \/>\nder j\u00fcngste Nationalpark der Insel, der Cairngorms National Park. Es f\u00fchren<br \/>\nkeine Stra\u00dfen in den Nationalpark hinein, nur drum herum und somit bleibt<br \/>\ndieser herb sch\u00f6ne Landstrich ganz dem unmotorisierten Besucher vorbehalten.<br \/>\nEin Paradies f\u00fcr den naturliebenden Wanderer, der eine Nacht unter freiem<br \/>\nHimmel am malerischen Bergsee Loch Avon verbringen will um am n\u00e4chsten Tag<br \/>\nSchottlands zweith\u00f6chsten Gipfel, Ben MacDui, zu erklimmen.<\/p>\n<p>Den fast menschenleeren kargen T\u00e4lern im den Cairngorms steht die beinahe<br \/>\nliebliche Gegend der Trossachs im S\u00fcden der Central Highlands gegen\u00fcber. Vier<br \/>\nverschiedene Mehrtagestouren, von der Genusswanderung mit Hotel\u00fcbernachtung<br \/>\nbis zum ambitionierten Wildnistrekking bieten f\u00fcr jeden Geschmack etwas. Alle<br \/>\nWandertouren k\u00f6nnen leicht miteinander kombiniert werden, wobei der Anspruch<br \/>\nvon Tour zu Tour steigt. Der Wegverlauf wird ausf\u00fchrlich in einzelnen<br \/>\nTagesetappen beschrieben und enth\u00e4lt au\u00dferdem noch Empfehlungen zu<br \/>\nUnterk\u00fcnften, bestm\u00f6glicher Anreise zum Ausgangspunkt, Abstecher und m\u00f6glichen<br \/>\nGipfelbesteigungen entlang der Route. Im allgemeinen Teil gibt es handfeste<br \/>\nund praktische Tipps, die f\u00fcr die Organisation und Durchf\u00fchrung der Wandertour<br \/>\nunerl\u00e4sslich sind.<br \/>\n2. Auflage 2014, 160 Seiten, 19 Karten, 43 farbige Abbildungen, 21 farbige<br \/>\nH\u00f6henprofile<\/p>","protected":false},"excerpt":{"rendered":"<p>Die Central Highlands im Herzen Schottlands werden gepr\u00e4gt von den majest\u00e4tischen Bergen der Grampian Mountains. Gro\u00dfbritanniens gr\u00f6\u00dfte zusammenh\u00e4ngende Gebirgskette erstreckt sich vom Loch Lomond bis hinauf nach Inverness. Die atemberaubende Szenerie der rauen Landschaft mit ihren heidebewachsenen Bergen und tiefschwarzen Seen, gepaart mit unzug\u00e4nglichen Mooren und gr\u00fcnen W\u00e4ldern bilden hier eine einzigartige Naturkulisse. Im n\u00f6rdlichen [&#8230;]\n","protected":false},"featured_media":28415,"template":"","meta":[],"product_brand":[],"product_cat":[21605],"product_tag":[],"class_list":{"0":"post-154129","1":"product","2":"type-product","3":"status-publish","4":"has-post-thumbnail","6":"product_cat-wanderfuehrer-trekking","7":"pa_autor-dietrich-vogel","8":"pa_erscheinungsjahr-21550","9":"pa_region-grossbritannien-scottland","10":"pa_sprache-de","12":"first","13":"instock","14":"taxable","15":"shipping-taxable","16":"purchasable","17":"product-type-simple"},"_links":{"self":[{"href":"https:\/\/pizbube.ch\/en\/wp-json\/wp\/v2\/product\/154129","targetHints":{"allow":["GET"]}}],"collection":[{"href":"https:\/\/pizbube.ch\/en\/wp-json\/wp\/v2\/product"}],"about":[{"href":"https:\/\/pizbube.ch\/en\/wp-json\/wp\/v2\/types\/product"}],"wp:featuredmedia":[{"embeddable":true,"href":"https:\/\/pizbube.ch\/en\/wp-json\/wp\/v2\/media\/28415"}],"wp:attachment":[{"href":"https:\/\/pizbube.ch\/en\/wp-json\/wp\/v2\/media?parent=154129"}],"wp:term":[{"taxonomy":"product_brand","embeddable":true,"href":"https:\/\/pizbube.ch\/en\/wp-json\/wp\/v2\/product_brand?post=154129"},{"taxonomy":"product_cat","embeddable":true,"href":"https:\/\/pizbube.ch\/en\/wp-json\/wp\/v2\/product_cat?post=154129"},{"taxonomy":"product_tag","embeddable":true,"href":"https:\/\/pizbube.ch\/en\/wp-json\/wp\/v2\/product_tag?post=154129"}],"curies":[{"name":"wp","href":"https:\/\/api.w.org\/{rel}","templated":true}]}}