{"id":154130,"date":"2021-01-15T14:23:19","date_gmt":"2021-01-15T14:23:19","guid":{"rendered":"https:\/\/codengine3.ch\/?product=import-placeholder-for-205353"},"modified":"2021-01-15T14:40:35","modified_gmt":"2021-01-15T14:40:35","slug":"die-schottischen-highlands-31-wandertouren","status":"publish","type":"product","link":"https:\/\/pizbube.ch\/en\/shop\/die-schottischen-highlands-31-wandertouren\/","title":{"rendered":"Die schottischen Highlands &#8211; 31 Wandertouren"},"content":{"rendered":"<p>Dieser Wanderf\u00fchrer erschlie\u00dft auf ausgew\u00e4hlten Routen die Natursch\u00f6nheiten<br \/>\nder schottischen Highlands mitsamt der Insel Skye.<\/p>\n<p>Die schottischen Highlands geh\u00f6ren zu den attraktivsten Wandergebieten<br \/>\nEuropas: Sanfte Buchten und gr\u00fcne H\u00fcgel an der Westk\u00fcste bei Oban; gro\u00dfartige<br \/>\nBergpanoramen am Ben Nevis (1344 m), dem h\u00f6chsten Berg Schottlands;<br \/>\nspektakul\u00e4re Felsnadeln auf der Wolkeninsel Skye, die als sch\u00f6nste<br \/>\nWanderregion Gro\u00dfbritanniens gilt; wilde Moore und Seen in Assynt, dem<br \/>\neinsamen Nordwesten; W\u00e4lder und Hochplateaus im Cairngorm-Gebirge;<br \/>\naussichtsreiche Berge in den touristisch gut erschlossenen Trossachs. Und als<br \/>\nZugabe: eine Weitwanderung von K\u00fcste zu K\u00fcste auf dem 117 km langen Great Glen<br \/>\nWay zwischen Fort William und der Highlands-Hauptstadt Inverness.<\/p>\n<p>Das Buch zeichnet sich durch ausf\u00fchrliche Tourenbeschreibungen mit exakten<br \/>\nKarten und H\u00f6henprofilen aus: Vier Wanderungen an der K\u00fcste bei Oban + Sechs<br \/>\nWanderungen bei Fort Williams am Ben Nevis + F\u00fcnf Wanderungen auf der Insel<br \/>\nSkye + Vier Wanderungen in der wilden Region Assynt + Sechs Wanderungen im<br \/>\nCairngorm-Gebirge + F\u00fcnf Wanderungen im Trossach-Gebirge + Sechst\u00e4gige<br \/>\nWeitwanderung auf dem Great Glen Way, vorbei an Loch Ness.<\/p>\n<p>Zus\u00e4tzlich bietet der Reisef\u00fchrer detaillierte Informationen speziell f\u00fcr<br \/>\nIndividualreisende:<\/p>\n<p>Vorbereitung der Reise: Was geh\u00f6rt ins Gep\u00e4ck? Wie reist man am besten an?<br \/>\nBilligfl\u00fcge nach Glasgow und Edinburgh. Preiswerte Zwischen\u00fcbernachtung.<br \/>\nWeiterreise in die Highlands.<br \/>\nWandererst\u00fctzpunkte im schottischen Hochland: \u00dcbernachtungsadressen,<br \/>\nRestauranttipps f\u00fcr Oban, Fort William, Portree, Ullapool, Lochinver, Aviemore<br \/>\nund Callander. Genaue Ortspl\u00e4ne. Angaben zu Bahn- und Busverbindungen, f\u00fcr<br \/>\nWanderer ohne Auto \u2013 fast alle Touren sind mit \u00f6ffentlichen Verkehrsmitteln<br \/>\nm\u00f6glich.<br \/>\nHintergr\u00fcnde: Keltische Kultur, Geschichts\u00fcbersicht, Traditionen der<br \/>\nKleinbauern, g\u00e4lische Sprache, informative Exkurse.<br \/>\nVorbereitung der Wanderungen: Anforderungen, Dauer und H\u00f6henunterschiede,<br \/>\nAusr\u00fcstung und Kartenmaterial.  <\/p>\n<p>4. Auflage 2018<\/p>","protected":false},"excerpt":{"rendered":"<p>Dieser Wanderf\u00fchrer erschlie\u00dft auf ausgew\u00e4hlten Routen die Natursch\u00f6nheiten der schottischen Highlands mitsamt der Insel Skye. Die schottischen Highlands geh\u00f6ren zu den attraktivsten Wandergebieten Europas: Sanfte Buchten und gr\u00fcne H\u00fcgel an der Westk\u00fcste bei Oban; gro\u00dfartige Bergpanoramen am Ben Nevis (1344 m), dem h\u00f6chsten Berg Schottlands; spektakul\u00e4re Felsnadeln auf der Wolkeninsel Skye, die als sch\u00f6nste Wanderregion [&#8230;]\n","protected":false},"featured_media":38468,"template":"","meta":[],"product_brand":[],"product_cat":[21605],"product_tag":[],"class_list":{"0":"post-154130","1":"product","2":"type-product","3":"status-publish","4":"has-post-thumbnail","6":"product_cat-wanderfuehrer-trekking","7":"pa_autor-sykes","8":"pa_erscheinungsjahr-21546","9":"pa_region-grossbritannien-scottland","10":"pa_sprache-de","12":"first","13":"instock","14":"taxable","15":"shipping-taxable","16":"purchasable","17":"product-type-simple"},"_links":{"self":[{"href":"https:\/\/pizbube.ch\/en\/wp-json\/wp\/v2\/product\/154130","targetHints":{"allow":["GET"]}}],"collection":[{"href":"https:\/\/pizbube.ch\/en\/wp-json\/wp\/v2\/product"}],"about":[{"href":"https:\/\/pizbube.ch\/en\/wp-json\/wp\/v2\/types\/product"}],"wp:featuredmedia":[{"embeddable":true,"href":"https:\/\/pizbube.ch\/en\/wp-json\/wp\/v2\/media\/38468"}],"wp:attachment":[{"href":"https:\/\/pizbube.ch\/en\/wp-json\/wp\/v2\/media?parent=154130"}],"wp:term":[{"taxonomy":"product_brand","embeddable":true,"href":"https:\/\/pizbube.ch\/en\/wp-json\/wp\/v2\/product_brand?post=154130"},{"taxonomy":"product_cat","embeddable":true,"href":"https:\/\/pizbube.ch\/en\/wp-json\/wp\/v2\/product_cat?post=154130"},{"taxonomy":"product_tag","embeddable":true,"href":"https:\/\/pizbube.ch\/en\/wp-json\/wp\/v2\/product_tag?post=154130"}],"curies":[{"name":"wp","href":"https:\/\/api.w.org\/{rel}","templated":true}]}}