{"id":154132,"date":"2021-01-15T14:23:19","date_gmt":"2021-01-15T14:23:19","guid":{"rendered":"https:\/\/codengine3.ch\/?product=import-placeholder-for-208668"},"modified":"2025-04-29T14:03:55","modified_gmt":"2025-04-29T12:03:55","slug":"22-wanderungen-schottische-highlands","status":"publish","type":"product","link":"https:\/\/pizbube.ch\/en\/shop\/22-wanderungen-schottische-highlands\/","title":{"rendered":"22 Wanderungen Schottische Highlands"},"content":{"rendered":"<p>Schottland ist ein wahres Wanderparadies, besonders f\u00fcr Menschen, die einsame,<br \/>\nraue Landschaften, lange Wanderungen und wilde Berge lieben. Dieses Buch<br \/>\nstellt 22 der sch\u00f6nsten Touren in den schottischen Highlands vor: in den<br \/>\nNationalparks Cairngorms und Loch Lomond\/Trossachs und in den Regionen<br \/>\nLochaber und Wester Ross. K\u00fcrzere Wanderungen finden sich dabei ebenso wie<br \/>\nBergbesteigungen, vielseitige Tages- oder Zweitagestouren. Die einzelnen<br \/>\nWegbeschreibungen werden durch praktische Infos zu Anreise- und<br \/>\nEinkehrm\u00f6glichkeiten, Kinder- und Hundetauglichkeit sowie Karten und<br \/>\nH\u00f6henprofile erg\u00e4nzt. GPS-Tracks zu jeder Tour k\u00f6nnen im Internet kostenlos<br \/>\nheruntergeladen werden.<\/p>\n<p>1. Auflage 2016, 160 Seiten, 32 Karten, 55 farbige Abbildungen, 26 farbige<br \/>\nH\u00f6henprofile<\/p>","protected":false},"excerpt":{"rendered":"<p>Schottland ist ein wahres Wanderparadies, besonders f\u00fcr Menschen, die einsame, raue Landschaften, lange Wanderungen und wilde Berge lieben. Dieses Buch stellt 22 der sch\u00f6nsten Touren in den schottischen Highlands vor: in den Nationalparks Cairngorms und Loch Lomond\/Trossachs und in den Regionen Lochaber und Wester Ross. K\u00fcrzere Wanderungen finden sich dabei ebenso wie Bergbesteigungen, vielseitige Tages- [&#8230;]\n","protected":false},"featured_media":40908,"template":"","meta":[],"product_brand":[],"product_cat":[21605],"product_tag":[],"class_list":{"0":"post-154132","1":"product","2":"type-product","3":"status-publish","4":"has-post-thumbnail","6":"product_cat-wanderfuehrer-trekking","7":"pa_autor-dietrich","8":"pa_erscheinungsjahr-21571","9":"pa_region-grossbritannien-scottland","10":"pa_sprache-d","12":"first","13":"instock","14":"taxable","15":"shipping-taxable","16":"purchasable","17":"product-type-simple"},"_links":{"self":[{"href":"https:\/\/pizbube.ch\/en\/wp-json\/wp\/v2\/product\/154132","targetHints":{"allow":["GET"]}}],"collection":[{"href":"https:\/\/pizbube.ch\/en\/wp-json\/wp\/v2\/product"}],"about":[{"href":"https:\/\/pizbube.ch\/en\/wp-json\/wp\/v2\/types\/product"}],"wp:featuredmedia":[{"embeddable":true,"href":"https:\/\/pizbube.ch\/en\/wp-json\/wp\/v2\/media\/40908"}],"wp:attachment":[{"href":"https:\/\/pizbube.ch\/en\/wp-json\/wp\/v2\/media?parent=154132"}],"wp:term":[{"taxonomy":"product_brand","embeddable":true,"href":"https:\/\/pizbube.ch\/en\/wp-json\/wp\/v2\/product_brand?post=154132"},{"taxonomy":"product_cat","embeddable":true,"href":"https:\/\/pizbube.ch\/en\/wp-json\/wp\/v2\/product_cat?post=154132"},{"taxonomy":"product_tag","embeddable":true,"href":"https:\/\/pizbube.ch\/en\/wp-json\/wp\/v2\/product_tag?post=154132"}],"curies":[{"name":"wp","href":"https:\/\/api.w.org\/{rel}","templated":true}]}}