{"id":154139,"date":"2021-01-15T14:23:26","date_gmt":"2021-01-15T14:23:26","guid":{"rendered":"https:\/\/codengine3.ch\/?product=import-placeholder-for-206181"},"modified":"2023-03-24T17:44:25","modified_gmt":"2023-03-24T16:44:25","slug":"bleau-a-bloc-vol-1-deutsche-version","status":"publish","type":"product","link":"https:\/\/pizbube.ch\/en\/shop\/bleau-a-bloc-vol-1-deutsche-version\/","title":{"rendered":"BLEAU \u00c0 BLOC Vol. 1 (Deutsche Version)"},"content":{"rendered":"<p>Bouldern in Fontainebleau, Band 1<\/p>\n<p>Wer Fontainebleau noch nicht kennt oder diesen magischen Ort gerade erst<br \/>\nentdeckt hat, der wird gleich beim Durchbl\u00e4ttern der ersten Seiten verstehen,<br \/>\nwarum diese Sandsteinbl\u00f6cke die bekanntesten in der Kletterwelt sind. Wer<br \/>\nhingegen bereits zum Bouldern hier war, wird in diesem F\u00fchrer dank der<br \/>\nausf\u00fchrlichen Erkl\u00e4rungen, Zeichnungen und Fotos ein zuverl\u00e4ssiges und<br \/>\neinfaches Mittel finden, um auf einen Blick ganz leicht neue Ziele<br \/>\nauszuw\u00e4hlen.<\/p>\n<p>Bei der Beschreibung der Bl\u00f6cke stehen die Boulderprobleme im Vordergrund und<br \/>\nnicht der Schwierigkeitsgrad, denn Klettern zeichnet sich ja vor allem durch<br \/>\ndie enge Beziehung zwischen Kletterer und Fels aus.<\/p>\n<p>\u00dcber 5000 Boulderpassagen im Bereich von 6a bis 8c, ausf\u00fchrlich beschrieben,<br \/>\nbebildert und in 3 B\u00e4nden und 4 Sprachen pr\u00e4sentiert: Eine derart umfang- und<br \/>\nkenntnisreiche Arbeit ist nur durch die tatkr\u00e4ftige Unterst\u00fctzung von Locals<br \/>\nm\u00f6glich. Mit Jacky Godoffe hat sich sicherlich DER Gebietskenner schlechthin<br \/>\nmit Kompetenz und Leidenschaft dieser Aufgabenstellung gewidmet.<\/p>\n<p>Beschrieben sind:<br \/>\nIsatis Cuvier Cuisini\u00e8re Apremont Salamandre Rocher Canon Rocher d\u2019Avon Gorges<br \/>\ndu Houx Rocher Cassepot Rocher du Calvaire Rocher de Bouligny Rocher Saint<br \/>\nGermain Rocher des Demoiselles Mont Ussy \u2013 Roche Hercule<\/p>\n<p>1. Nachdruck 2014 (1. Auflage 2010)<\/p>","protected":false},"excerpt":{"rendered":"<p>Bouldern in Fontainebleau, Band 1 Wer Fontainebleau noch nicht kennt oder diesen magischen Ort gerade erst entdeckt hat, der wird gleich beim Durchbl\u00e4ttern der ersten Seiten verstehen, warum diese Sandsteinbl\u00f6cke die bekanntesten in der Kletterwelt sind. Wer hingegen bereits zum Bouldern hier war, wird in diesem F\u00fchrer dank der ausf\u00fchrlichen Erkl\u00e4rungen, Zeichnungen und Fotos ein [&#8230;]\n","protected":false},"featured_media":35126,"template":"","meta":[],"product_brand":[],"product_cat":[21539],"product_tag":[],"class_list":{"0":"post-154139","1":"product","2":"type-product","3":"status-publish","4":"has-post-thumbnail","6":"product_cat-fuehrerliteratur-sportklettern-bouldern","7":"pa_autor-godoffe","8":"pa_erscheinungsjahr-21550","9":"pa_region-frankreich","10":"pa_sprache-de","12":"first","13":"outofstock","14":"taxable","15":"shipping-taxable","16":"purchasable","17":"product-type-simple"},"_links":{"self":[{"href":"https:\/\/pizbube.ch\/en\/wp-json\/wp\/v2\/product\/154139","targetHints":{"allow":["GET"]}}],"collection":[{"href":"https:\/\/pizbube.ch\/en\/wp-json\/wp\/v2\/product"}],"about":[{"href":"https:\/\/pizbube.ch\/en\/wp-json\/wp\/v2\/types\/product"}],"wp:featuredmedia":[{"embeddable":true,"href":"https:\/\/pizbube.ch\/en\/wp-json\/wp\/v2\/media\/35126"}],"wp:attachment":[{"href":"https:\/\/pizbube.ch\/en\/wp-json\/wp\/v2\/media?parent=154139"}],"wp:term":[{"taxonomy":"product_brand","embeddable":true,"href":"https:\/\/pizbube.ch\/en\/wp-json\/wp\/v2\/product_brand?post=154139"},{"taxonomy":"product_cat","embeddable":true,"href":"https:\/\/pizbube.ch\/en\/wp-json\/wp\/v2\/product_cat?post=154139"},{"taxonomy":"product_tag","embeddable":true,"href":"https:\/\/pizbube.ch\/en\/wp-json\/wp\/v2\/product_tag?post=154139"}],"curies":[{"name":"wp","href":"https:\/\/api.w.org\/{rel}","templated":true}]}}