{"id":154140,"date":"2021-01-15T14:23:26","date_gmt":"2021-01-15T14:23:26","guid":{"rendered":"https:\/\/codengine3.ch\/?product=import-placeholder-for-206186"},"modified":"2023-03-24T17:43:20","modified_gmt":"2023-03-24T16:43:20","slug":"bleau-a-bloc-vol-1-vers-italiano","status":"publish","type":"product","link":"https:\/\/pizbube.ch\/en\/shop\/bleau-a-bloc-vol-1-vers-italiano\/","title":{"rendered":"BLEAU \u00c0 BLOC Vol. 1  (vers. italiano)"},"content":{"rendered":"<p>Bouldering a Fontainebleau Vol. 1<\/p>\n<p>Se non conoscete ancora Fontainebleau e siete sul punto di scoprire questo<br \/>\nluogo magico, sin dalle prime pagine di questa guida capirete perch\u00e8 i suoi<br \/>\nmassi di arenaria sono i pi\u00f9 famosi nel mondo dell\u2019arrampicata. Se invece<br \/>\nconoscete gi\u00e0 il bosco questa guida vi fornir\u00e0, grazie alle spiegazioni, ai<br \/>\ndisegni e alle foto, un mezzo chiaro ed efficace per scegliere i vostri<br \/>\nprossimi obiettivi con un semplice colpo d\u2019occhio.<br \/>\nOgni blocco \u00e8 descritto pi\u00f9 dalla linea che dal grado perch\u00e8 arrampicare \u00e8<br \/>\nprima di tutto lo stretto rapporto tra il climber e la roccia.<\/p>\n<p>5.000 passaggi dal 6a all&#8217;8c che verranno presentati in un progetto di 3<br \/>\nvolumi in 4 lingue, il pi\u00f9 importante mai realizzato su quest&#8217;area, che solo<br \/>\nun simbolo dell&#8217;arrampicata a fontainebleau come Jacky Godoffe poteva<br \/>\nrealizzare con completezza e precisione.<\/p>\n<p>Isatis Cuvier Cuisini\u00e8re Apremont Salamandre Rocher Canon Rocher d\u2019Avon Gorges<br \/>\ndu Houx Rocher Cassepot Rocher du Calvaire Rocher de Bouligny Rocher Saint<br \/>\nGermain Rocher des Demoiselles Mont Ussy \u2013 Roche Hercule<\/p>","protected":false},"excerpt":{"rendered":"<p>Bouldering a Fontainebleau Vol. 1 Se non conoscete ancora Fontainebleau e siete sul punto di scoprire questo luogo magico, sin dalle prime pagine di questa guida capirete perch\u00e8 i suoi massi di arenaria sono i pi\u00f9 famosi nel mondo dell\u2019arrampicata. Se invece conoscete gi\u00e0 il bosco questa guida vi fornir\u00e0, grazie alle spiegazioni, ai disegni [&#8230;]\n","protected":false},"featured_media":35134,"template":"","meta":[],"product_brand":[],"product_cat":[21539],"product_tag":[],"class_list":{"0":"post-154140","1":"product","2":"type-product","3":"status-publish","4":"has-post-thumbnail","6":"product_cat-fuehrerliteratur-sportklettern-bouldern","7":"pa_autor-godoffe","8":"pa_erscheinungsjahr-21830","9":"pa_region-frankreich","10":"pa_sprache-it","12":"first","13":"outofstock","14":"taxable","15":"shipping-taxable","16":"purchasable","17":"product-type-simple"},"_links":{"self":[{"href":"https:\/\/pizbube.ch\/en\/wp-json\/wp\/v2\/product\/154140","targetHints":{"allow":["GET"]}}],"collection":[{"href":"https:\/\/pizbube.ch\/en\/wp-json\/wp\/v2\/product"}],"about":[{"href":"https:\/\/pizbube.ch\/en\/wp-json\/wp\/v2\/types\/product"}],"wp:featuredmedia":[{"embeddable":true,"href":"https:\/\/pizbube.ch\/en\/wp-json\/wp\/v2\/media\/35134"}],"wp:attachment":[{"href":"https:\/\/pizbube.ch\/en\/wp-json\/wp\/v2\/media?parent=154140"}],"wp:term":[{"taxonomy":"product_brand","embeddable":true,"href":"https:\/\/pizbube.ch\/en\/wp-json\/wp\/v2\/product_brand?post=154140"},{"taxonomy":"product_cat","embeddable":true,"href":"https:\/\/pizbube.ch\/en\/wp-json\/wp\/v2\/product_cat?post=154140"},{"taxonomy":"product_tag","embeddable":true,"href":"https:\/\/pizbube.ch\/en\/wp-json\/wp\/v2\/product_tag?post=154140"}],"curies":[{"name":"wp","href":"https:\/\/api.w.org\/{rel}","templated":true}]}}