{"id":154142,"date":"2021-01-15T14:23:27","date_gmt":"2021-01-15T14:23:27","guid":{"rendered":"https:\/\/codengine3.ch\/?product=import-placeholder-for-203460"},"modified":"2025-04-08T14:14:50","modified_gmt":"2025-04-08T12:14:50","slug":"penisola-sorrentina-costiera-amalfitana-1-50-000-wk-682","status":"publish","type":"product","link":"https:\/\/pizbube.ch\/en\/shop\/penisola-sorrentina-costiera-amalfitana-1-50-000-wk-682\/","title":{"rendered":"Penisola Sorrentina Costiera Amalfitana 1: 50 000 (WK 682)"},"content":{"rendered":"<p>Vesuvio, Pompei, Salerno, Sorrento, WK 682<br \/>\nCostiera Amalfitana &#8211; Vesuvio &#8211; Pompei &#8211; Salerno &#8211; Sorrento. Piante citt\u00e0 1:12<br \/>\n00 \/ 1:15 000 \/ 1:25 000.<br \/>\nBeilage: Kurzf\u00fchrer 64 S. In Plastikh\u00fclle.<\/p>\n<p>Der topographische Inhalt wird bei aller Detailgenauigkeit leicht lesbar und<br \/>\nanschaulich dargestellt. Ein \u00fcbersichtlich gestaltetes Beiheft mit zahlreichen<br \/>\nFarbfotos informiert \u00fcber Orte und Schutzh\u00fctten sowie empfehlenswerte Touren,<br \/>\nSehensw\u00fcrdigkeiten und Freizeiteinrichtungen.<\/p>\n<p>3in1 Wanderkarte &#8211; Englisch \/ Deutsch \/ Italienisch, mit Aktiv Guide, Karten<\/p>","protected":false},"excerpt":{"rendered":"<p>Vesuvio, Pompei, Salerno, Sorrento, WK 682 Costiera Amalfitana &#8211; Vesuvio &#8211; Pompei &#8211; Salerno &#8211; Sorrento. Piante citt\u00e0 1:12 00 \/ 1:15 000 \/ 1:25 000. Beilage: Kurzf\u00fchrer 64 S. In Plastikh\u00fclle. Der topographische Inhalt wird bei aller Detailgenauigkeit leicht lesbar und anschaulich dargestellt. Ein \u00fcbersichtlich gestaltetes Beiheft mit zahlreichen Farbfotos informiert \u00fcber Orte und [&#8230;]\n","protected":false},"featured_media":179210,"template":"","meta":[],"product_brand":[],"product_cat":[21543],"product_tag":[],"class_list":{"0":"post-154142","1":"product","2":"type-product","3":"status-publish","4":"has-post-thumbnail","6":"product_cat-landkarten","7":"pa_autor-kompass","8":"pa_erscheinungsjahr-27129","9":"pa_region-italien","10":"pa_sprache-de-it","12":"first","13":"instock","14":"taxable","15":"shipping-taxable","16":"purchasable","17":"product-type-simple"},"_links":{"self":[{"href":"https:\/\/pizbube.ch\/en\/wp-json\/wp\/v2\/product\/154142","targetHints":{"allow":["GET"]}}],"collection":[{"href":"https:\/\/pizbube.ch\/en\/wp-json\/wp\/v2\/product"}],"about":[{"href":"https:\/\/pizbube.ch\/en\/wp-json\/wp\/v2\/types\/product"}],"wp:featuredmedia":[{"embeddable":true,"href":"https:\/\/pizbube.ch\/en\/wp-json\/wp\/v2\/media\/179210"}],"wp:attachment":[{"href":"https:\/\/pizbube.ch\/en\/wp-json\/wp\/v2\/media?parent=154142"}],"wp:term":[{"taxonomy":"product_brand","embeddable":true,"href":"https:\/\/pizbube.ch\/en\/wp-json\/wp\/v2\/product_brand?post=154142"},{"taxonomy":"product_cat","embeddable":true,"href":"https:\/\/pizbube.ch\/en\/wp-json\/wp\/v2\/product_cat?post=154142"},{"taxonomy":"product_tag","embeddable":true,"href":"https:\/\/pizbube.ch\/en\/wp-json\/wp\/v2\/product_tag?post=154142"}],"curies":[{"name":"wp","href":"https:\/\/api.w.org\/{rel}","templated":true}]}}