{"id":154147,"date":"2021-01-15T14:23:28","date_gmt":"2021-01-15T14:23:28","guid":{"rendered":"https:\/\/codengine3.ch\/?product=import-placeholder-for-207432"},"modified":"2024-08-02T12:00:31","modified_gmt":"2024-08-02T10:00:31","slug":"die-lanzo-taeler","status":"publish","type":"product","link":"https:\/\/pizbube.ch\/en\/shop\/die-lanzo-taeler\/","title":{"rendered":"Die Lanzo-T\u00e4ler"},"content":{"rendered":"<p>Belle-Epoque und Bergriesen im Piemont<\/p>\n<p>Wilde Landschaft, gute K\u00fcche:<br \/>\nDie Lanzo-T\u00e4ler (Val Grande, Val d&#8217;Ala und Valle di Vi\u00f9) in den s\u00fcdlichen<br \/>\nGrajischen Alpen sind eine hochalpin gepr\u00e4gte Alpenregion nordwestlich von<br \/>\nTurin. Hier herrscht in der Gipfelregion eine eindrucksvolle und raue<br \/>\nNaturlandschaft vor: vergletscherte Gipfel um die 3500 Meter H\u00f6he, Karseen,<br \/>\nMor\u00e4nen, Ger\u00f6llfelder und Felsw\u00e4nde aus harten Gesteinen. Unterhalb breiten<br \/>\nsich weite und wasserreiche Alpgebiete aus.<\/p>\n<p>Trotz ihrer N\u00e4he zur Metropole Turin fristen die Lanzo-T\u00e4ler heute ein<br \/>\ntouristisches Schattendasein. Fr\u00fcher dagegen waren diese T\u00e4ler ein beliebter<br \/>\nOrt f\u00fcr die Sommerfrische der Turiner Oberschicht. Von dieser \u00bbgoldenen\u00ab Zeit<br \/>\nzeugen heute noch die zahlreichen Belle-Epoche-Bauten (Hotels, Villen,<br \/>\nBahnh\u00f6fe).<\/p>\n<p>F\u00fcr Wanderer ist diese Alpenregion sehr attraktiv: gut mit der Bahn<br \/>\nerreichbar, aber weit entfernt von Massentourismus; wilde Naturlandschaft mit<br \/>\nartenreicher Flora und Fauna; pittoreske Bergd\u00f6rfer mit traditioneller<br \/>\nArchitektur, hochgelegene Wallfahrtsorte und \u00dcbernachtungsm\u00f6glichkeiten mit<br \/>\nguter regionaler K\u00fcche.<\/p>\n<p>Dieser Wanderf\u00fchrer beschreibt eine 13-t\u00e4gige Wanderung, die alle drei Lanzo-<br \/>\nT\u00e4ler, sowie die angrenzenden T\u00e4ler Tesso und Susa ber\u00fchrt.<\/p>","protected":false},"excerpt":{"rendered":"<p>Belle-Epoque und Bergriesen im Piemont Wilde Landschaft, gute K\u00fcche: Die Lanzo-T\u00e4ler (Val Grande, Val d&#8217;Ala und Valle di Vi\u00f9) in den s\u00fcdlichen Grajischen Alpen sind eine hochalpin gepr\u00e4gte Alpenregion nordwestlich von Turin. Hier herrscht in der Gipfelregion eine eindrucksvolle und raue Naturlandschaft vor: vergletscherte Gipfel um die 3500 Meter H\u00f6he, Karseen, Mor\u00e4nen, Ger\u00f6llfelder und Felsw\u00e4nde [&#8230;]\n","protected":false},"featured_media":174162,"template":"","meta":[],"product_brand":[],"product_cat":[21605],"product_tag":[],"class_list":{"0":"post-154147","1":"product","2":"type-product","3":"status-publish","4":"has-post-thumbnail","6":"product_cat-wanderfuehrer-trekking","7":"pa_autor-baetzing-kleider","8":"pa_erscheinungsjahr-21597","9":"pa_region-italien","10":"pa_sprache-de","12":"first","13":"instock","14":"taxable","15":"shipping-taxable","16":"purchasable","17":"product-type-simple"},"_links":{"self":[{"href":"https:\/\/pizbube.ch\/en\/wp-json\/wp\/v2\/product\/154147","targetHints":{"allow":["GET"]}}],"collection":[{"href":"https:\/\/pizbube.ch\/en\/wp-json\/wp\/v2\/product"}],"about":[{"href":"https:\/\/pizbube.ch\/en\/wp-json\/wp\/v2\/types\/product"}],"wp:featuredmedia":[{"embeddable":true,"href":"https:\/\/pizbube.ch\/en\/wp-json\/wp\/v2\/media\/174162"}],"wp:attachment":[{"href":"https:\/\/pizbube.ch\/en\/wp-json\/wp\/v2\/media?parent=154147"}],"wp:term":[{"taxonomy":"product_brand","embeddable":true,"href":"https:\/\/pizbube.ch\/en\/wp-json\/wp\/v2\/product_brand?post=154147"},{"taxonomy":"product_cat","embeddable":true,"href":"https:\/\/pizbube.ch\/en\/wp-json\/wp\/v2\/product_cat?post=154147"},{"taxonomy":"product_tag","embeddable":true,"href":"https:\/\/pizbube.ch\/en\/wp-json\/wp\/v2\/product_tag?post=154147"}],"curies":[{"name":"wp","href":"https:\/\/api.w.org\/{rel}","templated":true}]}}