{"id":154152,"date":"2021-01-15T14:23:34","date_gmt":"2021-01-15T14:23:34","guid":{"rendered":"https:\/\/codengine3.ch\/?product=import-placeholder-for-205573"},"modified":"2021-01-15T14:42:18","modified_gmt":"2021-01-15T14:42:18","slug":"zero-to-five-degrees-dvd","status":"publish","type":"product","link":"https:\/\/pizbube.ch\/en\/shop\/zero-to-five-degrees-dvd\/","title":{"rendered":"Zero to Five degrees DVD"},"content":{"rendered":"<p>Die beste erste Informationsquelle vor einer Boulderreise nach Neuseeland! In<br \/>\nZusammenarbeit mit S\u00fcdinsel und Castle Hill F\u00fchrerautor Ivan Vostinar<br \/>\ngeschaffen, sagt Dir die interaktive Zero to Five degrees DVD alles, was Du<br \/>\n\u00fcber das beste Bouldern unseres Planeten wissen musst!  <\/p>\n<p>This should be your first DVD before visiting Castle Hill, NZ!<br \/>\nThe original approach to a climbing DVD is the first of a series of Visual<br \/>\nguides showcasing the top bouldering destinations around the world. Unlike<br \/>\nconventional climbing videos, this DVD guides you around each bouldering<br \/>\ndestination with an informative interactive feature that allows you to find<br \/>\nout more about the bouldering area. By pressing &#8218;enter&#8216; on your DVD player at<br \/>\nspecific times during the Interactive Feature, you will be transported to a<br \/>\ncompletely different section that provides you with even more information<br \/>\nabout the particular problem. Select other features such as, Visual Beta<br \/>\nGuides; Maps; and Interviews to access a wealth of knowledge about Castle<br \/>\nHill.  <\/p>","protected":false},"excerpt":{"rendered":"<p>Die beste erste Informationsquelle vor einer Boulderreise nach Neuseeland! In Zusammenarbeit mit S\u00fcdinsel und Castle Hill F\u00fchrerautor Ivan Vostinar geschaffen, sagt Dir die interaktive Zero to Five degrees DVD alles, was Du \u00fcber das beste Bouldern unseres Planeten wissen musst! This should be your first DVD before visiting Castle Hill, NZ! The original approach to [&#8230;]\n","protected":false},"featured_media":34332,"template":"","meta":[],"product_brand":[],"product_cat":[21628],"product_tag":[],"class_list":{"0":"post-154152","1":"product","2":"type-product","3":"status-publish","4":"has-post-thumbnail","6":"product_cat-video-dvd-multimedia","7":"pa_autor-castillo","8":"pa_erscheinungsjahr-21591","9":"pa_region-neuseeland","10":"pa_sprache-en","12":"first","13":"instock","14":"taxable","15":"shipping-taxable","16":"purchasable","17":"product-type-simple"},"_links":{"self":[{"href":"https:\/\/pizbube.ch\/en\/wp-json\/wp\/v2\/product\/154152","targetHints":{"allow":["GET"]}}],"collection":[{"href":"https:\/\/pizbube.ch\/en\/wp-json\/wp\/v2\/product"}],"about":[{"href":"https:\/\/pizbube.ch\/en\/wp-json\/wp\/v2\/types\/product"}],"wp:featuredmedia":[{"embeddable":true,"href":"https:\/\/pizbube.ch\/en\/wp-json\/wp\/v2\/media\/34332"}],"wp:attachment":[{"href":"https:\/\/pizbube.ch\/en\/wp-json\/wp\/v2\/media?parent=154152"}],"wp:term":[{"taxonomy":"product_brand","embeddable":true,"href":"https:\/\/pizbube.ch\/en\/wp-json\/wp\/v2\/product_brand?post=154152"},{"taxonomy":"product_cat","embeddable":true,"href":"https:\/\/pizbube.ch\/en\/wp-json\/wp\/v2\/product_cat?post=154152"},{"taxonomy":"product_tag","embeddable":true,"href":"https:\/\/pizbube.ch\/en\/wp-json\/wp\/v2\/product_tag?post=154152"}],"curies":[{"name":"wp","href":"https:\/\/api.w.org\/{rel}","templated":true}]}}