{"id":154153,"date":"2021-01-15T14:23:35","date_gmt":"2021-01-15T14:23:35","guid":{"rendered":"https:\/\/codengine3.ch\/?product=import-placeholder-for-204312"},"modified":"2021-01-15T14:31:55","modified_gmt":"2021-01-15T14:31:55","slug":"le-falesie-dellagordino","status":"publish","type":"product","link":"https:\/\/pizbube.ch\/en\/shop\/le-falesie-dellagordino\/","title":{"rendered":"LE FALESIE DELL&#8217;AGORDINO"},"content":{"rendered":"<p>470 vie di Free-climbing nelle Dolomiti;<br \/>\nLa Guida che Vi presentiamo descrive 12 luoghi di arrampicata della vallata<br \/>\nAgordina, attrezzati grazie al lavoro volontario svolto da alcune associazioni<br \/>\nsportive della zona, come &#8218;La Rivolta&#8216; e il &#8218;G.A.M.&#8216; e da alcuni singoli.<br \/>\nQuesta Guida \u00e8 fatta per informare, per mettere un punto fermo in una piccola<br \/>\nrealt\u00e0 come l&#8217;arrampicata sportiva nell&#8217;Agordino, per dare la possibilit\u00e0, a<br \/>\nchi da anni svolge l&#8217;importante compito di attrezzare e assicurare queste<br \/>\nsplendide palestre naturali, di continuare a farlo, perch\u00e9 crediamo sia<br \/>\nimportante dare un contributo ed un incoraggiamento a chi da anni svolge<br \/>\nquesto lavoro all&#8217;insegna dello scambio pacifico e solidale che dovrebbe<br \/>\nesistere tra gli arrampicatori. Le 12 falesie presentate su questa Guida sono:<br \/>\n01 C\u00e0leda (La Valle) 02 P\u00e8ra (La Valle) 03 Laghetti (Voltago) 04 Far\u00e8nzena<br \/>\n(Agordo) 05 Framont (Agordo) 06 Forte (Taibon) 07 Corpassa (Taibon) 08 Bosco<br \/>\nVerde (Rocca Pietore) 09 Mesaroz (Cencenighe) 10 Gar\u00e9s (Canale) 11 Laste<br \/>\n(Rocca Pietore) 12 Malga Ciap\u00e8la (Rocca Pietore)<\/p>","protected":false},"excerpt":{"rendered":"<p>470 vie di Free-climbing nelle Dolomiti; La Guida che Vi presentiamo descrive 12 luoghi di arrampicata della vallata Agordina, attrezzati grazie al lavoro volontario svolto da alcune associazioni sportive della zona, come &#8218;La Rivolta&#8216; e il &#8218;G.A.M.&#8216; e da alcuni singoli. Questa Guida \u00e8 fatta per informare, per mettere un punto fermo in una piccola [&#8230;]\n","protected":false},"featured_media":32143,"template":"","meta":[],"product_brand":[],"product_cat":[21539],"product_tag":[],"class_list":{"0":"post-154153","1":"product","2":"type-product","3":"status-publish","4":"has-post-thumbnail","6":"product_cat-fuehrerliteratur-sportklettern-bouldern","7":"pa_autor-larivolta","8":"pa_erscheinungsjahr-21776","9":"pa_region-italien","10":"pa_sprache-e","11":"pa_sprache-i","13":"first","14":"instock","15":"taxable","16":"shipping-taxable","17":"purchasable","18":"product-type-simple"},"_links":{"self":[{"href":"https:\/\/pizbube.ch\/en\/wp-json\/wp\/v2\/product\/154153","targetHints":{"allow":["GET"]}}],"collection":[{"href":"https:\/\/pizbube.ch\/en\/wp-json\/wp\/v2\/product"}],"about":[{"href":"https:\/\/pizbube.ch\/en\/wp-json\/wp\/v2\/types\/product"}],"wp:featuredmedia":[{"embeddable":true,"href":"https:\/\/pizbube.ch\/en\/wp-json\/wp\/v2\/media\/32143"}],"wp:attachment":[{"href":"https:\/\/pizbube.ch\/en\/wp-json\/wp\/v2\/media?parent=154153"}],"wp:term":[{"taxonomy":"product_brand","embeddable":true,"href":"https:\/\/pizbube.ch\/en\/wp-json\/wp\/v2\/product_brand?post=154153"},{"taxonomy":"product_cat","embeddable":true,"href":"https:\/\/pizbube.ch\/en\/wp-json\/wp\/v2\/product_cat?post=154153"},{"taxonomy":"product_tag","embeddable":true,"href":"https:\/\/pizbube.ch\/en\/wp-json\/wp\/v2\/product_tag?post=154153"}],"curies":[{"name":"wp","href":"https:\/\/api.w.org\/{rel}","templated":true}]}}