{"id":154154,"date":"2021-01-15T14:23:35","date_gmt":"2021-01-15T14:23:35","guid":{"rendered":"https:\/\/codengine3.ch\/?product=import-placeholder-for-206980"},"modified":"2021-01-15T14:53:57","modified_gmt":"2021-01-15T14:53:57","slug":"neiges-eternelles","status":"publish","type":"product","link":"https:\/\/pizbube.ch\/en\/shop\/neiges-eternelles\/","title":{"rendered":"Neiges \u00e9ternelles"},"content":{"rendered":"<p>Les souvenirs d&#8217;une c\u00e9l\u00e8bre lign\u00e9e de champions de ski et de guides de<br \/>\nmontagne  <\/p>\n<p>Trois g\u00e9n\u00e9rations d\u2019une famille, quatre destins de guides ou champions de ski,<br \/>\nmus depuis un si\u00e8cle par une m\u00eame passion inalt\u00e9rable pour le ski et<br \/>\nl\u2019alpinisme.  <\/p>\n<p>Anselme Baud, le l\u00e9gendaire pionnier du ski extr\u00eame, nous conte les souvenirs<br \/>\nd\u2019une vie intense pass\u00e9e au c\u0153ur des montagnes, depuis son enfance dans les<br \/>\npas de son p\u00e8re Jacques Baud, le premier guide-professeur de ski de Morzine, \u00e0<br \/>\nsa brillante carri\u00e8re de guide de montagne.  <\/p>\n<p>James Couttet, le grand champion de ski.A l\u2019appui d\u2019archives in\u00e9dites, il<br \/>\nt\u00e9moigne de James Couttet, son beau-p\u00e8re, le grand champion de ski, \u00e0<br \/>\nl\u2019\u00e9l\u00e9gance exemplaire, sur la neige comme dans la vie\u2026 Et rend un hommage fort<br \/>\n\u00e0 Edouard, son fils, jeune skieur plein de talent, trop t\u00f4t disparu,<br \/>\ntragiquement happ\u00e9 par un s\u00e9rac\u2026  <\/p>\n<p>Premi\u00e8re descente du couloir Couturier \u00e0 l&#8217;Aiguille Verte en juillet 1973. Au<br \/>\nfil de ces pages abondamment illustr\u00e9es, Anselme Baud nous dit avec justesse<br \/>\nles bonheurs et les drames d\u2019une vie de guide de montagne et partage nombre<br \/>\nd\u2019enseignements tir\u00e9s de sa longue exp\u00e9rience.  <\/p>","protected":false},"excerpt":{"rendered":"<p>Les souvenirs d&#8217;une c\u00e9l\u00e8bre lign\u00e9e de champions de ski et de guides de montagne Trois g\u00e9n\u00e9rations d\u2019une famille, quatre destins de guides ou champions de ski, mus depuis un si\u00e8cle par une m\u00eame passion inalt\u00e9rable pour le ski et l\u2019alpinisme. Anselme Baud, le l\u00e9gendaire pionnier du ski extr\u00eame, nous conte les souvenirs d\u2019une vie intense [&#8230;]\n","protected":false},"featured_media":36545,"template":"","meta":[],"product_brand":[],"product_cat":[21542],"product_tag":[],"class_list":{"0":"post-154154","1":"product","2":"type-product","3":"status-publish","4":"has-post-thumbnail","6":"product_cat-sachbuecher-dokumentationen","7":"pa_autor-baud","8":"pa_erscheinungsjahr-21610","9":"pa_region-frankreich","10":"pa_sprache-fr","12":"first","13":"instock","14":"taxable","15":"shipping-taxable","16":"purchasable","17":"product-type-simple"},"_links":{"self":[{"href":"https:\/\/pizbube.ch\/en\/wp-json\/wp\/v2\/product\/154154","targetHints":{"allow":["GET"]}}],"collection":[{"href":"https:\/\/pizbube.ch\/en\/wp-json\/wp\/v2\/product"}],"about":[{"href":"https:\/\/pizbube.ch\/en\/wp-json\/wp\/v2\/types\/product"}],"wp:featuredmedia":[{"embeddable":true,"href":"https:\/\/pizbube.ch\/en\/wp-json\/wp\/v2\/media\/36545"}],"wp:attachment":[{"href":"https:\/\/pizbube.ch\/en\/wp-json\/wp\/v2\/media?parent=154154"}],"wp:term":[{"taxonomy":"product_brand","embeddable":true,"href":"https:\/\/pizbube.ch\/en\/wp-json\/wp\/v2\/product_brand?post=154154"},{"taxonomy":"product_cat","embeddable":true,"href":"https:\/\/pizbube.ch\/en\/wp-json\/wp\/v2\/product_cat?post=154154"},{"taxonomy":"product_tag","embeddable":true,"href":"https:\/\/pizbube.ch\/en\/wp-json\/wp\/v2\/product_tag?post=154154"}],"curies":[{"name":"wp","href":"https:\/\/api.w.org\/{rel}","templated":true}]}}