{"id":154162,"date":"2021-01-15T14:23:45","date_gmt":"2021-01-15T14:23:45","guid":{"rendered":"https:\/\/codengine3.ch\/?product=import-placeholder-for-207688"},"modified":"2026-04-10T12:56:46","modified_gmt":"2026-04-10T10:56:46","slug":"freeride-verbier","status":"publish","type":"product","link":"https:\/\/pizbube.ch\/en\/shop\/freeride-verbier\/","title":{"rendered":"Freeride Verbier"},"content":{"rendered":"<p>Gilbert Crettaz, guide de Verbier, publie un ouvrage recensant 87 itin\u00e9raires<br \/>\nhors-piste et h\u00e9liski.<\/p>\n<p>Local mountain guide Gilbert Crettaz has written an english \/ french language<br \/>\nguide to Verbier.<\/p>\n<p>&nbsp;<\/p>\n<p>&#171;Freeride Verbier&#187;, un gros pav\u00e9 de 300 pages, richement illustr\u00e9, recensant<br \/>\nau virolet pr\u00e8s 87 itin\u00e9raires freeride de la r\u00e9gion, \u00e0 moins d&#8217;une heure de<br \/>\nmarche des remont\u00e9es m\u00e9caniques de Verbier, Bruson, Savoleyres ou Nendaz. 16<br \/>\nsecteurs au total \u00e9pluch\u00e9s soigneusement par ce professionnel exp\u00e9riment\u00e9,<br \/>\ndirecteur du bureau Adr\u00e9naline \u00e0 Verbier. Il y a ajout\u00e9 les principaux spots<br \/>\nde d\u00e9pose d&#8217;h\u00e9liski, notamment du c\u00f4t\u00e9 du glacier du Trient et du Pigne<br \/>\nd&#8217;Arolla.<\/p>\n<p>L&#8217;objectif du guide, donner un cadre \u00e0 une activit\u00e9 d\u00e9j\u00e0 largement r\u00e9pandue,<br \/>\nen pleine expansion et pratiqu\u00e9e parfois en dehors des r\u00e8gles de l&#8217;art. Le<br \/>\nlivre offre d&#8217;ailleurs une large part aux messages de pr\u00e9vention et de<br \/>\nprudence.<\/p>","protected":false},"excerpt":{"rendered":"<p>Gilbert Crettaz, guide de Verbier, publie un ouvrage recensant 87 itin\u00e9raires hors-piste et h\u00e9liski. Local mountain guide Gilbert Crettaz has written an english \/ french language guide to Verbier. &nbsp; &#171;Freeride Verbier&#187;, un gros pav\u00e9 de 300 pages, richement illustr\u00e9, recensant au virolet pr\u00e8s 87 itin\u00e9raires freeride de la r\u00e9gion, \u00e0 moins d&#8217;une heure de [&#8230;]\n","protected":false},"featured_media":164246,"template":"","meta":[],"product_brand":[],"product_cat":[21540],"product_tag":[],"class_list":{"0":"post-154162","1":"product","2":"type-product","3":"status-publish","4":"has-post-thumbnail","6":"product_cat-fuehrerliteratur-alpin-winter","7":"pa_autor-crettaz","8":"pa_erscheinungsjahr-21568","9":"pa_region-schweiz","10":"pa_sprache-fr-en","12":"first","13":"instock","14":"taxable","15":"shipping-taxable","16":"purchasable","17":"product-type-simple"},"_links":{"self":[{"href":"https:\/\/pizbube.ch\/en\/wp-json\/wp\/v2\/product\/154162","targetHints":{"allow":["GET"]}}],"collection":[{"href":"https:\/\/pizbube.ch\/en\/wp-json\/wp\/v2\/product"}],"about":[{"href":"https:\/\/pizbube.ch\/en\/wp-json\/wp\/v2\/types\/product"}],"wp:featuredmedia":[{"embeddable":true,"href":"https:\/\/pizbube.ch\/en\/wp-json\/wp\/v2\/media\/164246"}],"wp:attachment":[{"href":"https:\/\/pizbube.ch\/en\/wp-json\/wp\/v2\/media?parent=154162"}],"wp:term":[{"taxonomy":"product_brand","embeddable":true,"href":"https:\/\/pizbube.ch\/en\/wp-json\/wp\/v2\/product_brand?post=154162"},{"taxonomy":"product_cat","embeddable":true,"href":"https:\/\/pizbube.ch\/en\/wp-json\/wp\/v2\/product_cat?post=154162"},{"taxonomy":"product_tag","embeddable":true,"href":"https:\/\/pizbube.ch\/en\/wp-json\/wp\/v2\/product_tag?post=154162"}],"curies":[{"name":"wp","href":"https:\/\/api.w.org\/{rel}","templated":true}]}}