{"id":154165,"date":"2021-01-15T14:23:51","date_gmt":"2021-01-15T14:23:51","guid":{"rendered":"https:\/\/codengine3.ch\/?product=import-placeholder-for-204770"},"modified":"2023-10-04T17:00:36","modified_gmt":"2023-10-04T15:00:36","slug":"oben-ist-besser-als-unten","status":"publish","type":"product","link":"https:\/\/pizbube.ch\/en\/shop\/oben-ist-besser-als-unten\/","title":{"rendered":"Oben ist besser als Unten"},"content":{"rendered":"<p>Eine literarische Expedition in die Alpen<\/p>\n<p>Oben ist besser als unten funktioniert wie ein Dominospiel: Einmal angesto\u00dfen,<br \/>\nf\u00fchrt eins zum anderen. Jedes Buch f\u00fchrt an einen anderen Ort, zu einem<br \/>\nweiteren Berg, wo Andreas Lesti wieder neue B\u00fccher unterkommen \u2026 Auf eine sehr<br \/>\naufgeschlossene, also in keiner Weise esoterische Art sucht Andreas Lesti in<br \/>\neiner rationalen Welt nach dem Irrationalen.<\/p>\n<p>Es begann in einer Almh\u00fctte im Lechtal. Dort, wo einer der letzten Wildfl\u00fcsse<br \/>\nEuropas flie\u00dft und es ein bisschen aussieht wie in Alaska, verbrachte Andreas<br \/>\nLesti einen Sommer. Hier nimmt seine Geschichte der Alpen ihren Anfang, die er<br \/>\nentlang von B\u00fcchern erz\u00e4hlt, deren Lekt\u00fcre ihm den Weg weist. Aber Lesti<br \/>\nberichtet nicht nur von den Abenteuern der anderen, er ist selbst ein<br \/>\nAbenteurer. Er sucht die gro\u00dfen Schaupl\u00e4tze der Alpen auf, das Matterhorn, den<br \/>\nMontblanc, die Zugspitze, er ergr\u00fcndet die Urspr\u00fcnge des Alpinismus und wie<br \/>\ndie ehrgeizigen Engl\u00e4nder mit Schweizer Bergf\u00fchrern zahlreiche Gipfel<br \/>\n&#171;entjungferten&#187;. Er entschl\u00fcsselt f\u00fcr uns den &#171;Mythos Berg&#187;. Denn seit dem<br \/>\nZauberberg wissen wir: Wer oben war, kann unten nicht mehr leben. Wir lernen<br \/>\nnicht nur die Klassiker kennen, sondern auch das Abseitige und Humoristische,<br \/>\ndas die Berge bereithalten. Es gibt einen Haufen B\u00fccher \u00fcber die Alpen, aber<br \/>\nso eines gibt es nicht: wo sich Rousseau, der Bergf\u00fchrer Alois und Christian<br \/>\nKracht, Goethe, James Bond, Mark Twain und Sherlock Holmes \u00fcber den Weg<br \/>\nlaufen.<\/p>","protected":false},"excerpt":{"rendered":"<p>Eine literarische Expedition in die Alpen Oben ist besser als unten funktioniert wie ein Dominospiel: Einmal angesto\u00dfen, f\u00fchrt eins zum anderen. Jedes Buch f\u00fchrt an einen anderen Ort, zu einem weiteren Berg, wo Andreas Lesti wieder neue B\u00fccher unterkommen \u2026 Auf eine sehr aufgeschlossene, also in keiner Weise esoterische Art sucht Andreas Lesti in einer [&#8230;]\n","protected":false},"featured_media":33224,"template":"","meta":[],"product_brand":[],"product_cat":[21629],"product_tag":[],"class_list":{"0":"post-154165","1":"product","2":"type-product","3":"status-publish","4":"has-post-thumbnail","6":"product_cat-belletristik","7":"pa_autor-lesti","8":"pa_erscheinungsjahr-21568","9":"pa_region-deutschland","10":"pa_sprache-de","12":"first","13":"instock","14":"taxable","15":"shipping-taxable","16":"purchasable","17":"product-type-simple"},"_links":{"self":[{"href":"https:\/\/pizbube.ch\/en\/wp-json\/wp\/v2\/product\/154165","targetHints":{"allow":["GET"]}}],"collection":[{"href":"https:\/\/pizbube.ch\/en\/wp-json\/wp\/v2\/product"}],"about":[{"href":"https:\/\/pizbube.ch\/en\/wp-json\/wp\/v2\/types\/product"}],"wp:featuredmedia":[{"embeddable":true,"href":"https:\/\/pizbube.ch\/en\/wp-json\/wp\/v2\/media\/33224"}],"wp:attachment":[{"href":"https:\/\/pizbube.ch\/en\/wp-json\/wp\/v2\/media?parent=154165"}],"wp:term":[{"taxonomy":"product_brand","embeddable":true,"href":"https:\/\/pizbube.ch\/en\/wp-json\/wp\/v2\/product_brand?post=154165"},{"taxonomy":"product_cat","embeddable":true,"href":"https:\/\/pizbube.ch\/en\/wp-json\/wp\/v2\/product_cat?post=154165"},{"taxonomy":"product_tag","embeddable":true,"href":"https:\/\/pizbube.ch\/en\/wp-json\/wp\/v2\/product_tag?post=154165"}],"curies":[{"name":"wp","href":"https:\/\/api.w.org\/{rel}","templated":true}]}}