{"id":154167,"date":"2021-01-15T14:23:52","date_gmt":"2021-01-15T14:23:52","guid":{"rendered":"https:\/\/codengine3.ch\/?product=import-placeholder-for-206641"},"modified":"2023-08-02T11:44:30","modified_gmt":"2023-08-02T09:44:30","slug":"das-hochtal-fondei-zur-geschichte-einer-walsersiedlung","status":"publish","type":"product","link":"https:\/\/pizbube.ch\/en\/shop\/das-hochtal-fondei-zur-geschichte-einer-walsersiedlung\/","title":{"rendered":"Das Hochtal Fondei &#8211; Zur Geschichte einer Walsersiedlung"},"content":{"rendered":"<p>Das Fondei, ein sanftes Hochtal zwischen Schanfigg und Pr\u00e4ttigau in<br \/>\nGraub\u00fcnden, ist bis heute vor Rummel und Verschandelung bewahrt geblieben.<\/p>\n<p>Der Autor erz\u00e4hlt mit viel Detailkenntnis von der Besiedlung des Fondeis durch<br \/>\ndie Walser,<br \/>\nvon der Schaffung des Kulturlandes, von den alten Verbindungswegen und von den<br \/>\nVor- und Nachteilen der Erhaltungszonen im Fondei.<\/p>\n<p>Kaum ein Hochtal in den Alpen weist eine so gut erhaltene, typisch walserische<br \/>\nKulturlandschaft auf wie das Fondei im hinteren Schanfigg. Bis ins 20.<br \/>\nJahrhundert war das Fondei ganzj\u00e4hrig bewohnt, doch auch hier f\u00fchrten die<br \/>\ngrossen Ver\u00e4nderungen des letzten Jahrhunderts zur Abwanderung ins Tal.<\/p>\n<p>Hans Mettier-Heinrich fasst zusammen, was \u00fcber sein Heimattal und seine<br \/>\nBewohner bekannt ist. Mit Geschichtlichem, aber auch mit pers\u00f6nlichen<br \/>\nErinnerungen und angereichert mit vielen Bildern aus Familienarchiven,<br \/>\nvermittelt das Buch die Entwicklung des Tals und die Erinnerung an eine<br \/>\nVergangenheit, die sich zu entdecken lohnt.<\/p>\n<p>3. \u00fcberarbeitete Neuauflage 2020,<br \/>\n105 Seiten, viele Abbildungen<\/p>","protected":false},"excerpt":{"rendered":"<p>Das Fondei, ein sanftes Hochtal zwischen Schanfigg und Pr\u00e4ttigau in Graub\u00fcnden, ist bis heute vor Rummel und Verschandelung bewahrt geblieben. Der Autor erz\u00e4hlt mit viel Detailkenntnis von der Besiedlung des Fondeis durch die Walser, von der Schaffung des Kulturlandes, von den alten Verbindungswegen und von den Vor- und Nachteilen der Erhaltungszonen im Fondei. Kaum ein [&#8230;]\n","protected":false},"featured_media":166102,"template":"","meta":[],"product_brand":[],"product_cat":[21580],"product_tag":[],"class_list":{"0":"post-154167","1":"product","2":"type-product","3":"status-publish","4":"has-post-thumbnail","6":"product_cat-kunst-kultur","7":"pa_autor-mettier-heinrich","8":"pa_erscheinungsjahr-21558","9":"pa_region-schweiz","10":"pa_sprache-de","12":"first","13":"onbackorder","14":"taxable","15":"shipping-taxable","16":"purchasable","17":"product-type-simple"},"_links":{"self":[{"href":"https:\/\/pizbube.ch\/en\/wp-json\/wp\/v2\/product\/154167","targetHints":{"allow":["GET"]}}],"collection":[{"href":"https:\/\/pizbube.ch\/en\/wp-json\/wp\/v2\/product"}],"about":[{"href":"https:\/\/pizbube.ch\/en\/wp-json\/wp\/v2\/types\/product"}],"wp:featuredmedia":[{"embeddable":true,"href":"https:\/\/pizbube.ch\/en\/wp-json\/wp\/v2\/media\/166102"}],"wp:attachment":[{"href":"https:\/\/pizbube.ch\/en\/wp-json\/wp\/v2\/media?parent=154167"}],"wp:term":[{"taxonomy":"product_brand","embeddable":true,"href":"https:\/\/pizbube.ch\/en\/wp-json\/wp\/v2\/product_brand?post=154167"},{"taxonomy":"product_cat","embeddable":true,"href":"https:\/\/pizbube.ch\/en\/wp-json\/wp\/v2\/product_cat?post=154167"},{"taxonomy":"product_tag","embeddable":true,"href":"https:\/\/pizbube.ch\/en\/wp-json\/wp\/v2\/product_tag?post=154167"}],"curies":[{"name":"wp","href":"https:\/\/api.w.org\/{rel}","templated":true}]}}